{"id":3326,"date":"2023-07-14T07:08:08","date_gmt":"2023-07-14T05:08:08","guid":{"rendered":"https:\/\/www.turmares.com\/rechtlicher-hinweis\/"},"modified":"2025-03-07T07:30:11","modified_gmt":"2025-03-07T06:30:11","slug":"rechtlicher-hinweis","status":"publish","type":"page","link":"https:\/\/www.turmares.com\/de\/rechtlicher-hinweis\/","title":{"rendered":"Rechtlicher Hinweis"},"content":{"rendered":"<p>In \u00dcbereinstimmung mit Artikel 10 des Gesetzes 34\/2002 vom 11. Juli \u00fcber die Dienste der Informationsgesellschaft und den elektronischen Handel (LSSICE) werden die Angaben zur Identifizierung des Unternehmens im Folgenden aufgef\u00fchrt:<\/p>\n<section>\n<p><strong>TURMARES TARIFA<\/strong><br\/><strong>Firmenname<\/strong>: TURMARES TARIFA S.L.<br\/><strong>Spanische Steuer-Identifikationsnummer:<\/strong> B11482049<br\/><strong>Adresse:<\/strong> C\/ Alcalde Juan N\u00fa\u00f1ez, N\u00ba 3, Local 12 (Tarifa, C\u00e1diz)<br\/><strong>Telefon:<\/strong> <a href=\"tel:+34956680741\">956 680 741<\/a> \/ <a href=\"tel:+34696448347\">696 448 347<\/a><\/p>\n<p><strong>E-Mail:<\/strong> <a href=\"mailto:turmares@turmares.com\">turmares@turmares.com<\/a><\/p>\n<\/section>\n<p>Dieser rechtliche Hinweis (im Folgenden der &#8222;rechtliche Hinweis&#8220;) regelt die Nutzung der Website: <a href=\"https:\/\/www.turmares.com\/de\/\" target=\"_blank\" rel=\"noopener noreferrer\">WWW.TURMARES.COM<\/a><\/p><p><strong>LEGISLATION.<\/strong><br\/>Im Allgemeinen unterliegen die Beziehungen zwischen TURMARES TARIFA S.L. und den Nutzern seiner Telematikdienste auf dieser Website der spanischen Gesetzgebung und Rechtsprechung.<\/p><p><strong>NUTZUNG UND BENUTZERZUGRIFF.<\/strong><br\/>Der Benutzer ist dar\u00fcber informiert und akzeptiert, dass der Zugriff auf diese Website in keiner Weise den Beginn einer Gesch\u00e4ftsbeziehung mit TURMARES TARIFA S.L. TURMARES TARIFA oder einer ihrer Delegationen bedeutet.<\/p><p><strong>GEISTIGES UND GEWERBLICHES EIGENTUM.<\/strong><br\/>Die geistigen Eigentumsrechte an den Inhalten der Webseiten, ihrer grafischen Gestaltung und den Codes sind Eigentum von TURMARES TARIFA S.L.<br\/>TURMARES TARIFA und daher ist die Vervielf\u00e4ltigung, Verbreitung, \u00f6ffentliche Bekanntgabe, Umwandlung oder jede andere Aktivit\u00e4t, die mit dem Inhalt der Webseiten durchgef\u00fchrt werden kann, verboten, auch nicht die Angabe der Quellen, au\u00dfer mit der schriftlichen Zustimmung von TURMARES TARIFA S.L. TURMARES TARIFA.<\/p><p><strong>WEB-INHALT UND LINKS<\/strong><br\/>TURMARES TARIFA S.L. TURMARES TARIFA beh\u00e4lt sich das Recht vor, die auf seinen Webseiten enthaltenen Informationen zu aktualisieren, zu \u00e4ndern oder zu l\u00f6schen und kann sogar den Zugang zu diesen Informationen f\u00fcr bestimmte Benutzer beschr\u00e4nken oder verweigern. TURMARES TARIFA S.L. TURMARES \u00fcbernimmt keine Verantwortung f\u00fcr die Informationen, die in den Webseiten Dritter enthalten sind, auf die \u00fcber Links von einer Webseite von TURMARES TARIFA S.L. TURMARES TARIFA zugegriffen werden kann. Das Vorhandensein von Links auf den Webseiten von TURMARES TARIFA S.L. TURMARES dient nur zu Informationszwecken und stellt in keinem Fall eine Anregung, Aufforderung oder Empfehlung zu diesen Webseiten dar.<\/p><h1 class=\"has-text-align-center wp-block-heading\">{post_title}<\/h1>","protected":false},"excerpt":{"rendered":"<p>In \u00dcbereinstimmung mit Artikel 10 des Gesetzes 34\/2002 vom 11. Juli \u00fcber die Dienste der Informationsgesellschaft und den elektronischen Handel (LSSICE) werden die Angaben zur Identifizierung des Unternehmens im Folgenden aufgef\u00fchrt: TURMARES TARIFAFirmenname: TURMARES TARIFA S.L.Spanische Steuer-Identifikationsnummer: B11482049Adresse: C\/ Alcalde Juan N\u00fa\u00f1ez, N\u00ba 3, Local 12 (Tarifa, C\u00e1diz)Telefon: 956 680 741 \/ 696 448 347 [&hellip;]<\/p>\n","protected":false},"author":2,"featured_media":0,"parent":0,"menu_order":0,"comment_status":"closed","ping_status":"closed","template":"","meta":{"_acf_changed":false,"_joinchat":[],"footnotes":""},"class_list":["post-3326","page","type-page","status-publish","hentry"],"acf":[],"_links":{"self":[{"href":"https:\/\/www.turmares.com\/de\/wp-json\/wp\/v2\/pages\/3326","targetHints":{"allow":["GET"]}}],"collection":[{"href":"https:\/\/www.turmares.com\/de\/wp-json\/wp\/v2\/pages"}],"about":[{"href":"https:\/\/www.turmares.com\/de\/wp-json\/wp\/v2\/types\/page"}],"author":[{"embeddable":true,"href":"https:\/\/www.turmares.com\/de\/wp-json\/wp\/v2\/users\/2"}],"replies":[{"embeddable":true,"href":"https:\/\/www.turmares.com\/de\/wp-json\/wp\/v2\/comments?post=3326"}],"version-history":[{"count":19,"href":"https:\/\/www.turmares.com\/de\/wp-json\/wp\/v2\/pages\/3326\/revisions"}],"predecessor-version":[{"id":5078,"href":"https:\/\/www.turmares.com\/de\/wp-json\/wp\/v2\/pages\/3326\/revisions\/5078"}],"wp:attachment":[{"href":"https:\/\/www.turmares.com\/de\/wp-json\/wp\/v2\/media?parent=3326"}],"curies":[{"name":"wp","href":"https:\/\/api.w.org\/{rel}","templated":true}]}}