{"id":3330,"date":"2022-11-03T10:32:13","date_gmt":"2022-11-03T09:32:13","guid":{"rendered":"https:\/\/www.turmares.com\/nutzungsbedingungen-und-datenschutzrichtlinie\/"},"modified":"2025-02-27T08:49:47","modified_gmt":"2025-02-27T07:49:47","slug":"nutzungsbedingungen-und-datenschutzrichtlinie","status":"publish","type":"page","link":"https:\/\/www.turmares.com\/de\/nutzungsbedingungen-und-datenschutzrichtlinie\/","title":{"rendered":"Nutzungsbedingungen und Datenschutzerkl\u00e4rung"},"content":{"rendered":"<p>Die Inanspruchnahme von Dienstleistungen oder der Kauf von Produkten bei TURMARES TARIFA S.L. setzt die Annahme der folgenden Allgemeinen Gesch\u00e4ftsbedingungen voraus:<\/p>\n<h4><strong>ANNAHME UND VERF\u00dcGBARKEIT DER ALLGEMEINEN GESCH\u00c4FTSBEDINGUNGEN<\/strong><\/h4>\n<p>Mit der Annahme dieses Vertrages erkl\u00e4ren Sie:<br \/>\n\u2022 Dass Sie vollj\u00e4hrig und rechtsf\u00e4hig sind.<br \/>\n\u2022 Dass Sie die vorliegenden Allgemeinen Gesch\u00e4ftsbedingungen gelesen haben und akzeptieren.<\/p>\n<p>Die vorliegenden Allgemeinen Gesch\u00e4ftsbedingungen (im Folgenden \u201eAGB\u201c) regeln das Rechtsverh\u00e4ltnis, das sich ergibt aus den Vertragsbeziehungen zwischen den Nutzern und Kunden (im Folgenden \u201eKunden\u201c) der Website von TURMARES TARIFA S.L. unter der URL <a href=\"http:\/\/www.turmares.com\" target=\"_new\" rel=\"noopener\">www.turmares.com<\/a>, die Eigentum von TURMARES TARIFA S.L. (im Folgenden <a href=\"http:\/\/www.turmares.com\" target=\"_new\" rel=\"noopener\">www.turmares.com<\/a>).<\/p>\n<p>Der Kunde erkennt die AGB mit der Nutzung oder dem Kauf eines Produktes an. Dieses Dokument kann vom Kunden ausgedruckt und aufbewahrt werden.<\/p>\n<p><a href=\"http:\/\/www.turmares.com\" target=\"_new\" rel=\"noopener\">www.turmares.com<\/a> stellt dem Kunden die Telefonnummern <strong>+34 956 680 741 \/ +34 696 448 347<\/strong> und die E-Mail-Adresse <strong><a rel=\"noopener\">turmares@turmares.com<\/a><\/strong> f\u00fcr eventuelle Fragen zu den AGB zur Verf\u00fcgung.<\/p>\n<hr \/>\n<h3><strong>RECHTLICHER HINWEIS<\/strong><\/h3>\n<p>In \u00dcbereinstimmung mit Artikel 10 des spanischen Gesetzes 34\/2002 vom 11. Juli \u00fcber die Dienstleistungen der Informationsgesellschaft und des elektronischen Gesch\u00e4ftsverkehrs (LSSICE) werden die folgende Angaben zur Identifizierung des Unternehmens gemacht:<\/p>\n<p><strong>TURMARES TARIFA<\/strong><br \/>\n<strong>Firmenname<\/strong>: TURMARES TARIFA S.L.<br \/>\n<strong>Spanische Steuer-Identifikationsnummer:<\/strong> B11482049<br \/>\n<strong>Adresse:<\/strong> AVENIDA ALCALDE JUAN N\u00da\u00d1EZ local 12 &#8211; 11380 TARIFA &#8211; C\u00c1DIZ<br \/>\n<strong>Telefon:<\/strong> +34 956 680 741 \/ +34 696 448 347<br \/>\n<strong>E-Mail:<\/strong> <a rel=\"noopener\">turmares@turmares.com<\/a><\/p>\n<p>Dieser rechtliche Hinweis (im Folgenden \u201eRechtlicher Hinweis\u201c) regelt die Nutzung der Website: <a href=\"http:\/\/www.turmares.com\" target=\"_new\" rel=\"noopener\">WWW.TURMARES.COM<\/a>.<\/p>\n<hr>\n<h3><strong>RECHTSGRUNDLAGE<\/strong><\/h3>\n<p>Im Allgemeinen unterliegen die Beziehungen zwischen TURMARES TARIFA S.L. und den Nutzern der auf dieser Website angebotenen Telematikdienste der spanischen Gesetzgebung und Gerichtsbarkeit.<\/p>\n<hr>\n<h3><strong>NUTZUNG UND BENUTZERZUGRIFF<\/strong><\/h3>\n<p>Der Benutzer wird dar\u00fcber informiert und erkl\u00e4rt sich damit einverstanden, dass der Zugriff auf diese Website in keiner Weise die Aufnahme einer Gesch\u00e4ftsbeziehung mit TURMARES TARIFA S.L. oder einer ihrer Filialen bedeutet.<\/p>\n<hr>\n<h3><strong>GEISTIGES UND GEWERBLICHES EIGENTUM<\/strong><\/h3>\n<p>TURMARES TARIFA S.L. ist Inhaberin der geistigen Eigentumsrechte an den Inhalten der Websites, ihrem grafischen Design und ihren Codes, weshalb deren Vervielf\u00e4ltigung, Verbreitung, \u00f6ffentliche Wiedergabe, \u00c4nderung oder jede andere T\u00e4tigkeit verboten ist, die mit den Inhalten der Websites durchgef\u00fchrt werden kann, auch unter Angabe der Quelle. Es sei denn es liegt ein schriftliches Einverst\u00e4ndnis von TURMARES TARIFA S.L. vor.<\/p>\n<hr>\n<h3><strong>WEB-INHALT UND LINKS<\/strong><\/h3>\n<p>TURMARES TARIFA S.L. beh\u00e4lt sich das Recht vor, die auf seinen Websites enthaltenen Informationen zu aktualisieren, zu \u00e4ndern oder zu l\u00f6schen und kann den Zugang zu diesen Informationen f\u00fcr bestimmte Benutzerinnen und Benutzer einschr\u00e4nken oder verweigern.<\/p>\n<p>TURMARES TARIFA S.L. \u00fcbernimmt keine Verantwortung f\u00fcr Informationen, die auf Websites Dritter enthalten sind, auf die \u00fcber Links von einer der Websites von TURMARES TARIFA S.L. zugegriffen werden kann.<\/p>\n<p>Das Vorhandensein von Links auf den Websites von TURMARES TARIFA S.L. dient ausschlie\u00dflich Informationszwecken und stellt in keinem Fall eine Aufforderung, Einladung oder Empfehlung zum Besuch dieser Websites dar.<\/p>\n<hr>\n<h3><strong>COOKIE-RICHTLINIE<\/strong><\/h3>\n<p>TURMARES TARIFA S.L. legt in diesem Dokument seine <strong>Richtlinie zur Erfassung und Behandlung von Cookies<\/strong> gem\u00e4\u00df Artikel 22 Absatz 2 des Gesetzes 34\/2002 vom 11. Juli \u00fcber die Dienstleistungen der Informationsgesellschaft und des elektronischen Gesch\u00e4ftsverkehrs (LSSICE) dar.<\/p>\n<p>Cookies werden auf dem Endger\u00e4t des Benutzers (Computer oder Mobilger\u00e4t) gespeichert und sammeln Informationen w\u00e4hrend des Besuchs der Website <a href=\"http:\/\/www.turmares.com\" target=\"_new\" rel=\"noopener\">WWW.TURMARES.COM<\/a>, um deren Benutzerfreundlichkeit zu verbessern, die Surfgewohnheiten oder Bed\u00fcrfnisse der Benutzer zu kennen und sich diesen anzupassen sowie um Informationen f\u00fcr statistische Zwecke zu erhalten.<\/p>\n<p>Im Falle von Benutzern, die bereits Kunden des Unternehmens sind, werden die von den Cookies gesammelten Informationen auch verwendet, um sie zu identifizieren, wenn sie auf die verschiedenen Tools zugreifen, die das Unternehmen seinen Kunden zur Verwaltung seiner Dienstleistungen zur Verf\u00fcgung stellt.<\/p>\n<p>Diese Cookie-Richtlinie gilt f\u00fcr Benutzer, die freiwillig die Websites des Unternehmens besuchen, Formulare zur Datenerfassung ausf\u00fcllen, auf die Tools zugreifen, die das Unternehmen seinen Kunden zur Verwaltung seiner Dienstleistungen zur Verf\u00fcgung stellt, oder andere Funktionen auf der Website nutzen, die die \u00dcbermittlung von Daten an das Unternehmen oder den Zugriff auf Daten durch das Unternehmen zur Erbringung seiner Dienstleistungen beinhalten.<\/p>\n<p>Das Unternehmen informiert die Benutzer seiner Websites \u00fcber das Vorhandensein von Cookies und stellt ihnen diese Richtlinie zur Verf\u00fcgung, um sie \u00fcber deren Verwendung und Zweck zu informieren.<\/p>\n<p>Die Tatsache, dass die Benutzerinnen und Benutzer weiterhin auf den Websites surfen, bedeutet, dass sie diese Richtlinie kennen und akzeptieren.<\/p>\n<p><strong>TURMARES TARIFA S.L. verwendet die folgenden Arten von Cookies:<\/strong><\/p>\n<p><strong>Nach Anbieter sortiert:<\/strong><\/p>\n<ul>\n<li><strong>Erstanbieter-Cookies<\/strong>: werden direkt vom Unternehmen der Website gesendet und verwaltet.<\/li>\n<li><strong>Cookies von Drittanbietern<\/strong>: werden anonym von Drittanbietern au\u00dferhalb des Unternehmens gesendet und verwaltet, um Statistiken \u00fcber das Surfverhalten auf den Websites des Unternehmens zu erstellen.<\/li>\n<\/ul>\n<p><strong>Nach Zweck sortiert:<\/strong><\/p>\n<ul>\n<li><strong>Technische Cookies und Cookies zur Personalisierung<\/strong>: erleichtern das Surfen, indem sie die Sitzung identifizieren, den Zugang zu Tools mit beschr\u00e4nktem Zugang erm\u00f6glichen und die verf\u00fcgbaren Optionen personalisieren. Sie erm\u00f6glichen die Erbringung der vom Benutzer zuvor angeforderten Dienstleistung.<\/li>\n<li><strong>Analyse- und Werbe-Cookies<\/strong>: erm\u00f6glichen es uns, die Anzahl der Besuche in den verschiedenen Bereichen der Website, die Gewohnheiten und Trends der Benutzer zu ermitteln, um die Navigation und die vom Unternehmen angebotenen Dienstleistungen zu verbessern (haupts\u00e4chlich Google Analytics) und die Werbefl\u00e4chen auf der vom Benutzer besuchten Website zu verwalten. Die Daten werden in anonymer Form gesammelt, um Benutzerprofile zu erstellen.<\/li>\n<\/ul>\n<p><strong>Nach Dauer sortiert:<\/strong><\/p>\n<ul>\n<li><strong>Session-Cookies<\/strong>: sammeln und speichern Daten tempor\u00e4r und nur f\u00fcr die Dauer des Besuchs auf der Website.<\/li>\n<li><strong>Persistent-Cookies<\/strong>: sammeln und speichern Daten auf dem Endger\u00e4t des Benutzers f\u00fcr einen l\u00e4ngeren Zeitraum, dessen Dauer vom Zweck abh\u00e4ngt.<\/li>\n<\/ul>\n<p>Die Dauer der Speicherung h\u00e4ngt von der Art des Cookies ab und ist immer so kurz wie m\u00f6glich, um den Zweck zu erf\u00fcllen.<\/p>\n<p>In jedem Fall kann der Benutzer seinen Browser so konfigurieren, dass alle oder einige dieser Cookies deaktiviert oder blockiert werden.<\/p>\n<p>Die Ablehnung dieser Cookies stellt kein Hindernis f\u00fcr den Zugang zu den Informationen auf den Websites des Unternehmens dar, auch wenn die Nutzung bestimmter Funktionen eingeschr\u00e4nkt sein kann.<\/p>\n<p>Wenn der Benutzer, nachdem er seine Zustimmung zum Empfang von Cookies gegeben hat, diese widerrufen m\u00f6chte, m\u00fcssen die auf dem Computer des Benutzers gespeicherten Cookies \u00fcber die verschiedenen Browser gel\u00f6scht werden.<\/p>\n","protected":false},"excerpt":{"rendered":"<p>Die Inanspruchnahme von Dienstleistungen oder der Kauf von Produkten bei TURMARES TARIFA S.L. setzt die Annahme der folgenden Allgemeinen Gesch\u00e4ftsbedingungen voraus: ANNAHME UND VERF\u00dcGBARKEIT DER ALLGEMEINEN GESCH\u00c4FTSBEDINGUNGEN Mit der Annahme dieses Vertrages erkl\u00e4ren Sie: \u2022 Dass Sie vollj\u00e4hrig und rechtsf\u00e4hig sind. \u2022 Dass Sie die vorliegenden Allgemeinen Gesch\u00e4ftsbedingungen gelesen haben und akzeptieren. Die vorliegenden Allgemeinen [&hellip;]<\/p>\n","protected":false},"author":2,"featured_media":0,"parent":0,"menu_order":0,"comment_status":"closed","ping_status":"closed","template":"","meta":{"_acf_changed":false,"_joinchat":[],"footnotes":""},"class_list":["post-3330","page","type-page","status-publish","hentry"],"acf":[],"_links":{"self":[{"href":"https:\/\/www.turmares.com\/de\/wp-json\/wp\/v2\/pages\/3330","targetHints":{"allow":["GET"]}}],"collection":[{"href":"https:\/\/www.turmares.com\/de\/wp-json\/wp\/v2\/pages"}],"about":[{"href":"https:\/\/www.turmares.com\/de\/wp-json\/wp\/v2\/types\/page"}],"author":[{"embeddable":true,"href":"https:\/\/www.turmares.com\/de\/wp-json\/wp\/v2\/users\/2"}],"replies":[{"embeddable":true,"href":"https:\/\/www.turmares.com\/de\/wp-json\/wp\/v2\/comments?post=3330"}],"version-history":[{"count":5,"href":"https:\/\/www.turmares.com\/de\/wp-json\/wp\/v2\/pages\/3330\/revisions"}],"predecessor-version":[{"id":4956,"href":"https:\/\/www.turmares.com\/de\/wp-json\/wp\/v2\/pages\/3330\/revisions\/4956"}],"wp:attachment":[{"href":"https:\/\/www.turmares.com\/de\/wp-json\/wp\/v2\/media?parent=3330"}],"curies":[{"name":"wp","href":"https:\/\/api.w.org\/{rel}","templated":true}]}}