{"id":3336,"date":"2024-06-30T11:34:41","date_gmt":"2024-06-30T09:34:41","guid":{"rendered":"https:\/\/www.turmares.com\/allgemeine-bedingungen-fuer-die-befoerderung-auf-dem-seeweg-im-rahmen-eines-seeausflugsprogramms\/"},"modified":"2025-03-05T09:40:58","modified_gmt":"2025-03-05T08:40:58","slug":"allgemeine-bedingungen-fuer-die-befoerderung-auf-dem-seeweg-im-rahmen-eines-seeausflugsprogramms","status":"publish","type":"page","link":"https:\/\/www.turmares.com\/de\/allgemeine-bedingungen-fuer-die-befoerderung-auf-dem-seeweg-im-rahmen-eines-seeausflugsprogramms\/","title":{"rendered":"ALLGEMEINE BEDINGUNGEN F\u00dcR DIE BEF\u00d6RDERUNG AUF SEE BEI BOOTSTOUREN"},"content":{"rendered":"\n<p>Diese Allgemeinen Bef\u00f6rderungsbedingungen f\u00fcr die Seebef\u00f6rderung liegen aus und k\u00f6nnen vor der Buchung und dem Kauf von Fahrkarten eingesehen werden, und zwar sowohl in Papierform in allen Verkaufsr\u00e4umen und an den offiziellen Fahrkartenschaltern des Bef\u00f6rderers als auch in digitaler Form auf der Website des Unternehmens<a href=\"https:\/\/www.turmares.com\/de\/\">(https:\/\/www.turmares.com\/).<\/a> <\/p>\n\n<ol class=\"wp-block-list\">\n<li><strong>BEGRIFFSBESTIMMUNGEN<\/strong><br\/>Unter \u201eBef\u00f6rderer\u201c ist das Unternehmen TURMARES TARIFA S.L. zu verstehen, das mit seinen Schiffen die Bef\u00f6rderung von Passagieren auf Bootstouren durchf\u00fchrt, und zwar unter allen Betriebs- und\/oder Verwaltungsbedingungen.<br\/>Als \u201eBootstour\u201c gilt die Bef\u00f6rderung von Passagieren im Rahmen von touristischen Fahrten mit Schiffen oder Booten, die in einem Hafen auslaufen und nach einer bestimmten Route in einem Zeitraum von h\u00f6chstens 12 Stunden in den Ausgangshafen zur\u00fcckkehren, mit der M\u00f6glichkeit, in einem anderen Hafen anzulegen und dort einen Zwischenstopp einzulegen, wobei jedoch alle Passagiere die gesamte Route zur\u00fccklegen m\u00fcssen.<br\/>Unter \u201eBoot\u201c ist ein Fahrgastschiff der See- oder Binnenschifffahrt zu verstehen.<br\/>Der \u201eBef\u00f6rderungsvertrag\u201c bezeichnet einen Vertrag zwischen dem Bef\u00f6rderer und einem Passagier \u00fcber die Erbringung einer oder mehrerer Passagierdienstleistungen auf einer Bootstour.<br\/>Das \u201eTicket\u201c oder die \u201eBordkarte\u201c ist ein vom Bef\u00f6rderer rechtsg\u00fcltig ausgestelltes Dokument, das den Vertrag \u00fcber die Bef\u00f6rderung von Personen nachweist.<\/li>\n\n\n\n<li><strong>ANWENDBARES RECHT UND HAFTUNGSREGELUNG<\/strong><br\/>Der vorliegende Vertrag \u00fcber die Bef\u00f6rderung von Passagieren im Rahmen von Bootstouren auf See unterliegt dem spanischen Recht, den Gemeinschaftsverordnungen und den internationalen \u00dcbereinkommen, denen Spanien beigetreten ist. Insbesondere gilt f\u00fcr diesen Bef\u00f6rderungsvertrag das spanische Gesetz 14\/2014 vom 24. Juli \u00fcber die Seeschifffahrt, das als integraler Bestandteil des Personenbef\u00f6rderungsvertrags gilt.<\/li>\n\n\n\n<li><strong>PERSONENBEF\u00d6RDERUNGSVERTRAG UND TICKET<\/strong><br\/>Durch den Personenbef\u00f6rderungsvertrag, der durch die Ausstellung des entsprechenden Tickets und\/oder der Bordkarte dokumentiert wird, verpflichtet sich der Bef\u00f6rderer, den Passagier und gegebenenfalls sein Gep\u00e4ck gegen Entgelt auf dem Seeweg zu bef\u00f6rdern.<br\/>Das Ticket ist pers\u00f6nlich und nicht \u00fcbertragbar; es kann auch in elektronischer Form ausgestellt werden. Der Seebef\u00f6rderungsvertrag kommt gegen Zahlung des vom Bef\u00f6rderer ordnungsgem\u00e4\u00df ausgestellten Ticket zustande, wobei der Passagier durch die blo\u00dfe Verwendung des Tickets als Bef\u00f6rderungsnachweis alle darin enthaltenen Bedingungen ausdr\u00fccklich akzeptiert.<br\/>Nur Personen, die im Besitz eines Tickets und\/oder einer Bordkarte f\u00fcr den Tag, die Uhrzeit und die Strecke sind, die in diesen Dokumenten angegeben sind, d\u00fcrfen an Bord gehen. Der Bef\u00f6rderer haftet nicht f\u00fcr den Verlust des Tickets oder der Bordkarte. Der Passagier ist verpflichtet, beide Dokumente w\u00e4hrend der gesamten Fahrt aufzubewahren. Im Falle einer Reklamation muss der Passagier eine Kopie des Tickets und der Bordkarte vorlegen, andernfalls kann die Reklamation nicht bearbeitet werden. Der Bef\u00f6rderer bietet die Personenbef\u00f6rderung zu seinen allgemeinen Tarifen, Sondertarifen oder Spezialtarifen an, die ordnungsgem\u00e4\u00df in allen offiziellen Verkaufsstellen des Bef\u00f6rderers, vor Ort und auf der Website des Unternehmens ver\u00f6ffentlicht werden. Der Bef\u00f6rderer beh\u00e4lt sich das Recht zur \u00c4nderung dieser Tarife ohne Vorank\u00fcndigung vor.<br\/>Das Unternehmen haftet nicht f\u00fcr den Diebstahl oder Verlust von Handtaschen und pers\u00f6nlichen Gegenst\u00e4nden der Passagiere. Am Abfahrts- und Ankunftshafen stehen den Passagieren Beschwerdeformulare zur Verf\u00fcgung.<\/li>\n\n\n\n<li><strong>FAHRPL\u00c4NE, ROUTE, EINSCHIFFUNG UND ANNULLIERUNG<\/strong><br\/>Die Abfahrtszeiten f\u00fcr jeden Schiffsausflug sind im Voraus festgelegt und k\u00f6nnen vor der Buchung und dem Kauf von Fahrkarten eingesehen werden, sowohl in Papierform in allen Verkaufsbereichen und an den offiziellen Fahrkartenschaltern der Reederei als auch in digitaler Form auf der Website der Reederei<a href=\"https:\/\/www.turmares.com\/de\/\">(https:\/\/www.turmares.com\/).<\/a><br\/>Der Bef\u00f6rderer beh\u00e4lt sich das Recht vor, aus Sicherheitsgr\u00fcnden, aus organisatorischen Gr\u00fcnden, aus Witterungsgr\u00fcnden oder aufgrund h\u00f6herer Gewalt die ver\u00f6ffentlichten Fahrzeiten zu \u00e4ndern, die Bef\u00f6rderung auszusetzen oder zu annullieren.<br\/>Der Bef\u00f6rderer bestimmt und kommuniziert die \u201eMeldeschlusszeit\u201c f\u00fcr die Einschiffung, nach der die nicht einsteigebereiten Passagiere nicht mehr bef\u00f6rdert werden. Der Bef\u00f6rderer haftet nicht f\u00fcr die Nichtbef\u00f6rderung von Passagieren, die sich nach der Meldeschlusszeit zur Einschiffung einfinden.<br\/>Dem Bef\u00f6rderer steht es frei, die Bef\u00f6rderung auf der Strecke und auf der Route durchzuf\u00fchren, die er f\u00fcr die geeignetste h\u00e4lt.<br\/>Im Falle einer Stornierung durch den Passagier gelten die folgenden Bedingungen:<\/li>\n<\/ol>\n\n<ul class=\"wp-block-list\">\n<li>Erfolgt die Stornierung innerhalb von 24 Stunden vor der Abfahrt, wird der volle Betrag zur\u00fcckerstattet; der Antrag muss innerhalb von 7 Tagen gestellt werden.<\/li>\n\n\n\n<li>Erfolgt die Stornierung innerhalb von 24 Stunden vor der Abfahrt, wird KEINE Erstattung vorgenommen.<\/li>\n<\/ul>\n\n<ol start=\"5\" class=\"wp-block-list\">\n<li><strong>DISZIPLIN AN BORD<\/strong><br\/>Der Kapit\u00e4n hat die Befehls- und Kommandogewalt \u00fcber das Schiff; er ist die Autorit\u00e4t an Bord und kann alle polizeilichen Ma\u00dfnahmen ergreifen, die er f\u00fcr erforderlich h\u00e4lt, um die Ordnung an Bord aufrechtzuerhalten und die Sicherheit aller Personen an Bord zu gew\u00e4hrleisten.<br\/>Die Passagiere sind verpflichtet, den Anordnungen des Kapit\u00e4ns Folge zu leisten, unbeschadet ihres Rechts, nach Ankunft des Schiffes im Hafen Beschwerde einzulegen.<\/li>\n\n\n\n<li><strong>HAUPTLEISTUNG, NEBENLEISTUNGEN UND BESTEUERUNG<\/strong><br\/>Gem\u00e4\u00df den Bestimmungen des spanischen Gesetzes 37\/1992 vom 28. Dezember 1992 \u00fcber die Mehrwertsteuer (MwSt.) wird der erm\u00e4\u00dfigte MwSt.-Satz von 10 % angewandt, da es sich um die Bef\u00f6rderung von Passagieren auf See handelt (Art. 91.1.2.1\u00b0 des Gesetzes 37\/1992). Andere Nebenleistungen an Bord, wie z.B. Service an Bord, werden zusammen mit dem Hauptbetrieb, die Bef\u00f6rderung, besteuert.<\/li>\n\n\n\n<li><strong>ZUST\u00c4NDIGKEIT<\/strong><br\/>F\u00fcr Streitigkeiten, die sich aus der Auslegung, Anwendung oder Erf\u00fcllung des Bef\u00f6rderungsvertrags ergeben, sind die Handelsgerichte von C\u00e1diz zust\u00e4ndig, unbeschadet des Rechts des Verbrauchers, alternative Verfahren zur Beilegung von Streitigkeiten in Verbraucherangelegenheiten in Anspruch zu nehmen:<br\/><a href=\"http:\/\/ec.europa.eu\/consumers\/odr\/\">http:\/\/ec.europa.eu\/consumers\/odr\/<\/a><\/li>\n<\/ol>\n\n<p><\/p>\n","protected":false},"excerpt":{"rendered":"<p>Diese Allgemeinen Bef\u00f6rderungsbedingungen f\u00fcr die Seebef\u00f6rderung liegen aus und k\u00f6nnen vor der Buchung und dem Kauf von Fahrkarten eingesehen werden, und zwar sowohl in Papierform in allen Verkaufsr\u00e4umen und an den offiziellen Fahrkartenschaltern des Bef\u00f6rderers als auch in digitaler Form auf der Website des Unternehmens(https:\/\/www.turmares.com\/).<\/p>\n","protected":false},"author":2,"featured_media":0,"parent":0,"menu_order":0,"comment_status":"closed","ping_status":"closed","template":"","meta":{"_acf_changed":false,"_joinchat":[],"footnotes":""},"class_list":["post-3336","page","type-page","status-publish","hentry"],"acf":[],"_links":{"self":[{"href":"https:\/\/www.turmares.com\/de\/wp-json\/wp\/v2\/pages\/3336","targetHints":{"allow":["GET"]}}],"collection":[{"href":"https:\/\/www.turmares.com\/de\/wp-json\/wp\/v2\/pages"}],"about":[{"href":"https:\/\/www.turmares.com\/de\/wp-json\/wp\/v2\/types\/page"}],"author":[{"embeddable":true,"href":"https:\/\/www.turmares.com\/de\/wp-json\/wp\/v2\/users\/2"}],"replies":[{"embeddable":true,"href":"https:\/\/www.turmares.com\/de\/wp-json\/wp\/v2\/comments?post=3336"}],"version-history":[{"count":8,"href":"https:\/\/www.turmares.com\/de\/wp-json\/wp\/v2\/pages\/3336\/revisions"}],"predecessor-version":[{"id":5043,"href":"https:\/\/www.turmares.com\/de\/wp-json\/wp\/v2\/pages\/3336\/revisions\/5043"}],"wp:attachment":[{"href":"https:\/\/www.turmares.com\/de\/wp-json\/wp\/v2\/media?parent=3336"}],"curies":[{"name":"wp","href":"https:\/\/api.w.org\/{rel}","templated":true}]}}