{"id":3348,"date":"2024-06-24T10:51:18","date_gmt":"2024-06-24T08:51:18","guid":{"rendered":"https:\/\/www.turmares.com\/abteilung-wissenschaft-und-bildung\/"},"modified":"2025-02-13T23:02:07","modified_gmt":"2025-02-13T22:02:07","slug":"abteilung-wissenschaft-und-bildung","status":"publish","type":"page","link":"https:\/\/www.turmares.com\/de\/abteilung-wissenschaft-und-bildung\/","title":{"rendered":"Wissenschaft und Bildung"},"content":{"rendered":"<h1 class=\"wp-block-heading\">Wissenschaft und Bildung<\/h1><h2 class=\"wp-block-heading\">Datenerhebung<\/h2>En todas nuestras salidas se recogen datos de forma sistem\u00e1tica. Esta recogida se realiza en base a los protocolos establecidos por la Sociedad Espa\u00f1ola de Cet\u00e1ceos (SEC).<figure class=\"wp-block-image size-full\"><img loading=\"lazy\" decoding=\"async\" width=\"708\" height=\"494\" src=\"https:\/\/www.turmares.com\/wp-content\/uploads\/cuaderno.jpg\" alt=\"\" class=\"wp-image-646\"\/><\/figure><h2 class=\"wp-block-heading\">Fotoidentifikation<\/h2>T\u00e9cnica que nos permite identificar a los individuos a trav\u00e9s de sus marcas naturales<br\/>usando exclusivamente fotograf\u00eda.<br\/>Es una herramienta muy \u00fatil para estudios de tama\u00f1o poblacional, viabilidad poblacional, uso de h\u00e1bitat, supervivencia, movimientos y reproducci\u00f3n.La foto de identificaci\u00f3n (foto-ID) presenta una serie de ventajas frente a otras t\u00e9cnicas de estudio.<br\/>\n<ul>\n  <li><strong>Poco invasiva<\/strong>, ya que no hay que capturar o marcar a los animales.<br\/><\/li>\n  <li><strong>Accesible y de bajo coste.<\/strong><br\/><\/li>\n  <li><strong>Permite crear cat\u00e1logos<\/strong> de individuos para hacer un seguimiento de las poblaciones y poder estudiar la fidelidad grupal de los individuos reconocidos a un mismo grupo y asociaciones.<br\/><\/li>\n  <li><strong>Establecer rutas migratorias<\/strong>, si se trata de especies migradoras, comparando cat\u00e1logos de zonas diferentes.<br\/><\/li>\n  <li><strong>Estimar el tama\u00f1o poblacional<\/strong>, establecer edades de maduraci\u00f3n sexual, intervalos de crianza, longitud de la cura parental, edad reproductiva e, incluso, longevidad si se realiza un seguimiento prolongado en el tiempo.<\/li>\n<\/ul><figure class=\"wp-block-image size-full\"><img loading=\"lazy\" decoding=\"async\" width=\"1280\" height=\"1040\" src=\"https:\/\/www.turmares.com\/wp-content\/uploads\/calderon_archivo-fotografico.jpg\" alt=\"\" class=\"wp-image-658\" srcset=\"https:\/\/www.turmares.com\/wp-content\/uploads\/calderon_archivo-fotografico.jpg 1280w, https:\/\/www.turmares.com\/wp-content\/uploads\/calderon_archivo-fotografico-768x624.jpg 768w\" sizes=\"auto, (max-width: 1280px) 100vw, 1280px\" \/><\/figure><p>Delfin- und Walbeobachtungstouren bieten eine einzigartige Gelegenheit, Daten zu sammeln, die das Wissen \u00fcber die Tiere und ihre Umwelt erweitern und sich somit positiv auf ihren Schutz auswirken.<\/p>\n<p>Ein besseres Verst\u00e4ndnis f\u00fcr Delfine und Wale und die Schaffung eines Umweltbewusstseins sind Handlungsmechanismen f\u00fcr eine nachhaltige Entwicklung der Aktivit\u00e4t, die sich positiv auf die sozio\u00f6konomische Entwicklung der Region auswirkt.<\/p>\n<p><strong>Turmares Tarifa<\/strong> verbindet diese Philosophie mit einem Service von h\u00f6chster Qualit\u00e4t.Es wird alles getan, um den Passagieren die Sch\u00f6nheit der Meerenge n\u00e4her zu bringenund durch die Begegnung mit diesen mythischen Tieren Emotionen zu wecken.<\/p>","protected":false},"excerpt":{"rendered":"<p>Wissenschaft und Bildung Datenerhebung En todas nuestras salidas se recogen datos de forma sistem\u00e1tica. Esta recogida se realiza en base a los protocolos establecidos por la Sociedad Espa\u00f1ola de Cet\u00e1ceos (SEC). Fotoidentifikation T\u00e9cnica que nos permite identificar a los individuos a trav\u00e9s de sus marcas naturalesusando exclusivamente fotograf\u00eda.Es una herramienta muy \u00fatil para estudios de [&hellip;]<\/p>\n","protected":false},"author":2,"featured_media":0,"parent":0,"menu_order":0,"comment_status":"closed","ping_status":"closed","template":"","meta":{"_acf_changed":false,"_joinchat":[],"footnotes":""},"class_list":["post-3348","page","type-page","status-publish","hentry"],"acf":[],"_links":{"self":[{"href":"https:\/\/www.turmares.com\/de\/wp-json\/wp\/v2\/pages\/3348","targetHints":{"allow":["GET"]}}],"collection":[{"href":"https:\/\/www.turmares.com\/de\/wp-json\/wp\/v2\/pages"}],"about":[{"href":"https:\/\/www.turmares.com\/de\/wp-json\/wp\/v2\/types\/page"}],"author":[{"embeddable":true,"href":"https:\/\/www.turmares.com\/de\/wp-json\/wp\/v2\/users\/2"}],"replies":[{"embeddable":true,"href":"https:\/\/www.turmares.com\/de\/wp-json\/wp\/v2\/comments?post=3348"}],"version-history":[{"count":27,"href":"https:\/\/www.turmares.com\/de\/wp-json\/wp\/v2\/pages\/3348\/revisions"}],"predecessor-version":[{"id":4877,"href":"https:\/\/www.turmares.com\/de\/wp-json\/wp\/v2\/pages\/3348\/revisions\/4877"}],"wp:attachment":[{"href":"https:\/\/www.turmares.com\/de\/wp-json\/wp\/v2\/media?parent=3348"}],"curies":[{"name":"wp","href":"https:\/\/api.w.org\/{rel}","templated":true}]}}