{"id":3363,"date":"2024-06-05T12:15:12","date_gmt":"2024-06-05T10:15:12","guid":{"rendered":"https:\/\/www.turmares.com\/exkursionen\/"},"modified":"2025-03-03T09:45:11","modified_gmt":"2025-03-03T08:45:11","slug":"exkursionen","status":"publish","type":"page","link":"https:\/\/www.turmares.com\/de\/exkursionen\/","title":{"rendered":"Touren"},"content":{"rendered":"<h2 class=\"wp-block-heading\">Wir fahren jeden Tag raus, sofern die Wetterbedingungen es zulassen. Die Abfahrtszeiten h\u00e4ngen von den Gezeiten und den Wetterbedingungen ab. So k\u00f6nnen Sie unsere Ausfl\u00fcge in vollen Z\u00fcgen genie\u00dfen.<\/h2><h3 class=\"wp-block-heading\">Die Saison dauert von M\u00e4rz bis Oktober.<\/h3><figure class=\"wp-block-image size-full\"><img loading=\"lazy\" decoding=\"async\" width=\"440\" height=\"440\" src=\"https:\/\/www.turmares.com\/wp-content\/uploads\/cabeza-delfin-2.jpg\" alt=\"\" class=\"wp-image-186\"\/><\/figure><h3 class=\"has-text-align-center wp-block-heading\">UNSERE TOUREN<\/h3>Navegamos por la parte central del Estrecho de Gibraltar buscando <strong>delfines<\/strong> y\n<strong>ballenas<\/strong>. Adem\u00e1s, siempre se pueden observar otras especies marinas\ncomo <strong>peces luna<\/strong>, <strong>atunes<\/strong> y <strong>aves<\/strong>.Al navegar durante m\u00e1s tiempo y ampliar el \u00e1rea de b\u00fasqueda, adem\u00e1s de las especies residentes existe una mayor probabilidad de encontrar <strong> ballenas <\/strong> y <strong>orcas<\/strong>.<h3 class=\"wp-block-heading\">{je_datos-empresa_salida_1}-ST\u00dcNDIGE TOUR<\/h3><h3 class=\"wp-block-heading\">{je_datos-empresa_salida_2}-ST\u00dcNDIGE TOUR<\/h3><h3 class=\"wp-block-heading\">PREISE UND ABFAHRTSZEITEN<\/h3><h3 class=\"wp-block-heading\">ABFAHRTSZEITEN<\/h3><h3 class=\"wp-block-heading\">Preise<\/h3><h3 class=\"wp-block-heading\">Exklusive Abfahrten<\/h3><figure class=\"wp-block-image size-full\"><img loading=\"lazy\" decoding=\"async\" width=\"2560\" height=\"680\" src=\"https:\/\/www.turmares.com\/wp-content\/uploads\/excursion_delfin-2.jpg\" alt=\"\" class=\"wp-image-285\" srcset=\"https:\/\/www.turmares.com\/wp-content\/uploads\/excursion_delfin-2.jpg 2560w, https:\/\/www.turmares.com\/wp-content\/uploads\/excursion_delfin-2-768x204.jpg 768w, https:\/\/www.turmares.com\/wp-content\/uploads\/excursion_delfin-2-1536x408.jpg 1536w, https:\/\/www.turmares.com\/wp-content\/uploads\/excursion_delfin-2-2048x544.jpg 2048w\" sizes=\"auto, (max-width: 2560px) 100vw, 2560px\" \/><\/figure>Como novedad, tenemos una embarcaci\u00f3n h\u00edbrida para disfrutar de los animales\nde forma m\u00e1s \u00edntima y exclusiva: nuestro <strong>Dolphin Tarifa<\/strong>. Ideal para grupos reducidos, familias, fot\u00f3grafos, ornit\u00f3logos y cient\u00edficos.<h3 class=\"wp-block-heading\">Verantwortungsvolles Whale Watching<\/h3>Somos una empresa comprometida y responsable. Todos los miembros de nuestra tripulaci\u00f3n, junto con los gu\u00edas-bi\u00f3logos, tienen amplios conocimientos y gran sensibilidad con los animales, lo que nos ayuda a interpretar su comportamiento, realizando los avistamientos de forma respetuosa y siguiendo las normativas nacionales e internacionales.Fuimos empresa consultora para la elaboraci\u00f3n del Real Decreto 1727\/2007, de 21 de diciembre, por el que se establecen medidas de protecci\u00f3n de los cet\u00e1ceos en Espa\u00f1a. Y a nivel mundial participamos en la elaboraci\u00f3n del <strong> \u201cPlan Estrat\u00e9gico para el Desarrollo del Avistamiento de Cet\u00e1ceos\u201d realizado por la Comisi\u00f3n Ballenera Internacional.<\/strong><figure class=\"wp-block-image size-full\"><img loading=\"lazy\" decoding=\"async\" width=\"2560\" height=\"931\" src=\"https:\/\/www.turmares.com\/wp-content\/uploads\/excursion_barco.jpg\" alt=\"\" class=\"wp-image-151\" srcset=\"https:\/\/www.turmares.com\/wp-content\/uploads\/excursion_barco.jpg 2560w, https:\/\/www.turmares.com\/wp-content\/uploads\/excursion_barco-768x279.jpg 768w, https:\/\/www.turmares.com\/wp-content\/uploads\/excursion_barco-1536x559.jpg 1536w, https:\/\/www.turmares.com\/wp-content\/uploads\/excursion_barco-2048x745.jpg 2048w\" sizes=\"auto, (max-width: 2560px) 100vw, 2560px\" \/><\/figure><h3 class=\"wp-block-heading\">NATURSCHUTZ UND \u00d6KOTOURISMUS<\/h3>El avistamiento de cet\u00e1ceos es una actividad considerada ecotur\u00edstica, y como tal, presenta una serie de ventajas de tipo econ\u00f3mico, social y cient\u00edfico, ya que proporciona una mayor sensibilidad ambiental y cultural al visitante y a la poblaci\u00f3n local. <br\/>\nSe trata de una herramienta \u00fatil y necesaria de sensibilizaci\u00f3n medioambiental, puesto que se conserva y protege mejor aquello que mejor se conoce.<h3 class=\"wp-block-heading\">Wale und Delfine finden<\/h3>Nos avalan m\u00e1s de 25 a\u00f1os navegando con los mejores profesionales por las aguas del Estrecho, conocemos perfectamente las mareas, las corrientes y el comportamiento y costumbres de los cet\u00e1ceos.<figure class=\"wp-block-image size-full\"><img loading=\"lazy\" decoding=\"async\" width=\"440\" height=\"440\" src=\"https:\/\/www.turmares.com\/wp-content\/uploads\/cola-cachalote-2.jpg\" alt=\"\" class=\"wp-image-187\"\/><\/figure><figure class=\"wp-block-image size-full\"><img loading=\"lazy\" decoding=\"async\" width=\"440\" height=\"440\" src=\"https:\/\/www.turmares.com\/wp-content\/uploads\/cabeza-delfin-2.jpg\" alt=\"\" class=\"wp-image-186\"\/><\/figure><h3 class=\"has-text-align-center wp-block-heading\">UNSERE TOUREN<\/h3><figure class=\"wp-block-image size-full\"><img loading=\"lazy\" decoding=\"async\" width=\"440\" height=\"440\" src=\"https:\/\/www.turmares.com\/wp-content\/uploads\/cola-cachalote-2.jpg\" alt=\"\" class=\"wp-image-187\"\/><\/figure>A las {je_datos-empresa_horario1} hA las {je_datos-empresa_horario2} h{je_datos-empresa_texto_salidas}Salidas {je_datos-empresa_salida_1} hSalidas {je_datos-empresa_salida_2} h{je_datos-empresa_s1_tarifa1}{je_datos-empresa_precio_s1_t1}{je_datos-empresa_precio_s1_t2}{je_datos-empresa_s1_tarifa2}{je_datos-empresa_s1_tarifa3}{je_datos-empresa_precio_s1_t3}{je_datos-empresa_precio_s1_t4}{je_datos-empresa_s1_tarifa4}{je_datos-empresa_s2_tarifa1}{je_datos-empresa_precio_s2_t1}{je_datos-empresa_s2_tarifa2}{je_datos-empresa_precio_s2_t2}{je_datos-empresa_s2_tarifa3}{je_datos-empresa_precio_s2_t3}{je_datos-empresa_s2_tarifa4}{je_datos-empresa_precio_s2_t4}Los precios var\u00edan en funci\u00f3n de la duraci\u00f3n y temporada. Si desea m\u00e1s\ninformaci\u00f3n, contacte con nosotros.\u00a1Una experiencia premium en un entorno \u00fanico!Turmares Tarifa es una empresa homologada y registrada:\n<strong>Marca Parque Natural de Andaluc\u00eda desde 2007.<\/strong>Si quiere saber c\u00f3mo contribuimos a la conservaci\u00f3n e investigaci\u00f3n, <strong><a href=\"\/departamento-cientifico-y-educacion\/\" target=\"_blank\">\u00a1pinche aqu\u00ed!<\/a><\/strong><figure class=\"wp-block-image size-full\"><img loading=\"lazy\" decoding=\"async\" width=\"1280\" height=\"680\" src=\"https:\/\/www.turmares.com\/wp-content\/uploads\/orcas-nadando.jpg\" alt=\"\" class=\"wp-image-305\" srcset=\"https:\/\/www.turmares.com\/wp-content\/uploads\/orcas-nadando.jpg 1280w, https:\/\/www.turmares.com\/wp-content\/uploads\/orcas-nadando-768x408.jpg 768w\" sizes=\"auto, (max-width: 1280px) 100vw, 1280px\" \/><\/figure><figure class=\"wp-block-image size-full\"><img loading=\"lazy\" decoding=\"async\" width=\"1280\" height=\"680\" src=\"https:\/\/www.turmares.com\/wp-content\/uploads\/cachalote-cola-2.jpg\" alt=\"\" class=\"wp-image-306\" srcset=\"https:\/\/www.turmares.com\/wp-content\/uploads\/cachalote-cola-2.jpg 1280w, https:\/\/www.turmares.com\/wp-content\/uploads\/cachalote-cola-2-768x408.jpg 768w\" sizes=\"auto, (max-width: 1280px) 100vw, 1280px\" \/><\/figure><h3 class=\"wp-block-heading\">Zur Ortung<\/h3>Visualmente, y con la ayuda de los prism\u00e1ticos, buscamos los soplos, salpicaduras de agua que hacen al saltar, aletas dorsales y el brillo del agua, entre otras se\u00f1ales.<figure class=\"wp-block-image size-full\"><img loading=\"lazy\" decoding=\"async\" width=\"1280\" height=\"680\" src=\"https:\/\/www.turmares.com\/wp-content\/uploads\/orca_jugando.jpg\" alt=\"\" class=\"wp-image-304\" srcset=\"https:\/\/www.turmares.com\/wp-content\/uploads\/orca_jugando.jpg 1280w, https:\/\/www.turmares.com\/wp-content\/uploads\/orca_jugando-768x408.jpg 768w\" sizes=\"auto, (max-width: 1280px) 100vw, 1280px\" \/><\/figure><h3 class=\"wp-block-heading\">Die Ann\u00e4herung<\/h3>Despacio y de la mejor forma posible, siguiendo las pautas establecidas por la normativa <strong><i>Accobams y el Real Decreto 1727\/2007<\/i><\/strong>.El contacto f\u00edsico de embarcaciones o personas\ncon los cet\u00e1ceos.Alimentar a los animales, tirar alimentos, bebidas,\nbasuras o cualquier otro tipo de objeto o sustancia.\u2022\tProducir ruidos y sonidos fuertes o estridentes para intentar atraerlos o alejarlos, incluidas las emisiones de sonidos bajo el agua.Separar o dispersar al grupo de cet\u00e1ceos y,\nespecialmente, interponerse entre un adulto y su\ncr\u00eda.Impedir el movimiento libre de los cet\u00e1ceos,\ninterceptar su trayectoria, cortar su paso o\natravesar un grupo de animales.Las embarcaciones navegar\u00e1n a una velocidad m\u00e1xima de 4 nudos y no m\u00e1s r\u00e1pida que el animal m\u00e1s lento del grupo.La aproximaci\u00f3n a los cet\u00e1ceos se realizar\u00e1 suavemente en direcci\u00f3n y sentido al rumbo de los animales en un \u00e1ngulo de 30\u00ba, nunca de frente, por detr\u00e1s ni perpendicularmente a su trayectoria.Es importante mantener la navegaci\u00f3n paralela a los animales y evitar los cambios bruscos de rumbo o velocidad.Si un animal se acerca al barco o aparece\nrepentinamente a menos de 60 metros de un\nbarco, el capit\u00e1n pondr\u00e1 el motor en punto muerto.Si\tdetectamos\tcomportamiento\tesquivo\nabandonamos la zona, en busca de otros grupos.Nadar o bucear con los animales.<p>Unser Unternehmen ist auf Seetransporte und hochwertige Touren spezialisiert.<\/p>\n<p>Nuestras excursiones est\u00e1n sometidas a las <em><strong><a href=\"https:\/\/www.turmares.com\/condiciones-generales-de-transporte\/\" target=\"_blank\" rel=\"noopener\">Condiciones generales de transporte<\/a>, <\/strong><\/em>disponibles en todas las zonas de venta, en las taquillas y en <em><strong><a href=\"https:\/\/www.turmares.com\/condiciones-generales-de-transporte\/\" target=\"_blank\" rel=\"noopener\">este enlace<\/a><\/strong><\/em><\/p>\n<p>\u00a0<\/p><p>Die oben genannten Preise gelten f\u00fcr unsere festgelegten Strecken und Abfahrtszeiten und beinhalten die Mehrwertsteuer (Art. 91.1.2.1\u00b0 des spanischen Gesetzes 37\/1992).<\/p>\n<p>Nuestras excursiones est\u00e1n sometidas a las <em><strong><a href=\"https:\/\/www.turmares.com\/condiciones-generales-de-transporte\/\" target=\"_blank\" rel=\"noopener\">Condiciones generales de transporte<\/a>,<\/strong><\/em> disponibles en todas las zonas de venta, en las taquillas y en <em><strong><a href=\"https:\/\/www.turmares.com\/condiciones-generales-de-transporte\/\" target=\"_blank\" rel=\"noopener\">este enlace<\/a><\/strong><\/em>.<\/p>\n<p><strong>EMPFEHLUNGEN<\/strong><\/p><br\/>Protecci\u00f3n solar, gorra, chaqueta y calzado sujeto al pie (evitar chanclas). Para prevenir el mareo es recomendable tomar alguna medicina antes del embarque.\n<p><strong>VERHALTENSREGELN<\/strong><\/p>\n<p>Um die Beobachtung so respektvoll wie m\u00f6glich zu gestalten, n\u00e4hern wir uns den Tieren vorsichtig und vermeiden es, sie zu st\u00f6ren. Dabei halten wir uns an die von der spanischen Gesetzgebung (RD 1727\/2007) und den ACCOBAMS-Regeln empfohlenen Abst\u00e4nde, Richtungen und Geschwindigkeiten.<\/p>\n<p>Au\u00dferdem ist es strengstens verboten, die Tiere zu f\u00fcttern oder zu ber\u00fchren, Gegenst\u00e4nde ins Meer zu werfen oder zu schreien.<\/p>\n<p>Es wird zudem empfohlen, nicht zu rennen und sich langsam auf dem Boot zu bewegen. Man sollte sich immer an einem Punkt abst\u00fctzen, um das Gleichgewicht zu halten. Minderj\u00e4hrige m\u00fcssen stets von einem Erwachsenen begleitet werden.<\/p>\n<p><strong>VERSICHERUNG<\/strong><\/p>\n<p>Alle Passagiere sind durch die obligatorische spanische Passagierversicherung (SOV) gem\u00e4\u00df RD1575 vom 22. Dezember 1989 gedeckt.<\/p><h2 class=\"wp-block-heading\">Unsere B\u00fcros und <strong>Treffpunkt<\/strong><\/h2><p>W\u00e4hrend Sie auf Ihre Abfahrtszeit warten, steht Ihnen in unserem B\u00fcro ein Warteraum mit Toiletten, Videos und Informationen \u00fcber unsere Touren zur Verf\u00fcgung. <\/p><h3 class=\"wp-block-heading\"><strong>Buchen Sie<\/strong> jetzt Ihre Tour,<br\/>unser Team wartet auf Sie, um Ihnen die Wunder <strong>der Meerenge zu zeigen.<\/strong><\/h3><div class=\"wp-block-buttons is-layout-flex wp-block-buttons-is-layout-flex\"><div class=\"wp-block-button\"><a class=\"wp-block-button__link\">Tickets<\/a><\/div><\/div><h2 class=\"wp-block-heading\">KOMMEN SIE NACH TARIFA, UM WALE UND DELFINE ZU BEOBACHTEN UND MEHR \u00dcBER SIE ZU ERFAHREN &#8211; AUF EINE VERANTWORTUNGSVOLLE ART UND WEISE.<\/h2><h1 class=\"wp-block-heading\">Touren<\/h1>","protected":false},"excerpt":{"rendered":"<p>Wir fahren jeden Tag raus, sofern die Wetterbedingungen es zulassen. Die Abfahrtszeiten h\u00e4ngen von den Gezeiten und den Wetterbedingungen ab. So k\u00f6nnen Sie unsere Ausfl\u00fcge in vollen Z\u00fcgen genie\u00dfen. Die Saison dauert von M\u00e4rz bis Oktober. UNSERE TOUREN Navegamos por la parte central del Estrecho de Gibraltar buscando delfines y ballenas. Adem\u00e1s, siempre se pueden [&hellip;]<\/p>\n","protected":false},"author":2,"featured_media":0,"parent":0,"menu_order":0,"comment_status":"closed","ping_status":"closed","template":"","meta":{"_acf_changed":false,"_joinchat":[],"footnotes":""},"class_list":["post-3363","page","type-page","status-publish","hentry"],"acf":[],"_links":{"self":[{"href":"https:\/\/www.turmares.com\/de\/wp-json\/wp\/v2\/pages\/3363","targetHints":{"allow":["GET"]}}],"collection":[{"href":"https:\/\/www.turmares.com\/de\/wp-json\/wp\/v2\/pages"}],"about":[{"href":"https:\/\/www.turmares.com\/de\/wp-json\/wp\/v2\/types\/page"}],"author":[{"embeddable":true,"href":"https:\/\/www.turmares.com\/de\/wp-json\/wp\/v2\/users\/2"}],"replies":[{"embeddable":true,"href":"https:\/\/www.turmares.com\/de\/wp-json\/wp\/v2\/comments?post=3363"}],"version-history":[{"count":69,"href":"https:\/\/www.turmares.com\/de\/wp-json\/wp\/v2\/pages\/3363\/revisions"}],"predecessor-version":[{"id":5015,"href":"https:\/\/www.turmares.com\/de\/wp-json\/wp\/v2\/pages\/3363\/revisions\/5015"}],"wp:attachment":[{"href":"https:\/\/www.turmares.com\/de\/wp-json\/wp\/v2\/media?parent=3363"}],"curies":[{"name":"wp","href":"https:\/\/api.w.org\/{rel}","templated":true}]}}