{"id":3385,"date":"2022-11-03T10:34:26","date_gmt":"2022-11-03T09:34:26","guid":{"rendered":"https:\/\/www.turmares.com\/home\/"},"modified":"2025-05-09T15:01:51","modified_gmt":"2025-05-09T13:01:51","slug":"home","status":"publish","type":"page","link":"https:\/\/www.turmares.com\/de\/","title":{"rendered":"Home"},"content":{"rendered":"<h2 class=\"wp-block-heading\">Respektvolle Walbeobachtung in Spanien<br\/><strong>garantiert<\/strong><\/h2>Actividad ideal para <strong>cualquier tipo de p\u00fablico y edad<\/strong>.Visite el Estrecho de Gibraltar <strong>avistando delfines y ballenas en m\u00e1s del 99% de nuestras excursiones<\/strong>.Somos un <strong>equipo pluriling\u00fce<\/strong> de profesionales del mar y bi\u00f3logos.Compartimos nuestros <strong>conocimientos, amor y respeto<\/strong> por estos mam\u00edferos marinos.<figure class=\"wp-block-image size-full\"><img loading=\"lazy\" decoding=\"async\" width=\"1024\" height=\"768\" src=\"https:\/\/www.turmares.com\/wp-content\/uploads\/turmares-delfin-listado-h-3.jpg\" alt=\"\" class=\"wp-image-1129\" srcset=\"https:\/\/www.turmares.com\/wp-content\/uploads\/turmares-delfin-listado-h-3.jpg 1024w, https:\/\/www.turmares.com\/wp-content\/uploads\/turmares-delfin-listado-h-3-768x576.jpg 768w\" sizes=\"auto, (max-width: 1024px) 100vw, 1024px\" \/><\/figure><h3 class=\"wp-block-heading\">{je_fauna_nombre-acortado}<\/h3>+ info<h3 class=\"wp-block-heading\">{je_fauna_nombre-acortado}<\/h3>+ info<h3 class=\"wp-block-heading\">{je_fauna_nombre-acortado}<\/h3>+ info<h3 class=\"wp-block-heading\">{je_fauna_nombre-acortado}<\/h3>+ info<h3 class=\"wp-block-heading\">{je_fauna_nombre-acortado}<\/h3>+ info<h3 class=\"wp-block-heading\">{je_fauna_nombre-acortado}<\/h3>+ info<h3 class=\"wp-block-heading\">{je_fauna_nombre-acortado}<\/h3>+ info<h3 class=\"wp-block-heading\">{post_title}<\/h3><h3 class=\"wp-block-heading\">({je_fauna_nombre-cientifico})<\/h3>{je_fauna_tipo-especie}(post_content)PROBABILIDAD DE AVISTAMIENTOALTA PROBABILIDAD: <span style=\"color:var(--action)\"><strong>{je_fauna_probabilidad-alta-avistamiento}<\/strong><\/span>BAJA PROBABILIDAD: <span style=\"color:var(--action)\"><strong>{je_fauna_probabilidad-baja-avistamiento}<\/strong><\/span><h3 class=\"wp-block-heading\">{post_title}<\/h3><h3 class=\"wp-block-heading\">({je_fauna_nombre-cientifico})<\/h3>{je_fauna_tipo-especie}(post_content)PROBABILIDAD DE AVISTAMIENTOALTA PROBABILIDAD: <span style=\"color:var(--action)\"><strong>{je_fauna_probabilidad-alta-avistamiento}<\/strong><\/span>BAJA PROBABILIDAD: <span style=\"color:var(--action)\"><strong>{je_fauna_probabilidad-baja-avistamiento}<\/strong><\/span><h3 class=\"wp-block-heading\">{post_title}<\/h3><h3 class=\"wp-block-heading\">({je_fauna_nombre-cientifico})<\/h3>{je_fauna_tipo-especie}(post_content)PROBABILIDAD DE AVISTAMIENTOALTA PROBABILIDAD: <span style=\"color:var(--action)\"><strong>{je_fauna_probabilidad-alta-avistamiento}<\/strong><\/span>BAJA PROBABILIDAD: <span style=\"color:var(--action)\"><strong>{je_fauna_probabilidad-baja-avistamiento}<\/strong><\/span><h3 class=\"wp-block-heading\">{post_title}<\/h3><h3 class=\"wp-block-heading\">({je_fauna_nombre-cientifico})<\/h3>{je_fauna_tipo-especie}(post_content)PROBABILIDAD DE AVISTAMIENTOALTA PROBABILIDAD: <span style=\"color:var(--action)\"><strong>{je_fauna_probabilidad-alta-avistamiento}<\/strong><\/span>BAJA PROBABILIDAD: <span style=\"color:var(--action)\"><strong>{je_fauna_probabilidad-baja-avistamiento}<\/strong><\/span><h3 class=\"wp-block-heading\">{post_title}<\/h3><h3 class=\"wp-block-heading\">({je_fauna_nombre-cientifico})<\/h3>{je_fauna_tipo-especie}(post_content)PROBABILIDAD DE AVISTAMIENTOALTA PROBABILIDAD: <span style=\"color:var(--action)\"><strong>{je_fauna_probabilidad-alta-avistamiento}<\/strong><\/span>BAJA PROBABILIDAD: <span style=\"color:var(--action)\"><strong>{je_fauna_probabilidad-baja-avistamiento}<\/strong><\/span><h3 class=\"wp-block-heading\">{post_title}<\/h3><h3 class=\"wp-block-heading\">({je_fauna_nombre-cientifico})<\/h3>{je_fauna_tipo-especie}(post_content)PROBABILIDAD DE AVISTAMIENTOALTA PROBABILIDAD: <span style=\"color:var(--action)\"><strong>{je_fauna_probabilidad-alta-avistamiento}<\/strong><\/span>BAJA PROBABILIDAD: <span style=\"color:var(--action)\"><strong>{je_fauna_probabilidad-baja-avistamiento}<\/strong><\/span><h3 class=\"wp-block-heading\">{post_title}<\/h3><h3 class=\"wp-block-heading\">({je_fauna_nombre-cientifico})<\/h3>{je_fauna_tipo-especie}(post_content)PROBABILIDAD DE AVISTAMIENTOALTA PROBABILIDAD: <span style=\"color:var(--action)\"><strong>{je_fauna_probabilidad-alta-avistamiento}<\/strong><\/span>BAJA PROBABILIDAD: <span style=\"color:var(--action)\"><strong>{je_fauna_probabilidad-baja-avistamiento}<\/strong><\/span>Avistamientos de cet\u00e1ceos respetuosos y <strong>responsables<\/strong>Con nosotros contribuye a la <strong>conservaci\u00f3n<\/strong> de  cet\u00e1ceos y oc\u00e9anosAdaptado para personas con <strong>discapacidad<\/strong>Apto para toda la <strong>familia<\/strong>Personal <strong>pluriling\u00fce<\/strong>, bi\u00f3logos y expertos marinos<strong>Informaci\u00f3n<\/strong> durante y despu\u00e9s de la salidaM\u00e1s del <strong>99%<\/strong>\tde \u00e9xito en\tavistamientos<h2 class=\"has-text-align-left wp-block-heading\">FOTOS VON DER TIERWELT IN DER MEERENGE, AUFGENOMMEN W\u00c4HREND UNSERER TOUREN<\/h2><h2 class=\"wp-block-heading\">Besuchen Sie unser<br\/>Fotogalerie<\/h2><h3 class=\"has-text-align-center wp-block-heading\">Galerie ansehen<\/h3><h2 class=\"wp-block-heading\">Unsere <strong>Boote<\/strong><\/h2><h3 class=\"wp-block-heading\">{post_title}<\/h3>{post_excerpt}Reserva+ infoYara Flores<p>UNGLAUBLICHE ERFAHRUNG<br\/>Wir haben 3 Arten von Delfinen und Pottwalen gesehen.<br\/>Viel Sicherheit, viele Informationen und vor allem die Begeisterung seines Teams.<br\/>Gracias a Alberto por sus ganas y a todos los tripulantes.<br\/>Repetir\u00e9 seguro<\/p>Cristina Caro<p>Unglaubliche Erfahrung gestern.<br\/>Das Personal war sehr nett, man merkte, dass sie es liebten und uns \u00fcber alles informierten.<br\/>Wir dachten, wir w\u00fcrden nur einige Delfine sehen, aber die Bereitschaft des gesamten Teams, viele Arten zu sehen, bedeutete, dass wir zwei Pottwale, zwei Finnwale, einen Sonnenfisch und mehrere Delfine sahen!<br\/>Wir k\u00f6nnen die Erfahrung mit ihnen nur empfehlen!<br\/>Wenn Ihnen schwindelig wird, nehmen Sie Biodramin und ein Sweatshirt, aber vergessen Sie es nicht. !!!!<\/p>Food Tracker<p>Es war ein ausgezeichnetes Erlebnis, wir sahen 3 Pottwale und mehrere Arten von Delfinen.<br\/>Der Service, der Komfort und die Erkl\u00e4rungen waren ausgezeichnet.<br\/>Auch ein wirklich gutes Preis-Leistungs-Verh\u00e4ltnis<\/p>Miguel Reyes Ruiz<p>Professionell und gro\u00dfartig, Blanca der F\u00fchrer erkl\u00e4rte alles perfekt, und Kiko der Skipper f\u00fchrte uns direkt zu den Grindwalen, und verschiedene Arten von Delfinen zu genie\u00dfen.<br\/>\u00c4u\u00dferst empfehlenswert.<\/p><h2 class=\"wp-block-heading\">Eure <strong>Bewertungen<\/strong><\/h2><div class=\"wp-block-buttons is-layout-flex wp-block-buttons-is-layout-flex\"><div class=\"wp-block-button\"><a class=\"wp-block-button__link\">Wo sind wir<\/a><\/div><\/div><h1 class=\"wp-block-heading\">Respektvolle Sichtungen von <span style=\"color: #ffcf24\">Delfinen und Walen<\/span> in Tarifa<\/h1><h2 class=\"wp-block-heading\">Bootstouren in der Stra\u00dfe von Gibraltar<\/h2><p><strong>{je_datos-empresa_nombre-fiscal},<\/strong> Wir sind Spezialisten f\u00fcr Passagierschifffahrt und <strong>verantwortungsvolle Wal- und Delfinbeobachtungen<\/strong> in der Stra\u00dfe von Gibraltar.<\/p>\n<p>Mit <strong>planm\u00e4\u00dfigen Abfahrten und flexiblen Zeitpl\u00e4nen<\/strong> bieten wir ein unvergessliches Erlebnis f\u00fcr alle Natur- und Meeresliebhaber.<\/p>\n<p>Buchen Sie Ihren Ausflug mit uns und <strong>erleben Sie <\/strong>die unglaubliche Unterwasserwelt, w\u00e4hrend Sie eine <strong>sichere und komfortable Reise<\/strong> genie\u00dfen.<\/p>\n<p><strong>Wir erwarten Sie, um mit Ihnen den Zauber des Meeres und seiner wunderbaren Bewohner zu teilen!<\/strong><\/p><p>Unsere modernen Schiffe sind so konzipiert, dass sie das bestm\u00f6gliche Erlebnis bieten, mit <strong>geschultem und freundlichem Personal,<\/strong> das eine <strong>angenehme und sichere Reise gew\u00e4hrleistet.<\/strong> Alle unsere Schiffe sind als <strong>Passagierschiffe klassifiziert<\/strong> und werden zum Zweck der <strong>Personenbef\u00f6rderung eingesetzt.<\/strong><\/p>\n<p><strong>Unser Unternehmen ist auf Seetransporte und hochwertige Touren spezialisiert.<\/strong><\/p><h2 class=\"wp-block-heading\"><strong>Engagiert<\/strong> f\u00fcr die Umwelt<\/h2><p>Unser Engagement f\u00fcr <strong>die nat\u00fcrliche Umwelt <\/strong>und die Arten, die in der Stra\u00dfe von Gibraltar leben, ist unsere Priorit\u00e4t.<\/p>\n<p>Wir haben uns auf <strong>verantwortungsvolle Wal- und Delfinbeobachtungsausfl\u00fcge spezialisiert<\/strong>, bei denen wir stets den Lebensraum und das Verhalten dieser gro\u00dfartigen Kreaturen respektieren.<\/p>\n<p>Begleiten Sie uns und <strong>erleben Sie die Meeresbewohner aus n\u00e4chster N\u00e4he<\/strong>, in ihrer nat\u00fcrlichen Umgebung, ohne ihr \u00d6kosystem zu st\u00f6ren.<\/p>\n<p><strong>Unsere Philosophie basiert auf der Erhaltung und dem Respekt f\u00fcr die Meeresumwelt.<\/strong><\/p>\n<p>Alle unsere Aktivit\u00e4ten werden unter <strong>Einhaltung der strengen Umweltschutzbestimmungen durchgef\u00fchrt<\/strong>, so dass unsere Ausfl\u00fcge die <strong>Tierwelt der Stra\u00dfe von Gibraltar nicht beeintr\u00e4chtigen.<\/strong><\/p><h2 class=\"wp-block-heading\">Kontakt mit uns<\/h2><p>Sie k\u00f6nnen uns per E-Mail oder \u00fcber eine unserer Telefonnummern kontaktieren.<\/p>{je_datos-empresa_telefono-2}{je_datos-empresa_telefono-1}{je_datos-empresa_email}","protected":false},"excerpt":{"rendered":"<p>Respektvolle Walbeobachtung in Spaniengarantiert Actividad ideal para cualquier tipo de p\u00fablico y edad.Visite el Estrecho de Gibraltar avistando delfines y ballenas en m\u00e1s del 99% de nuestras excursiones.Somos un equipo pluriling\u00fce de profesionales del mar y bi\u00f3logos.Compartimos nuestros conocimientos, amor y respeto por estos mam\u00edferos marinos. {je_fauna_nombre-acortado} + info {je_fauna_nombre-acortado} + info {je_fauna_nombre-acortado} + info [&hellip;]<\/p>\n","protected":false},"author":2,"featured_media":0,"parent":0,"menu_order":0,"comment_status":"closed","ping_status":"closed","template":"","meta":{"_acf_changed":false,"_joinchat":[],"footnotes":""},"class_list":["post-3385","page","type-page","status-publish","hentry"],"acf":[],"_links":{"self":[{"href":"https:\/\/www.turmares.com\/de\/wp-json\/wp\/v2\/pages\/3385","targetHints":{"allow":["GET"]}}],"collection":[{"href":"https:\/\/www.turmares.com\/de\/wp-json\/wp\/v2\/pages"}],"about":[{"href":"https:\/\/www.turmares.com\/de\/wp-json\/wp\/v2\/types\/page"}],"author":[{"embeddable":true,"href":"https:\/\/www.turmares.com\/de\/wp-json\/wp\/v2\/users\/2"}],"replies":[{"embeddable":true,"href":"https:\/\/www.turmares.com\/de\/wp-json\/wp\/v2\/comments?post=3385"}],"version-history":[{"count":26,"href":"https:\/\/www.turmares.com\/de\/wp-json\/wp\/v2\/pages\/3385\/revisions"}],"predecessor-version":[{"id":5200,"href":"https:\/\/www.turmares.com\/de\/wp-json\/wp\/v2\/pages\/3385\/revisions\/5200"}],"wp:attachment":[{"href":"https:\/\/www.turmares.com\/de\/wp-json\/wp\/v2\/media?parent=3385"}],"curies":[{"name":"wp","href":"https:\/\/api.w.org\/{rel}","templated":true}]}}