{"id":3391,"date":"2024-07-02T11:23:03","date_gmt":"2024-07-02T09:23:03","guid":{"rendered":"https:\/\/www.turmares.com\/forschung-und-kooperationen\/"},"modified":"2025-02-27T12:11:01","modified_gmt":"2025-02-27T11:11:01","slug":"forschung-und-kooperationen","status":"publish","type":"page","link":"https:\/\/www.turmares.com\/de\/forschung-und-kooperationen\/","title":{"rendered":"Forschung und Kooperationen"},"content":{"rendered":"<p>Die Daten und Informationen, die wir w\u00e4hrend unserer Touren sammeln, sind die Grundlage f\u00fcr zahlreiche Untersuchungen.<\/p>\n<p>Das Engagement von Turmares f\u00fcr die Wissenschaft zeigt sich in allen Projekten, an denen wir seit Jahren beteiligt sind.<\/p><h2 class=\"has-text-align-left wp-block-heading\">Welt-Wal-Allianz (World Cetacean Alliance, wca)<\/h2><h2 class=\"wp-block-heading\">Europ\u00e4ische Gesellschaft f\u00fcr Wale und Delfine (European Cetacean Society, ECS)<\/h2><ul class=\"wp-block-list\">\n<li>Carpinelli, E. et al. Andr\u00e9u, E. et al. (2006). Interspecific mating between bottlenose dolphin and long finned pilot whale.<\/li>\n<li>Mart\u00ednez, M., Villar, S. (2006). Cetaceans sightings in the Strait of Gibraltar during the whale watching seasons 2003, 2004, and 2005. <\/li>\n<li>Andr\u00e9u, E. et al. (2007). Short seasonal absence of long-finned pilot whales in the strait of Gibraltar.<\/li>\n<li>Gallego P. et al. (2007). Killer whale (orcinus orca) diet in the Strait of Gibraltar.<\/li>\n<li>Andr\u00e9u, E. et al. (2008). High levels of interspecific interactions in the Strait of Gibraltar.<\/li>\n<li>Garc\u00eda, A. et al. (2008). Ship strikes in the strait of Gibraltar.<\/li>\n<li>Medina, B. et al. (2008). Bottlenose dolphin response to whale-watching vessels in the Strait of Gibraltar.<\/li>\n<li>Mart\u00ednez, M. et al. (2008). Sperm whales and climate change: unusual temporal distribution in the Strait of Gibraltar.<\/li>\n<li>M\u00f3nica, M. et al. (2008). Sperm whales and climate change: unusual temporal distribution in the Strait of Gibraltar.<\/li>\n<li>Acero, A. et al. (2009). Cetacean interaction with fisheries in the Strait of Gibraltar and the Bay Cadiz.<\/li>\n<li>Consentino, A. et al. (2009). First recaptures of Fin whales (Balaenoptera physalus) migrating through the Strait of Gibraltar.<\/li>\n<li>Gallego, P. et al. (2009). Killer whale hunting behavior and acoustics in the Strait of Gibraltar.<\/li>\n<li>P\u00e9rez Mart\u00edn, E. et al. (2009). Skin lesions observed in cetaceans from Strait of Gibraltar.<\/li>\n<li>Tello, M.J. et al. (2009). Dramatic decrease of Short-breaked common dolphin (Delphinus delphis) sightings in the Strait of Gibraltar.<\/li>\n<li>Abaurrea, T. et al. (2010). Strange absence of the Killer whales during the summer of 2009 in the Strait of Gibraltar (Spain).<\/li>\n<li>Hermoso, M. et al. (2010). Influences of Tanger-Med II harbor on the cetacean population of the Strait of Gibraltar.<\/li>\n<li>Carrillo-Elkin, N. et al. (2011). Evolution of environmental education in the whale watching company Turmares Tarifa, C\u00e1diz, Spain.<\/li>\n<li>Santos, M.E. et al. (2011). Study about the potencial impact of whale watching in the Strait of Gibraltar on the behaviour of Long-finned pilot whale (Globicephala melas).<\/li>\n<li>Tello, M.J. et al. (2011). Cetacean wathings\u2019s in the Strait of Gibraltar since 2003-2010 season.<\/li>\n<li>Llin\u00e0s, J., Andr\u00e9u, E. (2012). Long-finned pilot whale (Globicephala melas) in the Strait of Gibraltar: behavior patterns 2003-2010. <\/li>\n<li>Andr\u00e9u, E. et al. (2013). First record of anomalously white pigmentation in a striped dolphin (Stenella coeruleoalba) in the Strait of Gibraltar.<\/li>\n<li>Carpinelli, E. et al. (2013). The value of integrating whale wathching data in scientific research: the example of the sperm whale (Physeter microcephalus) photo-ID catalogue in the Strait of Gibraltar.<\/li>\n<li>Contreras, C. et al. (2013). Influence of whale watching on the behaviour of pilot whale (globicephala melas) and bottlenose dolphin (tursiops truncatus) in the Strait of Gibraltar.<\/li>\n<li>Gonz\u00e1lez, E. et al. (2013). Tidal influence on local distribution patterns of pilot whale (globicephala melas) in the Strait of Gibraltar.<\/li>\n<li>Andr\u00e9u, E. et al. (2014). Evaluation of the influence of whale watching on Pilot whale and Bottlenose dolphin in the Strait of Gibraltar.<\/li>\n<\/ul><h2 class=\"wp-block-heading\">Welt-Meeress\u00e4uger-Konferenz (World Marine Mammal Conference, WMMC)<\/h2><ul class=\"wp-block-list\">\n<li>G\u00e1mez, A. et al. (2019) Complex Social Interactions of Sperm Whales (Physeter macrocephalus) in the Strait of Gibraltar: the sighting of a marguerite formation with the probable presence of a calf.<\/li>\n<li>Anfruns, I. et al. (2019) Preliminary study on the potential re-organisation of new social groups of long-finned pilot whales (Globicephala melas) in the strait of Gibraltar.<\/li>\n<li>P\u00e9rez, L. et al. (2019) Whale watching activity as a useful tool to monitor the population of bottlenose dolphin (Tursiops truncatus) in the Strait of Gibraltar.<\/li>\n<li>Mart\u00edn, C. et al. (2019) Whale watching platforms as a tool for the monitoring of the health status of wounded cetacean individuals in the Strait of Gibraltar.<\/li>\n<\/ul><h2 class=\"wp-block-heading\">Kooperationen mit Universit\u00e4ten<\/h2><p>Diplom- und Bachelorarbeiten<\/p>\n<ul>\n<li>Santos, M\u00aa.E. (2008). Estudio de la posible incidencia del avistamiento de cet\u00e1ceos en el Estrecho de Gibraltar sobre el comportamiento del Calder\u00f3n com\u00fan Globicephala melas. Facultad de Ciencias del Medio Ambiente. Universidad de Castilla-La Mancha.<\/li>\n<li>Chico, C. (2011). Estudio de la abundancia, tasa de supervivencia y residencia del Delf\u00edn mular Tursiops truncatus en el Estrecho de Gibraltar. Facultad de Ciencias Ambientales y Bioqu\u00edmica. Universidad de Castilla-La Mancha.<\/li>\n<li>Mart\u00edn, C. (2013). Influencia del avistamiento de cet\u00e1ceos sobre los grupos sociales de calder\u00f3n com\u00fan (Globicephala melas) en el Estrecho de Gibraltar.<\/li>\n<li>Mar\u00edn, T. (2016). Estudio de foto-identificaci\u00f3n y uso del espacio del cachalote en el Estrecho de Gibraltar desde plataformas oportunistas de avistamiento. Universidad de C\u00e1diz.<\/li>\n<li>Rom\u00e1n, S. (2016). Estudio comparativo del uso del espacio del delf\u00edn listado (Stenella coeruleoalba) y delf\u00edn com\u00fan (Delphinus delphis) en el Estrecho de Gibraltar.<\/li>\n<li>G\u00e1mez, A. (2019). Presencia estacional del cachalote (Physeter macrocephalus) en el Estrecho de Gibraltar, implicaciones en conservaci\u00f3n. Universidad de Granada.<\/li>\n<\/ul>\n<p>Masterarbeit (TFM)<\/p>\n<ul>\n<li>Borrega, B. (2008). Im\u00e1genes de sat\u00e9lite como herramienta para el estudio de la distribuci\u00f3n de Stenella coeruleoalba: aplicaci\u00f3n en el Estrecho de Gibraltar. Departamento de Ecolog\u00eda y Gesti\u00f3n Costera del Instituto de Ciencias Marinas de Andaluc\u00eda (C.S.I.C).<\/li>\n<li>Contreras, C. (2011-2012). Comportamiento del calder\u00f3n com\u00fan (Globicephala melas) y del delf\u00edn mular (Tursiops truncatus) en el Estrecho de Gibraltar. M\u00e1ster en Etolog\u00eda. Universidad de C\u00f3rdoba.<\/li>\n<li>Gonz\u00e1lez, E. (2011-2012). Influencia mareal en los patrones de distribuci\u00f3n local del Calder\u00f3n Com\u00fan (Globicephala melas) en el Estrecho de Gibraltar. M\u00e1ster en Etolog\u00eda. Universidad de C\u00f3rdoba.<\/li>\n<li>Vegas, I. (2011-2012). Estudio sobre los beneficios de las terapias asistidas con cet\u00e1ceos en libertad. M\u00e1ster en Etolog\u00eda. Universidad de C\u00f3rdoba.<\/li>\n<li>Wal\u00edas, C. (2012-2013). An\u00e1lisis del comportamiento y elaboraci\u00f3n de un etograma de Calder\u00f3n com\u00fan (Globicephala melas) en el Estrecho de Gibraltar. M\u00e1ster en Etolog\u00eda. Universidad de C\u00f3rdoba.<\/li>\n<li>Gonz\u00e1lez, E. (2011-2012). Influencia mareal en los patrones de distribuci\u00f3n local del Calder\u00f3n com\u00fan (Globicephala melas) en el Estrecho de Gibraltar.<\/li>\n<\/ul><h2 class=\"wp-block-heading\">Spanische Gesellschaft f\u00fcr Wale und Delfine (Sociedad Espa\u00f1ola de Cet\u00e1ceos, SEC)<\/h2><ul class=\"wp-block-list\">\n<li>Carpinelli, E. et al. (2015). Assessing sperm whale (Physeter macrocephalus) movements within the western Mediterranean Sea through photo-identification: an effective example of cooperation between institutions.<\/li>\n<li>Andr\u00e9u, E., Pat\u00f3n, D. (2015). Verwendung der Multifraktalanalyse bei der Bestimmung eines funktionalen Modells der Verteilung des Pottwals (Physeter macrocephalus) in der Stra\u00dfe von Gibraltar. <\/li>\n<li> Anfruns, I. et al. (2016). Raumnutzungsanalyse von foto-identifizierten Individuen von Kurzflossen-Grindwalen (Globicephalamelas) in der Stra\u00dfe von Gibraltar. IX. Kongress der SEC (Spanische Gesellschaft f\u00fcr Wale und Delfine), Gran Canaria, Spanien.<\/li>\n<li>Rom\u00e1n, S. et al. (2016). Bestimmung der Raumnutzung von Gro\u00dfen T\u00fcmmlern (Tursiops truncatus) in der Stra\u00dfe von Gibraltar mittels multifraktaler Analyse. <\/li>\n<li>Mart\u00edn, T. et al. (2016). Multifraktale Analyse zur Bestimmung der Raumnutzung des Schwertwals (Orcinus orca) in der Stra\u00dfe von Gibraltar. <\/li>\n<li>Rodriguez, Y. et al. (2016). Bestimmung der r\u00e4umlichen Habitatnutzung von verschiedenen Pottwal-Individuen (Physether macrocephalus) in der Stra\u00dfe von Gibraltar.<\/li>\n<li>Andr\u00e9u, A. et al. (2017). Analyse der \u00f6kologischen Stabilit\u00e4t der Verbreitungsgebiete von Walen in der Stra\u00dfe von Gibraltar, den Kanarischen Inseln und Katalonien.<\/li>\n<li>Anfruns, I. et al. (2017). Vergleichende Studie mittels einer multifraktalen Analyse der Nutzung von Pr\u00e4ferenzr\u00e4umen zwischen Individuen und zwischen sozialen Gruppen von Kurzflossen-Grindwalen (Globicephala melas) in der Stra\u00dfe von Gibraltar.<\/li>\n<li>P\u00e9rez, L. et al. (2018). Vorl\u00e4ufige Studie \u00fcber opportunistische Plattformen zu L\u00e4sionen in verschiedenen Walpopulationen in der Stra\u00dfe von Gibraltar.<\/li>\n<\/ul><h1 class=\"wp-block-heading\">{post_title}<\/h1>","protected":false},"excerpt":{"rendered":"<p>Die Daten und Informationen, die wir w\u00e4hrend unserer Touren sammeln, sind die Grundlage f\u00fcr zahlreiche Untersuchungen. Das Engagement von Turmares f\u00fcr die Wissenschaft zeigt sich in allen Projekten, an denen wir seit Jahren beteiligt sind. Welt-Wal-Allianz (World Cetacean Alliance, wca) Europ\u00e4ische Gesellschaft f\u00fcr Wale und Delfine (European Cetacean Society, ECS) Carpinelli, E. et al. Andr\u00e9u, [&hellip;]<\/p>\n","protected":false},"author":2,"featured_media":0,"parent":0,"menu_order":0,"comment_status":"closed","ping_status":"closed","template":"","meta":{"_acf_changed":false,"_joinchat":[],"footnotes":""},"class_list":["post-3391","page","type-page","status-publish","hentry"],"acf":[],"_links":{"self":[{"href":"https:\/\/www.turmares.com\/de\/wp-json\/wp\/v2\/pages\/3391","targetHints":{"allow":["GET"]}}],"collection":[{"href":"https:\/\/www.turmares.com\/de\/wp-json\/wp\/v2\/pages"}],"about":[{"href":"https:\/\/www.turmares.com\/de\/wp-json\/wp\/v2\/types\/page"}],"author":[{"embeddable":true,"href":"https:\/\/www.turmares.com\/de\/wp-json\/wp\/v2\/users\/2"}],"replies":[{"embeddable":true,"href":"https:\/\/www.turmares.com\/de\/wp-json\/wp\/v2\/comments?post=3391"}],"version-history":[{"count":27,"href":"https:\/\/www.turmares.com\/de\/wp-json\/wp\/v2\/pages\/3391\/revisions"}],"predecessor-version":[{"id":4976,"href":"https:\/\/www.turmares.com\/de\/wp-json\/wp\/v2\/pages\/3391\/revisions\/4976"}],"wp:attachment":[{"href":"https:\/\/www.turmares.com\/de\/wp-json\/wp\/v2\/media?parent=3391"}],"curies":[{"name":"wp","href":"https:\/\/api.w.org\/{rel}","templated":true}]}}