{"id":3395,"date":"2024-06-26T12:12:38","date_gmt":"2024-06-26T10:12:38","guid":{"rendered":"https:\/\/www.turmares.com\/anwendbares-recht-und-gerichtsbarkeit\/"},"modified":"2025-02-27T12:13:41","modified_gmt":"2025-02-27T11:13:41","slug":"anwendbares-recht-und-gerichtsbarkeit","status":"publish","type":"page","link":"https:\/\/www.turmares.com\/de\/anwendbares-recht-und-gerichtsbarkeit\/","title":{"rendered":"Anwendbares Recht und Gerichtsbarkeit"},"content":{"rendered":"<p>Die vorliegenden Gesch\u00e4ftsbedingungen unterliegen dem spanischen Recht. Die Parteien unterwerfen sich dem Gerichtsstand des Wohnsitzes des Nutzers gem\u00e4\u00df dem K\u00f6niglichen Gesetzesdekret 1\/2007 vom 16. November zur Genehmigung der Neufassung des spanischen Verbraucherschutzgesetzes und anderer erg\u00e4nzender Gesetze.<\/p>\n<p>Des Weiteren informiert TURMARES TARIFA S.L. in \u00dcbereinstimmung mit den Bestimmungen der Verordnung (EU) Nr. 524\/2013 des Europ\u00e4ischen Parlaments und des Rates vom 21. Mai 2013 \u00fcber die Online-Beilegung verbraucherrechtlicher Streitigkeiten dar\u00fcber, dass Nutzer mit Wohnsitz in der Europ\u00e4ischen Union im Streitfall die von der Europ\u00e4ischen Kommission entwickelte \u201eOnline-Streitbeilegung\u201c nutzen k\u00f6nnen, um zu versuchen, Streitigkeiten, die sich aus der Erbringung von Dienstleistungen durch TURMARES TARIFA S.L. ergeben, au\u00dfergerichtlich beizulegen.<\/p>\n<p>Der Zugang zur \u201eOnline-Streitbeilegung\u201c ist \u00fcber den folgenden Link m\u00f6glich:<br \/>\n<a href=\"http:\/\/ec.europa.eu\/consumers\/odr\/\">http:\/\/ec.europa.eu\/consumers\/odr\/<\/a><\/p>\n<p>In jedem Fall informiert TURMARES TARIFA S.L. die Nutzer dar\u00fcber, dass ein Beschwerdeformular zur Verf\u00fcgung steht, \u00fcber das Beschwerden oder Reklamationen bez\u00fcglich der von TURMARES TARIFA S.L. angebotenen Dienstleistungen eingereicht werden k\u00f6nnen.<\/p>\n","protected":false},"excerpt":{"rendered":"<p>Die vorliegenden Gesch\u00e4ftsbedingungen unterliegen dem spanischen Recht. Die Parteien unterwerfen sich dem Gerichtsstand des Wohnsitzes des Nutzers gem\u00e4\u00df dem K\u00f6niglichen Gesetzesdekret 1\/2007 vom 16. November zur Genehmigung der Neufassung des spanischen Verbraucherschutzgesetzes und anderer erg\u00e4nzender Gesetze. Des Weiteren informiert TURMARES TARIFA S.L. in \u00dcbereinstimmung mit den Bestimmungen der Verordnung (EU) Nr. 524\/2013 des Europ\u00e4ischen Parlaments [&hellip;]<\/p>\n","protected":false},"author":2,"featured_media":0,"parent":0,"menu_order":0,"comment_status":"closed","ping_status":"closed","template":"","meta":{"_acf_changed":false,"_joinchat":[],"footnotes":""},"class_list":["post-3395","page","type-page","status-publish","hentry"],"acf":[],"_links":{"self":[{"href":"https:\/\/www.turmares.com\/de\/wp-json\/wp\/v2\/pages\/3395","targetHints":{"allow":["GET"]}}],"collection":[{"href":"https:\/\/www.turmares.com\/de\/wp-json\/wp\/v2\/pages"}],"about":[{"href":"https:\/\/www.turmares.com\/de\/wp-json\/wp\/v2\/types\/page"}],"author":[{"embeddable":true,"href":"https:\/\/www.turmares.com\/de\/wp-json\/wp\/v2\/users\/2"}],"replies":[{"embeddable":true,"href":"https:\/\/www.turmares.com\/de\/wp-json\/wp\/v2\/comments?post=3395"}],"version-history":[{"count":7,"href":"https:\/\/www.turmares.com\/de\/wp-json\/wp\/v2\/pages\/3395\/revisions"}],"predecessor-version":[{"id":4977,"href":"https:\/\/www.turmares.com\/de\/wp-json\/wp\/v2\/pages\/3395\/revisions\/4977"}],"wp:attachment":[{"href":"https:\/\/www.turmares.com\/de\/wp-json\/wp\/v2\/media?parent=3395"}],"curies":[{"name":"wp","href":"https:\/\/api.w.org\/{rel}","templated":true}]}}