{"id":3414,"date":"2023-07-14T07:06:49","date_gmt":"2023-07-14T05:06:49","guid":{"rendered":"https:\/\/www.turmares.com\/wer-wir-sind\/"},"modified":"2025-03-03T09:34:39","modified_gmt":"2025-03-03T08:34:39","slug":"wer-wir-sind","status":"publish","type":"page","link":"https:\/\/www.turmares.com\/de\/wer-wir-sind\/","title":{"rendered":"Wer wir sind"},"content":{"rendered":"<h2 class=\"wp-block-heading\">Unser Team und unsere Geschichte<\/h2>\n\n<h1 class=\"wp-block-heading\">Lernen Sie uns kennen<\/h1>\n\n\n\n<figure class=\"wp-block-image size-full\"><img loading=\"lazy\" decoding=\"async\" width=\"960\" height=\"580\" src=\"https:\/\/www.turmares.com\/wp-content\/uploads\/nuestra-historia-left.jpg\" alt class=\"wp-image-985\" srcset=\"https:\/\/www.turmares.com\/wp-content\/uploads\/nuestra-historia-left.jpg 960w, https:\/\/www.turmares.com\/wp-content\/uploads\/nuestra-historia-left-768x464.jpg 768w\" sizes=\"auto, (max-width: 960px) 100vw, 960px\" \/><\/figure>\n\n<strong>Turmares<\/strong> geht auf das Jahr 1996 zur\u00fcck, als einer der Gr\u00fcndungspartner mit den ersten Passagieren auf Walbeobachtungstour ging. Einige Jahre sp\u00e4ter, im Jahr 1999, wurde Turmares gegr\u00fcndet: <strong>Das erste Unternehmen, das sich der Walbeobachtung in der Region widmete.<\/strong>\n\nBei <strong>Turmares <\/strong>widmen wir uns <strong>seit \u00fcber 25 Jahren<\/strong> der Delfin- und Walbeobachtung. Eine Gruppe von <strong>Naturliebhabern beschloss, ein Unternehmen in einem Sektor zu gr\u00fcnden, der damals in Spanien praktisch unbekannt war.<\/strong>\n\n<figure class=\"wp-block-image size-full\"><img loading=\"lazy\" decoding=\"async\" width=\"1024\" height=\"768\" src=\"https:\/\/www.turmares.com\/wp-content\/uploads\/turmares-patrones-1024.jpg\" alt class=\"wp-image-1609\" srcset=\"https:\/\/www.turmares.com\/wp-content\/uploads\/turmares-patrones-1024.jpg 1024w, https:\/\/www.turmares.com\/wp-content\/uploads\/turmares-patrones-1024-768x576.jpg 768w\" sizes=\"auto, (max-width: 1024px) 100vw, 1024px\" \/><\/figure>\n\n<h2 class=\"wp-block-heading\">Unser <strong>Team<\/strong><\/h2>\n\n\n\n<h3 class=\"wp-block-heading\">{post_title}<\/h3>\n\n<h5 class=\"wp-block-heading\">{je_trabajadores_puesto}<\/h5>\n\n<h2 class=\"wp-block-heading\"><strong>Geschichte<\/strong><\/h2>\n\n<h3 class=\"wp-block-heading\"><strong>Buchen Sie<\/strong> jetzt Ihre Tour,<br>unser Team wartet auf Sie, um Ihnen die Wunder <strong>der Meerenge zu zeigen.<\/strong><\/h3>\n\n<div class=\"wp-block-buttons is-layout-flex wp-block-buttons-is-layout-flex\"><div class=\"wp-block-button\"><a class=\"wp-block-button__link\">Tickets<\/a><\/div><\/div>\n\n<figure class=\"wp-block-image size-full\"><img loading=\"lazy\" decoding=\"async\" width=\"960\" height=\"580\" src=\"https:\/\/www.turmares.com\/wp-content\/uploads\/nuestra-historia-right-2.jpg\" alt class=\"wp-image-988\" srcset=\"https:\/\/www.turmares.com\/wp-content\/uploads\/nuestra-historia-right-2.jpg 960w, https:\/\/www.turmares.com\/wp-content\/uploads\/nuestra-historia-right-2-768x464.jpg 768w\" sizes=\"auto, (max-width: 960px) 100vw, 960px\" \/><\/figure>\n\n<p>Damals wusste man nur wenig \u00fcber die Arten, die man in der Stra\u00dfe von Gibraltar beobachten konnte. Im Einklang mit <strong>unserer Philosophie der Entwicklung und Nachhaltigkeit<\/strong> gingen wir einen Schritt weiter und schufen die Figur des <strong>Guides, der auch Biologe und Wissenschaftler<\/strong> ist. Ein Team aus Biologen und Experten verschiedener wissenschaftlicher Disziplinen, die ihr Fachwissen einbringen, um die Erfahrung der Passagiere zu bereichern. <strong>Wir nennen sie alle Guides. <\/strong>Sie sind daf\u00fcr zust\u00e4ndig, die Passagiere zu informieren und unsere Leidenschaft und unser Wissen \u00fcber diese Arten weiterzugeben. Dar\u00fcber hinaus sammeln sie Sichtungsdaten, fotografieren, und dokumentieren die gewonnenen Informationen und liefern so wertvolles Material f\u00fcr die von unserer wissenschaftlichen Abteilung durchgef\u00fchrten Walforschungen.<\/p>\n<p>Nach der Gr\u00fcndung der Abteilung f\u00fcr Wissenschaft und Bildung mit unseren Biologen und Guides, haben wir auch die Abteilung f\u00fcr audiovisuelle Medien geschaffen, um alle Boote auf unseren Ausfahrten mit professionellen Kameras und Objektiven sowohl f\u00fcr Video als auch f\u00fcr Fotografie auszustatten. Dies ist sowohl f\u00fcr die Fotoidentifizierung und das Filmen des Verhaltens der Wale als auch f\u00fcr die Ver\u00f6ffentlichung von Inhalten unerl\u00e4sslich, da wir so \u00fcber ein umfangreiches Archiv mit qualitativ hochwertigen Fotos verf\u00fcgen, die sowohl f\u00fcr das Marketing als auch f\u00fcr professionelle Produktionsfirmen n\u00fctzlich sind.<br>Au\u00dferdem ist es das, was uns als Partner verbindet: unsere gemeinsame Liebe zur Natur, zum Meer und unsere Leidenschaft f\u00fcr das Filmen und Fotografieren.<\/p>","protected":false},"excerpt":{"rendered":"<p>Unser Team und unsere Geschichte Lernen Sie uns kennen Turmares geht auf das Jahr 1996 zur\u00fcck, als einer der Gr\u00fcndungspartner mit den ersten Passagieren auf Walbeobachtungstour ging. Einige Jahre sp\u00e4ter, im Jahr 1999, wurde Turmares gegr\u00fcndet: Das erste Unternehmen, das sich der Walbeobachtung in der Region widmete. Bei Turmares widmen wir uns seit \u00fcber 25 [&hellip;]<\/p>\n","protected":false},"author":2,"featured_media":0,"parent":0,"menu_order":0,"comment_status":"closed","ping_status":"closed","template":"","meta":{"_acf_changed":false,"_joinchat":[],"footnotes":""},"class_list":["post-3414","page","type-page","status-publish","hentry"],"acf":[],"_links":{"self":[{"href":"https:\/\/www.turmares.com\/de\/wp-json\/wp\/v2\/pages\/3414","targetHints":{"allow":["GET"]}}],"collection":[{"href":"https:\/\/www.turmares.com\/de\/wp-json\/wp\/v2\/pages"}],"about":[{"href":"https:\/\/www.turmares.com\/de\/wp-json\/wp\/v2\/types\/page"}],"author":[{"embeddable":true,"href":"https:\/\/www.turmares.com\/de\/wp-json\/wp\/v2\/users\/2"}],"replies":[{"embeddable":true,"href":"https:\/\/www.turmares.com\/de\/wp-json\/wp\/v2\/comments?post=3414"}],"version-history":[{"count":24,"href":"https:\/\/www.turmares.com\/de\/wp-json\/wp\/v2\/pages\/3414\/revisions"}],"predecessor-version":[{"id":5010,"href":"https:\/\/www.turmares.com\/de\/wp-json\/wp\/v2\/pages\/3414\/revisions\/5010"}],"wp:attachment":[{"href":"https:\/\/www.turmares.com\/de\/wp-json\/wp\/v2\/media?parent=3414"}],"curies":[{"name":"wp","href":"https:\/\/api.w.org\/{rel}","templated":true}]}}