{"id":4021,"date":"2024-08-16T09:27:43","date_gmt":"2024-08-16T07:27:43","guid":{"rendered":"https:\/\/www.turmares.com\/tarifa\/"},"modified":"2025-02-13T22:12:49","modified_gmt":"2025-02-13T21:12:49","slug":"tarifa","status":"publish","type":"page","link":"https:\/\/www.turmares.com\/de\/tarifa\/","title":{"rendered":"Tarifa"},"content":{"rendered":"Tarifa es un enclave geogr\u00e1fico \u00fanico en el mundo, con un hermoso paisaje natural costero y terrestre muy bien conservado y de alto valor ecol\u00f3gico.<h2 class=\"wp-block-heading\">Naturpark Los Alcornocales<\/h2><strong>El Parque Natural de Los Alcornocales en Tarifa<\/strong> (C\u00e1diz) es un aut\u00e9ntico para\u00edso para los amantes de la naturaleza y la aventura.Belleza esc\u00e9nica y paisajes inigualablesBiodiversidad \u00fanicaRutas de senderismo y aventuraValor cultural e hist\u00f3ricoProtecci\u00f3n y conservaci\u00f3n del medio ambienteEscapada perfecta para desconectarEste extenso parque, que abarca m\u00e1s de 170.000 <strong>hect\u00e1reas,<\/strong> es uno de los<strong> bosques de alcornoques m\u00e1s grandes del mundo<\/strong> y un refugio para una incre\u00edble biodiversidad.Aqu\u00ed le presentamos algunas de las razones por las que debe visitar este impresionante espacio natural.Paisajes espectaculares y vistas panor\u00e1micasRiqueza biol\u00f3gica y observaci\u00f3n de avesActividades al aire libre y aventuraPatrimonio cultural e hist\u00f3ricoConservaci\u00f3n y sostenibilidadEscapada perfecta para la relajaci\u00f3n<h2 class=\"wp-block-heading\">Naturpark El Estrecho<\/h2>Ubicado en el punto m\u00e1s meridional de la pen\u00ednsula ib\u00e9rica, el <strong>Parque Natural del Estrecho en Tarifa<\/strong> (C\u00e1diz) es una joya natural que combina una <strong>impresionante biodiversidad con una rica herencia cultural e hist\u00f3rica.<\/strong>Este parque <strong>es un lugar fascinante<\/strong> donde Europa y \u00c1frica casi se tocan y donde el Mediterr\u00e1neo y el Atl\u00e1ntico se encuentran.Aqu\u00ed le presentamos algunas de las razones por las que debe visitar este incre\u00edble parque natural.<p>Die gro\u00dfe Vielfalt an Landschaften, Flora und Fauna machen Tarifa zu einem der <strong>besten Reiseziele f\u00fcr Naturtourismus in Spanien<\/strong>. Hier kann man V\u00f6gel beobachten, tauchen, Rad fahren, reiten und nat\u00fcrlich Wale und Delfine beobachten.<\/p>\n<p><strong>Tarifa ist ein magischer Ort, an dem die Winde haupts\u00e4chlich aus Westen (Poniente) und Osten (Levante) wehen.<\/strong><\/p>\n<p>Die Winde k\u00f6nnen sehr stark sein, sind aber meistens von mittlerer Intensit\u00e4t.<\/p>\n<p>Gerade diese Besonderheit hat eine eigene Kultur, ein eigenes Lebensgef\u00fchl und schlie\u00dflich einen Tourismusmagnet hervorgebracht, vor allem f\u00fcr windabh\u00e4ngige <strong>Wassersportarten<\/strong> wie <strong>Windsurfen<\/strong>, <strong>Kitesurfen<\/strong> oder <strong>Windfoil<\/strong>.<\/p>En su territorio existen dos importantes figuras de protecci\u00f3n:<h1 class=\"wp-block-heading\">Tarifa und Umgebung<\/h1>","protected":false},"excerpt":{"rendered":"<p>Tarifa es un enclave geogr\u00e1fico \u00fanico en el mundo, con un hermoso paisaje natural costero y terrestre muy bien conservado y de alto valor ecol\u00f3gico. Naturpark Los Alcornocales El Parque Natural de Los Alcornocales en Tarifa (C\u00e1diz) es un aut\u00e9ntico para\u00edso para los amantes de la naturaleza y la aventura.Belleza esc\u00e9nica y paisajes inigualablesBiodiversidad \u00fanicaRutas [&hellip;]<\/p>\n","protected":false},"author":2,"featured_media":0,"parent":0,"menu_order":0,"comment_status":"closed","ping_status":"closed","template":"","meta":{"_acf_changed":false,"_joinchat":[],"footnotes":""},"class_list":["post-4021","page","type-page","status-publish","hentry"],"acf":[],"_links":{"self":[{"href":"https:\/\/www.turmares.com\/de\/wp-json\/wp\/v2\/pages\/4021","targetHints":{"allow":["GET"]}}],"collection":[{"href":"https:\/\/www.turmares.com\/de\/wp-json\/wp\/v2\/pages"}],"about":[{"href":"https:\/\/www.turmares.com\/de\/wp-json\/wp\/v2\/types\/page"}],"author":[{"embeddable":true,"href":"https:\/\/www.turmares.com\/de\/wp-json\/wp\/v2\/users\/2"}],"replies":[{"embeddable":true,"href":"https:\/\/www.turmares.com\/de\/wp-json\/wp\/v2\/comments?post=4021"}],"version-history":[{"count":18,"href":"https:\/\/www.turmares.com\/de\/wp-json\/wp\/v2\/pages\/4021\/revisions"}],"predecessor-version":[{"id":4866,"href":"https:\/\/www.turmares.com\/de\/wp-json\/wp\/v2\/pages\/4021\/revisions\/4866"}],"wp:attachment":[{"href":"https:\/\/www.turmares.com\/de\/wp-json\/wp\/v2\/media?parent=4021"}],"curies":[{"name":"wp","href":"https:\/\/api.w.org\/{rel}","templated":true}]}}