{"id":3344,"date":"2024-06-24T10:51:18","date_gmt":"2024-06-24T08:51:18","guid":{"rendered":"https:\/\/www.turmares.com\/science-and-education-department\/"},"modified":"2025-03-12T09:49:03","modified_gmt":"2025-03-12T08:49:03","slug":"science-and-education-department","status":"publish","type":"page","link":"https:\/\/www.turmares.com\/en\/science-and-education-department\/","title":{"rendered":"Science and Education Department"},"content":{"rendered":"<h1 class=\"wp-block-heading\">Science and Education Department<\/h1><h2 class=\"wp-block-heading\">Data collection<\/h2>En todas nuestras salidas se recogen datos de forma sistem\u00e1tica. Esta recogida se realiza en base a los protocolos establecidos por la Sociedad Espa\u00f1ola de Cet\u00e1ceos (SEC).<figure class=\"wp-block-image size-full\"><img loading=\"lazy\" decoding=\"async\" width=\"708\" height=\"494\" src=\"https:\/\/www.turmares.com\/wp-content\/uploads\/cuaderno.jpg\" alt=\"\" class=\"wp-image-646\"\/><\/figure><h2 class=\"wp-block-heading\">Identification photo<\/h2>T\u00e9cnica que nos permite identificar a los individuos a trav\u00e9s de sus marcas naturales<br\/>usando exclusivamente fotograf\u00eda.<br\/>Es una herramienta muy \u00fatil para estudios de tama\u00f1o poblacional, viabilidad poblacional, uso de h\u00e1bitat, supervivencia, movimientos y reproducci\u00f3n.La foto de identificaci\u00f3n (foto-ID) presenta una serie de ventajas frente a otras t\u00e9cnicas de estudio.<br\/>\n<ul>\n  <li><strong>Poco invasiva<\/strong>, ya que no hay que capturar o marcar a los animales.<br\/><\/li>\n  <li><strong>Accesible y de bajo coste.<\/strong><br\/><\/li>\n  <li><strong>Permite crear cat\u00e1logos<\/strong> de individuos para hacer un seguimiento de las poblaciones y poder estudiar la fidelidad grupal de los individuos reconocidos a un mismo grupo y asociaciones.<br\/><\/li>\n  <li><strong>Establecer rutas migratorias<\/strong>, si se trata de especies migradoras, comparando cat\u00e1logos de zonas diferentes.<br\/><\/li>\n  <li><strong>Estimar el tama\u00f1o poblacional<\/strong>, establecer edades de maduraci\u00f3n sexual, intervalos de crianza, longitud de la cura parental, edad reproductiva e, incluso, longevidad si se realiza un seguimiento prolongado en el tiempo.<\/li>\n<\/ul><figure class=\"wp-block-image size-full\"><img loading=\"lazy\" decoding=\"async\" width=\"1280\" height=\"1040\" src=\"https:\/\/www.turmares.com\/wp-content\/uploads\/calderon_archivo-fotografico.jpg\" alt=\"\" class=\"wp-image-658\" srcset=\"https:\/\/www.turmares.com\/wp-content\/uploads\/calderon_archivo-fotografico.jpg 1280w, https:\/\/www.turmares.com\/wp-content\/uploads\/calderon_archivo-fotografico-768x624.jpg 768w\" sizes=\"auto, (max-width: 1280px) 100vw, 1280px\" \/><\/figure><p>Cetacean watching trips are a unique opportunity to obtain data that increase knowledge about the animals and their environment, and therefore have a positive impact on their conservation.<\/p>\n<p>Better knowledge of cetaceans and the generation of environmental awareness are mechanisms of action for the activity to be developed in a sustainable way, having a positive impact on the socio-economic development of the area.<\/p>\n<p><strong>Turmares Tarifa<\/strong> combines this philosophy with a service of absolute quality, applying an extra effort to show users the beauties of the Strait of Gibraltar, as well as to awaken a wealth of emotions arising from the encounter with these mythical animals.<\/p>","protected":false},"excerpt":{"rendered":"<p>Science and Education Department Data collection En todas nuestras salidas se recogen datos de forma sistem\u00e1tica. Esta recogida se realiza en base a los protocolos establecidos por la Sociedad Espa\u00f1ola de Cet\u00e1ceos (SEC). Identification photo T\u00e9cnica que nos permite identificar a los individuos a trav\u00e9s de sus marcas naturalesusando exclusivamente fotograf\u00eda.Es una herramienta muy \u00fatil [&hellip;]<\/p>\n","protected":false},"author":2,"featured_media":0,"parent":0,"menu_order":0,"comment_status":"closed","ping_status":"closed","template":"","meta":{"_acf_changed":false,"_joinchat":[],"footnotes":""},"class_list":["post-3344","page","type-page","status-publish","hentry"],"acf":[],"_links":{"self":[{"href":"https:\/\/www.turmares.com\/en\/wp-json\/wp\/v2\/pages\/3344","targetHints":{"allow":["GET"]}}],"collection":[{"href":"https:\/\/www.turmares.com\/en\/wp-json\/wp\/v2\/pages"}],"about":[{"href":"https:\/\/www.turmares.com\/en\/wp-json\/wp\/v2\/types\/page"}],"author":[{"embeddable":true,"href":"https:\/\/www.turmares.com\/en\/wp-json\/wp\/v2\/users\/2"}],"replies":[{"embeddable":true,"href":"https:\/\/www.turmares.com\/en\/wp-json\/wp\/v2\/comments?post=3344"}],"version-history":[{"count":10,"href":"https:\/\/www.turmares.com\/en\/wp-json\/wp\/v2\/pages\/3344\/revisions"}],"predecessor-version":[{"id":5149,"href":"https:\/\/www.turmares.com\/en\/wp-json\/wp\/v2\/pages\/3344\/revisions\/5149"}],"wp:attachment":[{"href":"https:\/\/www.turmares.com\/en\/wp-json\/wp\/v2\/media?parent=3344"}],"curies":[{"name":"wp","href":"https:\/\/api.w.org\/{rel}","templated":true}]}}