{"id":3405,"date":"2023-07-14T07:06:49","date_gmt":"2023-07-14T05:06:49","guid":{"rendered":"https:\/\/www.turmares.com\/about-us\/"},"modified":"2025-03-12T08:26:14","modified_gmt":"2025-03-12T07:26:14","slug":"about-us","status":"publish","type":"page","link":"https:\/\/www.turmares.com\/en\/about-us\/","title":{"rendered":"About us"},"content":{"rendered":"<h2 class=\"wp-block-heading\">Our team and history<\/h2><h1 class=\"wp-block-heading\">Know us<\/h1><figure class=\"wp-block-image size-full\"><img loading=\"lazy\" decoding=\"async\" width=\"960\" height=\"580\" src=\"https:\/\/www.turmares.com\/wp-content\/uploads\/nuestra-historia-left.jpg\" alt=\"\" class=\"wp-image-985\" srcset=\"https:\/\/www.turmares.com\/wp-content\/uploads\/nuestra-historia-left.jpg 960w, https:\/\/www.turmares.com\/wp-content\/uploads\/nuestra-historia-left-768x464.jpg 768w\" sizes=\"auto, (max-width: 960px) 100vw, 960px\" \/><\/figure>Los or\u00edgenes de <strong>Turmares<\/strong> se remontan a 1996, cuando uno de los socios fundadores empez\u00f3 a salir en busca de cet\u00e1ceos con los primeros pasajeros. Unos a\u00f1os m\u00e1s tarde, en 1999, la compa\u00f1\u00eda se formaliz\u00f3 y se convirti\u00f3 en <strong>la primera empresa en ofrecer avistamiento de cet\u00e1ceos en el Estrecho de Gibraltar.<\/strong>En <strong>Turmares Tarifa <\/strong>contamos con <strong>m\u00e1s de 25 a\u00f1os<\/strong> dedicados al avistamiento de cet\u00e1ceos. Este proyecto naci\u00f3 del sue\u00f1o de un grupo de <strong>apasionados de la naturaleza,<\/strong> quienes se atrevieron a explorar un sector pr\u00e1cticamente desconocido en Espa\u00f1a en aquel entonces.<figure class=\"wp-block-image size-full\"><img loading=\"lazy\" decoding=\"async\" width=\"1024\" height=\"768\" src=\"https:\/\/www.turmares.com\/wp-content\/uploads\/turmares-patrones-1024.jpg\" alt=\"\" class=\"wp-image-1609\" srcset=\"https:\/\/www.turmares.com\/wp-content\/uploads\/turmares-patrones-1024.jpg 1024w, https:\/\/www.turmares.com\/wp-content\/uploads\/turmares-patrones-1024-768x576.jpg 768w\" sizes=\"auto, (max-width: 1024px) 100vw, 1024px\" \/><\/figure><h2 class=\"wp-block-heading\">Our <strong>Team<\/strong><\/h2><h3 class=\"wp-block-heading\">{post_title}<\/h3><h5 class=\"wp-block-heading\">{je_trabajadores_puesto}<\/h5><h2 class=\"wp-block-heading\"><strong>History<\/strong><\/h2><h3 class=\"wp-block-heading\"><strong>Book <\/strong>your tour now,<br\/>our team is waiting for you to show you <strong>the wonders of the Strait<\/strong>.<\/h3><div class=\"wp-block-buttons is-layout-flex wp-block-buttons-is-layout-flex\"><div class=\"wp-block-button\"><a class=\"wp-block-button__link\">Tickets<\/a><\/div><\/div><figure class=\"wp-block-image size-full\"><img loading=\"lazy\" decoding=\"async\" width=\"960\" height=\"580\" src=\"https:\/\/www.turmares.com\/wp-content\/uploads\/nuestra-historia-right-2.jpg\" alt=\"\" class=\"wp-image-988\" srcset=\"https:\/\/www.turmares.com\/wp-content\/uploads\/nuestra-historia-right-2.jpg 960w, https:\/\/www.turmares.com\/wp-content\/uploads\/nuestra-historia-right-2-768x464.jpg 768w\" sizes=\"auto, (max-width: 960px) 100vw, 960px\" \/><\/figure><p>At that time there was little knowledge of the species that could be sighted in the Strait of Gibraltar. In line with <strong>our philosophy of development and sustainability<\/strong>, we went a step further and created the figure of the<strong> biologist and scientific guides<\/strong>, a team made up of biologists and experts from various scientific disciplines, who contribute their specialised knowledge to enrich the passengers&#8217; experience. We will call them all, in short,<strong> biologist-guides<\/strong>, in charge of informing the passengers and transmitting our passion and knowledge of these species. In addition, they collect sighting data, take photographs and document the information obtained, contributing valuable material to the cetacean research carried out by our scientific department.<\/p>\n<p>Simultaneously, when we created the Scientific and Environmental Education Department with the biologist-guides, we also founded the Audiovisual Department to equip all the boats of our sea trips with professional cameras and lenses, both for video and photography. This is as essential for the photo-identification and filming of cetacean behavior, as it is indispensable for publishing content, since it allows us to maintain an extensive archive of high-quality photographs and footage for marketing and for professional production companies.<br\/>Moreover, all this is what unites us as partners: a shared love of nature, the sea, and our passion for filming and photography.<\/p>","protected":false},"excerpt":{"rendered":"<p>Our team and history Know us Los or\u00edgenes de Turmares se remontan a 1996, cuando uno de los socios fundadores empez\u00f3 a salir en busca de cet\u00e1ceos con los primeros pasajeros. Unos a\u00f1os m\u00e1s tarde, en 1999, la compa\u00f1\u00eda se formaliz\u00f3 y se convirti\u00f3 en la primera empresa en ofrecer avistamiento de cet\u00e1ceos en el [&hellip;]<\/p>\n","protected":false},"author":2,"featured_media":0,"parent":0,"menu_order":0,"comment_status":"closed","ping_status":"closed","template":"","meta":{"_acf_changed":false,"_joinchat":[],"footnotes":""},"class_list":["post-3405","page","type-page","status-publish","hentry"],"acf":[],"_links":{"self":[{"href":"https:\/\/www.turmares.com\/en\/wp-json\/wp\/v2\/pages\/3405","targetHints":{"allow":["GET"]}}],"collection":[{"href":"https:\/\/www.turmares.com\/en\/wp-json\/wp\/v2\/pages"}],"about":[{"href":"https:\/\/www.turmares.com\/en\/wp-json\/wp\/v2\/types\/page"}],"author":[{"embeddable":true,"href":"https:\/\/www.turmares.com\/en\/wp-json\/wp\/v2\/users\/2"}],"replies":[{"embeddable":true,"href":"https:\/\/www.turmares.com\/en\/wp-json\/wp\/v2\/comments?post=3405"}],"version-history":[{"count":26,"href":"https:\/\/www.turmares.com\/en\/wp-json\/wp\/v2\/pages\/3405\/revisions"}],"predecessor-version":[{"id":5129,"href":"https:\/\/www.turmares.com\/en\/wp-json\/wp\/v2\/pages\/3405\/revisions\/5129"}],"wp:attachment":[{"href":"https:\/\/www.turmares.com\/en\/wp-json\/wp\/v2\/media?parent=3405"}],"curies":[{"name":"wp","href":"https:\/\/api.w.org\/{rel}","templated":true}]}}