{"id":3324,"date":"2023-07-14T07:08:08","date_gmt":"2023-07-14T05:08:08","guid":{"rendered":"https:\/\/www.turmares.com\/avis-legal\/"},"modified":"2025-03-07T07:30:11","modified_gmt":"2025-03-07T06:30:11","slug":"avis-legal","status":"publish","type":"page","link":"https:\/\/www.turmares.com\/fr\/avis-legal\/","title":{"rendered":"Avis l\u00e9gal"},"content":{"rendered":"<p>Conform\u00e9ment \u00e0 l&rsquo;article 10 de la loi 34\/2002, du 11 juillet, sur les services de la soci\u00e9t\u00e9 de l&rsquo;information et le commerce \u00e9lectronique (LSSICE), les donn\u00e9es d&rsquo;identification de l&rsquo;entit\u00e9 sont indiqu\u00e9es ci-dessous :<\/p>\n<section>\n<p><strong>TURMARES TARIFA<\/strong><br\/><strong>Nom de l&rsquo;entreprise:<\/strong> TURMARES TARIFA S.L.<br\/><strong>NIF:<\/strong> B11482049<br\/><strong>Direcci\u00f3n:<\/strong> C\/ Alcalde Juan N\u00fa\u00f1ez, N\u00ba 3, Local 12 (Tarifa, C\u00e1diz)<br\/><strong>T\u00e9l\u00e9phone :<\/strong> <a href=\"tel:+34956680741\">956 680 741<\/a> \/ <a href=\"tel:+34696448347\">696 448 347<\/a><\/p>\n<p><strong>E-mail :<\/strong> <a href=\"mailto:turmares@turmares.com\">turmares@turmares.com<\/a><\/p>\n<\/section>\n<p>Le pr\u00e9sent avis juridique (ci-apr\u00e8s, l'\u00a0\u00bbavis juridique\u00a0\u00bb) r\u00e9git l&rsquo;utilisation du site web : <a href=\"https:\/\/www.turmares.com\/fr\/\" target=\"_blank\" rel=\"noopener noreferrer\">WWW.TURMARES.COM<\/a><\/p><p><strong>L\u00c9GISLATION.<\/strong><br\/>En g\u00e9n\u00e9ral, les relations entre TURMARES TARIFA S.L. et les utilisateurs de ses services t\u00e9l\u00e9matiques, pr\u00e9sents sur ce site web, sont soumises \u00e0 la l\u00e9gislation et \u00e0 la juridiction espagnoles.<\/p><p><strong>L&rsquo;UTILISATION ET L&rsquo;ACC\u00c8S DES UTILISATEURS.<\/strong><br\/>L&rsquo;Utilisateur est inform\u00e9 et accepte que l&rsquo;acc\u00e8s \u00e0 ce site web n&rsquo;implique en aucun cas le d\u00e9but d&rsquo;une relation commerciale avec TURMARES TARIFA S.L. TURMARES TARIFA ou l&rsquo;une de ses d\u00e9l\u00e9gations.<\/p><p><strong>LA PROPRI\u00c9T\u00c9 INTELLECTUELLE ET INDUSTRIELLE.<\/strong><br\/>Les droits de propri\u00e9t\u00e9 intellectuelle du contenu des pages web, de leur conception graphique et des codes sont la propri\u00e9t\u00e9 de TURMARES TARIFA S.L.<br\/>TURMARES TARIFA et, par cons\u00e9quent, sa reproduction, distribution, communication publique, transformation ou toute autre activit\u00e9 pouvant \u00eatre r\u00e9alis\u00e9e avec les contenus de ses pages web est interdite, m\u00eame en citant les sources, sauf avec le consentement \u00e9crit de TURMARES TARIFA S.L. TURMARES TARIFA.<\/p><p><strong>LE CONTENU DES SITES WEB ET LES LIENS<\/strong><br\/>TURMARES TARIFA S.L. TURMARES TARIFA se r\u00e9serve le droit d&rsquo;actualiser, de modifier ou de supprimer l&rsquo;information contenue dans ses pages web et peut m\u00eame limiter ou refuser l&rsquo;acc\u00e8s \u00e0 cette information \u00e0 certains utilisateurs. TURMARES TARIFA S.L. TURMARES n&rsquo;assume aucune responsabilit\u00e9 quant \u00e0 l&rsquo;information contenue dans les sites web de tiers auxquels il est possible d&rsquo;acc\u00e9der par le biais de liens depuis n&rsquo;importe quel site web appartenant \u00e0 TURMARES TARIFA S.L. TURMARES TARIFA. La pr\u00e9sence de liens sur les pages web de TURMARES TARIFA S.L. TURMARES n&rsquo;a qu&rsquo;une valeur informative et n&rsquo;implique en aucun cas une suggestion, une invitation ou une recommandation \u00e0 leur sujet.<\/p><h1 class=\"has-text-align-center wp-block-heading\">{post_title}<\/h1>","protected":false},"excerpt":{"rendered":"<p>Conform\u00e9ment \u00e0 l&rsquo;article 10 de la loi 34\/2002, du 11 juillet, sur les services de la soci\u00e9t\u00e9 de l&rsquo;information et le commerce \u00e9lectronique (LSSICE), les donn\u00e9es d&rsquo;identification de l&rsquo;entit\u00e9 sont indiqu\u00e9es ci-dessous : TURMARES TARIFANom de l&rsquo;entreprise: TURMARES TARIFA S.L.NIF: B11482049Direcci\u00f3n: C\/ Alcalde Juan N\u00fa\u00f1ez, N\u00ba 3, Local 12 (Tarifa, C\u00e1diz)T\u00e9l\u00e9phone : 956 680 741 [&hellip;]<\/p>\n","protected":false},"author":2,"featured_media":0,"parent":0,"menu_order":0,"comment_status":"closed","ping_status":"closed","template":"","meta":{"_acf_changed":false,"_joinchat":[],"footnotes":""},"class_list":["post-3324","page","type-page","status-publish","hentry"],"acf":[],"_links":{"self":[{"href":"https:\/\/www.turmares.com\/fr\/wp-json\/wp\/v2\/pages\/3324","targetHints":{"allow":["GET"]}}],"collection":[{"href":"https:\/\/www.turmares.com\/fr\/wp-json\/wp\/v2\/pages"}],"about":[{"href":"https:\/\/www.turmares.com\/fr\/wp-json\/wp\/v2\/types\/page"}],"author":[{"embeddable":true,"href":"https:\/\/www.turmares.com\/fr\/wp-json\/wp\/v2\/users\/2"}],"replies":[{"embeddable":true,"href":"https:\/\/www.turmares.com\/fr\/wp-json\/wp\/v2\/comments?post=3324"}],"version-history":[{"count":4,"href":"https:\/\/www.turmares.com\/fr\/wp-json\/wp\/v2\/pages\/3324\/revisions"}],"predecessor-version":[{"id":5079,"href":"https:\/\/www.turmares.com\/fr\/wp-json\/wp\/v2\/pages\/3324\/revisions\/5079"}],"wp:attachment":[{"href":"https:\/\/www.turmares.com\/fr\/wp-json\/wp\/v2\/media?parent=3324"}],"curies":[{"name":"wp","href":"https:\/\/api.w.org\/{rel}","templated":true}]}}