{"id":3329,"date":"2022-11-03T10:32:13","date_gmt":"2022-11-03T09:32:13","guid":{"rendered":"https:\/\/www.turmares.com\/conditions-dutilisation-et-politique-de-confidentialite\/"},"modified":"2025-01-22T10:00:26","modified_gmt":"2025-01-22T09:00:26","slug":"conditions-dutilisation-et-politique-de-confidentialite","status":"publish","type":"page","link":"https:\/\/www.turmares.com\/fr\/conditions-dutilisation-et-politique-de-confidentialite\/","title":{"rendered":"Conditions d&rsquo;utilisation et politique de confidentialit\u00e9"},"content":{"rendered":"<p>L&rsquo;utilisation des services ou l&rsquo;achat de produits de TURMARES TARIFA SL implique l&rsquo;acceptation des conditions g\u00e9n\u00e9rales suivantes : ACCEPTATION ET DISPONIBILIT\u00c9 DES CONDITIONS G\u00c9N\u00c9RALES DE CONTRAT En acceptant ce contrat, vous d\u00e9clarez : \u00eatre une personne majeure et avoir la capacit\u00e9 de contracter. Que vous avez lu et accept\u00e9 les pr\u00e9sentes conditions g\u00e9n\u00e9rales. Les pr\u00e9sentes conditions g\u00e9n\u00e9rales (ci-apr\u00e8s, \u00a0\u00bb les Conditions G\u00e9n\u00e9rales \u00ab\u00a0), r\u00e9gissent la relation juridique d\u00e9coulant des processus contractuels r\u00e9alis\u00e9s entre les utilisateurs-clients (ci-apr\u00e8s, \u00a0\u00bb les Clients \u00ab\u00a0) du site web de TURMARES TARIFA SL situ\u00e9 \u00e0 l&rsquo;URL www.turmares.es, propri\u00e9t\u00e9 de TURMARES TARIFA SL (ci-apr\u00e8s www.turmares.es). Les clients acceptent les conditions g\u00e9n\u00e9rales \u00e0 partir du moment o\u00f9 ils utilisent ou acqui\u00e8rent un produit. Ce document peut \u00eatre imprim\u00e9 et conserv\u00e9 par les clients. www.turmares.es met \u00e0 leur disposition les num\u00e9ros de t\u00e9l\u00e9phone +34 956 680 741 \/ +34 956 680 741 et l&rsquo;adresse \u00e9lectronique turmares@turmares.com, afin qu&rsquo;ils puissent poser toutes les questions relatives aux conditions g\u00e9n\u00e9rales. AVIS L\u00c9GAL : Conform\u00e9ment \u00e0 l&rsquo;article 10 de la loi 34\/2002, du 11 juillet, sur les services de la soci\u00e9t\u00e9 de l&rsquo;information et le commerce \u00e9lectronique (LSSICE), voici les donn\u00e9es d&rsquo;identification de l&rsquo;entit\u00e9 : TURMARES TARIFA Raison sociale : TURMARES TARIFA S. L. NIF : B11482049 Adresse : AVENIDA ALCALDE JUAN NU\u00d1EZ local 12 &#8211; 11380 &#8211; TARIFA &#8211; CADIZ T\u00e9l\u00e9phone : 956680741 Courriel : turmares@turmares.com Le pr\u00e9sent avis juridique (ci-apr\u00e8s \u00ab\u00a0l&rsquo;avis juridique\u00a0\u00bb) r\u00e9git l&rsquo;utilisation du site web : WWW.TURMARES.COM L\u00c9GISLATION. En g\u00e9n\u00e9ral, les relations entre TURMARES TARIFA S.L. TURMARES TARIFA et les utilisateurs de ses services t\u00e9l\u00e9matiques, pr\u00e9sents sur ce site web, sont soumises \u00e0 la l\u00e9gislation et \u00e0 la juridiction espagnoles. UTILISATION ET ACC\u00c8S DES UTILISATEURS. L&rsquo;utilisateur est inform\u00e9 et accepte que l&rsquo;acc\u00e8s \u00e0 ce site web n&rsquo;implique en aucun cas le d\u00e9but d&rsquo;une relation commerciale avec TURMARES TARIFA S.L. TURMARES TARIFA ou l&rsquo;une de ses d\u00e9l\u00e9gations. PROPRI\u00c9T\u00c9 INTELLECTUELLE ET INDUSTRIELLE. Les droits de propri\u00e9t\u00e9 intellectuelle du contenu des pages web, leur conception graphique et leurs codes sont la propri\u00e9t\u00e9 de TURMARES TARIFA S.L. TURMARES TARIFA et, par cons\u00e9quent, leur reproduction, distribution, communication publique, transformation ou toute autre activit\u00e9 pouvant \u00eatre r\u00e9alis\u00e9e avec le contenu de ses pages web est interdite, m\u00eame en citant les sources, sauf avec le consentement \u00e9crit de TURMARES TARIFA S.L. TURMARES TARIFA. TURMARES TARIFA S.L. TURMARES TARIFA se r\u00e9serve le droit d&rsquo;actualiser, de modifier ou de supprimer l&rsquo;information contenue dans ses pages web et peut m\u00eame limiter ou refuser l&rsquo;acc\u00e8s \u00e0 cette information \u00e0 certains utilisateurs. TURMARES TARIFA S.L. TURMARES n&rsquo;assume aucune responsabilit\u00e9 quant \u00e0 l&rsquo;information contenue dans les sites web de tiers auxquels il est possible d&rsquo;acc\u00e9der par le biais de liens depuis n&rsquo;importe quel site web appartenant \u00e0 TURMARES TARIFA S.L. TURMARES TARIFA. La pr\u00e9sence de liens sur les pages web de TURMARES TARIFA S.L. TURMARES n&rsquo;a qu&rsquo;une valeur informative et n&rsquo;implique en aucun cas une suggestion, une invitation ou une recommandation \u00e0 leur sujet. POLITIQUE DE COOKIES.                TURMARES TARIFA S.L. TURMARES TARIFA, par le biais de ce document, expose sa Politique de collecte et de traitement des cookies, conform\u00e9ment aux dispositions de l&rsquo;article 22.2 de la Loi 34\/2002, du 11 juillet, sur les Services de la Soci\u00e9t\u00e9 de l&rsquo;Information et le Commerce \u00c9lectronique (LSSICE). Les cookies sont stock\u00e9s dans l&rsquo;\u00e9quipement terminal de l&rsquo;utilisateur (ordinateur ou dispositif mobile) et recueillent des informations lors de la visite du site Web WWW.TURMARES.COM, afin d&rsquo;am\u00e9liorer la convivialit\u00e9 de ce dernier, de conna\u00eetre les habitudes de navigation ou les besoins des utilisateurs afin de s&rsquo;y adapter, ainsi que d&rsquo;obtenir des informations \u00e0 des fins statistiques. Dans le cas des utilisateurs qui sont d\u00e9j\u00e0 clients de l&rsquo;entreprise, les informations recueillies par les cookies seront \u00e9galement utilis\u00e9es pour les identifier lors de l&rsquo;acc\u00e8s aux diff\u00e9rents outils que l&rsquo;entreprise met \u00e0 leur disposition pour la gestion des services. La pr\u00e9sente politique en mati\u00e8re de cookies s&rsquo;applique aux utilisateurs qui visitent volontairement les pages Web de l&rsquo;entit\u00e9, remplissent des formulaires de collecte de donn\u00e9es, acc\u00e8dent aux outils que l&rsquo;entit\u00e9 met \u00e0 la disposition de ses clients pour g\u00e9rer ses services, ou utilisent tout autre service du site Web qui implique la communication de donn\u00e9es \u00e0 l&rsquo;entit\u00e9 ou l&rsquo;acc\u00e8s aux donn\u00e9es par l&rsquo;entit\u00e9, en vue de la prestation de ses services. L&rsquo;entit\u00e9 informe les utilisateurs de ses pages Web de l&rsquo;existence de cookies et met \u00e0 leur disposition la pr\u00e9sente politique afin de les informer de leur utilisation et de leur finalit\u00e9. Le fait de continuer \u00e0 naviguer sur ses pages implique la connaissance et l&rsquo;acceptation de la pr\u00e9sente Politique de la part de ces utilisateurs. TURMARES TARIFA S.L. TURMARES TARIFA utilise les types de cookies suivants : Class\u00e9s selon leur propri\u00e9t\u00e9 : Cookies propres : envoy\u00e9s et g\u00e9r\u00e9s directement par l&rsquo;entit\u00e9. Cookies de tiers : envoy\u00e9s et g\u00e9r\u00e9s par un tiers ext\u00e9rieur \u00e0 l&rsquo;entreprise, de mani\u00e8re anonyme, afin de r\u00e9aliser des \u00e9tudes statistiques sur la navigation dans les pages web de l&rsquo;entreprise. Class\u00e9s selon leur finalit\u00e9 : Cookies techniques et\/ou de personnalisation : ils facilitent la navigation en identifiant la session, en permettant l&rsquo;acc\u00e8s \u00e0 des outils \u00e0 acc\u00e8s restreint, ainsi qu&rsquo;en personnalisant les options disponibles. Ils permettent de fournir le service pr\u00e9c\u00e9demment demand\u00e9 par l&rsquo;utilisateur. Cookies d&rsquo;analyse et\/ou de publicit\u00e9 : ils permettent de conna\u00eetre le nombre de visites re\u00e7ues dans les diff\u00e9rentes sections des pages web, les habitudes et les tendances de ses utilisateurs et, par cons\u00e9quent, de pouvoir am\u00e9liorer la navigation et le service offert par l&rsquo;entit\u00e9 (fondamentalement, Google Analytics), ainsi que de g\u00e9rer les espaces publicitaires inclus dans la page web visit\u00e9e par l&rsquo;utilisateur. Collecte des donn\u00e9es de mani\u00e8re anonyme afin d&rsquo;obtenir des profils de navigation des utilisateurs. Class\u00e9s en fonction de leur dur\u00e9e : Cookies de session : ils collectent et stockent les donn\u00e9es pendant que l&rsquo;utilisateur acc\u00e8de au site web. Les cookies persistants : ils collectent et stockent des donn\u00e9es dans le terminal de l&rsquo;utilisateur pendant une p\u00e9riode variable en fonction de la finalit\u00e9 pour laquelle ils ont \u00e9t\u00e9 utilis\u00e9s. La dur\u00e9e de conservation des cookies d\u00e9pendra du type de cookie en question et sera toujours le minimum n\u00e9cessaire pour remplir leur objectif. Dans tous les cas, l&rsquo;utilisateur peut configurer son navigateur pour d\u00e9sactiver ou bloquer la r\u00e9ception de tout ou partie des cookies.                Le fait de ne pas souhaiter recevoir ces cookies ne constitue pas un obstacle pour pouvoir acc\u00e9der \u00e0 l&rsquo;information sur les sites web de l&rsquo;entreprise, bien que l&rsquo;utilisation de certains services puisse \u00eatre limit\u00e9e. Si, apr\u00e8s avoir donn\u00e9 son consentement \u00e0 la r\u00e9ception de cookies, l&rsquo;utilisateur souhaite le retirer, les cookies stock\u00e9s sur son ordinateur doivent \u00eatre supprim\u00e9s \u00e0 l&rsquo;aide des options des diff\u00e9rents navigateurs. <\/p>\n","protected":false},"excerpt":{"rendered":"<p>L&rsquo;utilisation des services ou l&rsquo;achat de produits de TURMARES TARIFA SL implique l&rsquo;acceptation des conditions g\u00e9n\u00e9rales suivantes : ACCEPTATION ET DISPONIBILIT\u00c9 DES CONDITIONS G\u00c9N\u00c9RALES DE CONTRAT En acceptant ce contrat, vous d\u00e9clarez : \u00eatre une personne majeure et avoir la capacit\u00e9 de contracter. Que vous avez lu et accept\u00e9 les pr\u00e9sentes conditions g\u00e9n\u00e9rales. Les pr\u00e9sentes [&hellip;]<\/p>\n","protected":false},"author":2,"featured_media":0,"parent":0,"menu_order":0,"comment_status":"closed","ping_status":"closed","template":"","meta":{"_acf_changed":false,"_joinchat":[],"footnotes":""},"class_list":["post-3329","page","type-page","status-publish","hentry"],"acf":[],"_links":{"self":[{"href":"https:\/\/www.turmares.com\/fr\/wp-json\/wp\/v2\/pages\/3329","targetHints":{"allow":["GET"]}}],"collection":[{"href":"https:\/\/www.turmares.com\/fr\/wp-json\/wp\/v2\/pages"}],"about":[{"href":"https:\/\/www.turmares.com\/fr\/wp-json\/wp\/v2\/types\/page"}],"author":[{"embeddable":true,"href":"https:\/\/www.turmares.com\/fr\/wp-json\/wp\/v2\/users\/2"}],"replies":[{"embeddable":true,"href":"https:\/\/www.turmares.com\/fr\/wp-json\/wp\/v2\/comments?post=3329"}],"version-history":[{"count":1,"href":"https:\/\/www.turmares.com\/fr\/wp-json\/wp\/v2\/pages\/3329\/revisions"}],"predecessor-version":[{"id":3331,"href":"https:\/\/www.turmares.com\/fr\/wp-json\/wp\/v2\/pages\/3329\/revisions\/3331"}],"wp:attachment":[{"href":"https:\/\/www.turmares.com\/fr\/wp-json\/wp\/v2\/media?parent=3329"}],"curies":[{"name":"wp","href":"https:\/\/api.w.org\/{rel}","templated":true}]}}