{"id":3334,"date":"2024-06-30T11:34:41","date_gmt":"2024-06-30T09:34:41","guid":{"rendered":"https:\/\/www.turmares.com\/conditions-generales-de-transport-maritime-dans-le-cadre-dun-programme-dexcursions-maritimes\/"},"modified":"2025-03-05T09:40:47","modified_gmt":"2025-03-05T08:40:47","slug":"conditions-generales-de-transport-maritime-dans-le-cadre-dun-programme-dexcursions-maritimes","status":"publish","type":"page","link":"https:\/\/www.turmares.com\/fr\/conditions-generales-de-transport-maritime-dans-le-cadre-dun-programme-dexcursions-maritimes\/","title":{"rendered":"Conditions g\u00e9n\u00e9rales de transport maritime dans le cadre d&rsquo;un programme d&rsquo;excursions maritimes"},"content":{"rendered":"\n<p>Les pr\u00e9sentes conditions g\u00e9n\u00e9rales de transport maritime sont affich\u00e9es et mises \u00e0 la disposition du public pour consultation avant la r\u00e9servation et l&rsquo;achat des billets, \u00e0 la fois en format papier, dans tous les espaces de vente et aux guichets officiels du transporteur, et en format num\u00e9rique, sur le site web de la compagnie<a href=\"https:\/\/www.turmares.com\/fr\/\">(https:\/\/www.turmares.com\/).<\/a> <\/p>\n\n<ol class=\"wp-block-list\">\n<li><strong>D\u00c9FINITIONS<\/strong><br\/>Par \u00ab transporteur \u00bb, on entend la soci\u00e9t\u00e9 TURMARES TARIFA S.L., qui effectue le transport de passagers lors d&rsquo;excursions maritimes avec ses navires, sous n&rsquo;importe quel r\u00e9gime d&rsquo;exploitation et\/ou de gestion.<br\/>Excursion maritime \u00bb : un service de transport de passagers associ\u00e9 \u00e0 des visites touristiques sur des navires ou des bateaux partant d&rsquo;un port et, apr\u00e8s avoir suivi un itin\u00e9raire, retournant au port de d\u00e9part dans un d\u00e9lai ne d\u00e9passant pas 12 heures, avec la possibilit\u00e9 de mouillages et d&rsquo;escales dans un autre port, et avec tous les passagers devant effectuer l&rsquo;itin\u00e9raire complet.<br\/>\u00ab\u00a0Navire\u00a0\u00bb : un navire utilis\u00e9 pour la navigation maritime ou fluviale, qui est un navire \u00e0 passagers.<br\/>Contrat de transport de passagers\u00a0\u00bb : un contrat de transport entre le transporteur et un passager pour la fourniture d&rsquo;un ou de plusieurs services de transport de passagers dans le cadre d&rsquo;une excursion en mer.<br\/>Le terme \u00ab billet \u00bb ou \u00ab carte d&#8217;embarquement \u00bb d\u00e9signe un document d\u00fbment d\u00e9livr\u00e9 par le transporteur \u00e0 titre de preuve du contrat de transport pour le transport de passagers.<\/li>\n\n\n\n<li><strong>LEY APLICABLE Y R\u00c9GIMEN DE RESPONSABILIDAD<\/strong><br\/>La loi espagnole, les r\u00e8glements communautaires et les conventions internationales auxquelles l&rsquo;Espagne est partie sont applicables au pr\u00e9sent contrat de transport de passagers sous le r\u00e9gime de l&rsquo;excursion maritime. En particulier, la loi 14\/2014 du 24 juillet 2014 sur la navigation maritime s&rsquo;applique au pr\u00e9sent contrat de transport, qui est r\u00e9put\u00e9 \u00eatre incorpor\u00e9 au contrat de transport de passagers.<\/li>\n\n\n\n<li><strong>TICKET ET CONTRAT DE TICKET<\/strong><br\/>Par le contrat de transport de passagers, mat\u00e9rialis\u00e9 par l&rsquo;\u00e9mission du billet et\/ou de la carte d&#8217;embarquement correspondants, le transporteur s&rsquo;engage, moyennant un prix, \u00e0 transporter par mer le passager et, le cas \u00e9ch\u00e9ant, ses bagages dans le cadre d&rsquo;une excursion en mer.<br\/>Le billet est personnel et incessible et peut \u00eatre d\u00e9livr\u00e9 sous forme \u00e9lectronique. Le contrat de transport maritime est parfait avec le paiement pr\u00e9alable du billet d\u00fbment \u00e9mis par le transporteur, \u00e9tant entendu que le passager en accepte express\u00e9ment toutes les conditions, par le simple fait de l&rsquo;avoir utilis\u00e9 comme titre de transport.<br\/>Seules les personnes en possession d&rsquo;un billet et\/ou d&rsquo;une carte d&#8217;embarquement pour la date, l&rsquo;heure et l&rsquo;itin\u00e9raire indiqu\u00e9s sur les deux billets et\/ou cartes d&#8217;embarquement pourront embarquer. El transportista no se hace responsable de la p\u00e9rdida del billete\/tarjeta de embarque. Le passager est tenu de conserver les deux documents pendant toute la dur\u00e9e du voyage. Pour toute r\u00e9clamation, le passager doit pr\u00e9senter une copie du billet et de la carte d&#8217;embarquement, faute de quoi la r\u00e9clamation ne peut \u00eatre trait\u00e9e. Le transporteur propose le transport de passagers selon ses tarifs g\u00e9n\u00e9raux, promotionnels et\/ou sp\u00e9ciaux, d\u00fbment publi\u00e9s dans tous les espaces de vente, aux guichets officiels et sur le site web de la compagnie. Le transporteur se r\u00e9serve le droit de modifier ces tarifs sans pr\u00e9avis.<br\/>Le transporteur n&rsquo;est pas responsable des sacs \u00e0 main et des effets personnels des passagers en cas de vol ou de perte. Des formulaires de plainte sont mis \u00e0 la disposition des voyageurs \u00e0 nos points de d\u00e9part et d&rsquo;arriv\u00e9e.<\/li>\n\n\n\n<li><strong>LES HORAIRES, L&rsquo;ACHEMINEMENT, L&rsquo;EMBARQUEMENT ET LES ANNULATIONS<\/strong><br\/>Les horaires de d\u00e9part de chaque excursion en mer sont pr\u00e9d\u00e9termin\u00e9s et peuvent \u00eatre consult\u00e9s par le public avant la r\u00e9servation et l&rsquo;achat des billets, aussi bien sous forme papier, dans tous les espaces de vente, aux guichets officiels du transporteur, que sous forme num\u00e9rique, sur le site web de la compagnie<a href=\"https:\/\/www.turmares.com\/fr\/\">(https:\/\/www.turmares.com\/).<\/a><br\/>Le transporteur est en droit de modifier les horaires annonc\u00e9s, voire de suspendre et d&rsquo;annuler le transport pour des raisons de s\u00e9curit\u00e9, d&rsquo;organisation, de m\u00e9t\u00e9orologie ou de force majeure.<br\/>Le transporteur d\u00e9termine et communique l&rsquo;heure limite d&rsquo;acceptation \u00e0 l&#8217;embarquement, apr\u00e8s laquelle les passagers qui ne sont pas pr\u00eats \u00e0 embarquer se voient refuser l&#8217;embarquement. Le transporteur d\u00e9cline toute responsabilit\u00e9 en cas de refus d&#8217;embarquement pour les passagers qui se pr\u00e9sentent apr\u00e8s l&rsquo;heure limite d&#8217;embarquement.<br\/>Le transporteur est libre d&rsquo;effectuer le transport par le trajet et l&rsquo;itin\u00e9raire qu&rsquo;il juge les plus appropri\u00e9s.<br\/>En cas d&rsquo;annulation par le passager, les conditions suivantes s&rsquo;appliquent :<\/li>\n<\/ol>\n\n<ul class=\"wp-block-list\">\n<li>Si l&rsquo;annulation est effectu\u00e9e dans les 24 heures pr\u00e9c\u00e9dant le d\u00e9part, le montant total sera rembours\u00e9 ; la demande doit \u00eatre faite dans les 7 jours.<\/li>\n\n\n\n<li>Si l&rsquo;annulation est faite dans les 24 heures pr\u00e9c\u00e9dant le d\u00e9part, aucun remboursement ne sera effectu\u00e9.<\/li>\n<\/ul>\n\n<ol start=\"5\" class=\"wp-block-list\">\n<li><strong>DISCIPLINE \u00c0 BORD<\/strong><br\/>Le capitaine a le commandement et le contr\u00f4le du navire, il a le statut d&rsquo;autorit\u00e9 \u00e0 bord et peut prendre toutes les mesures de police qu&rsquo;il juge n\u00e9cessaires pour maintenir l&rsquo;ordre \u00e0 bord du navire et assurer la s\u00e9curit\u00e9 de toutes les personnes \u00e0 bord.<br\/>Les passagers doivent se conformer aux ordres du capitaine, sans pr\u00e9judice de leur droit de formuler toute plainte apr\u00e8s l&rsquo;arriv\u00e9e du navire au port.<\/li>\n\n\n\n<li><strong>SERVICE PRINCIPAL, SERVICES AUXILIAIRES ET R\u00c9GIME FISCAL<\/strong><br\/>Aux fins des dispositions de la loi 37\/1992 du 28 d\u00e9cembre 1992 relative \u00e0 la taxe sur la valeur ajout\u00e9e (TVA), la TVA sera appliqu\u00e9e au taux r\u00e9duit de 10 % car il s&rsquo;agit d&rsquo;une activit\u00e9 de transport maritime de passagers (art. 91.1.2.1\u00b0 de la loi 37\/1992). Les autres services auxiliaires \u00e0 bord, tels que la consommation \u00e0 bord, sont tax\u00e9s en m\u00eame temps que le transport principal.<\/li>\n\n\n\n<li><strong>JURIDICTION<\/strong><br\/>Les litiges relatifs \u00e0 l&rsquo;interpr\u00e9tation, \u00e0 l&rsquo;application ou \u00e0 l&rsquo;ex\u00e9cution du contrat de transport rel\u00e8vent de la comp\u00e9tence des tribunaux de commerce de Cadix, sans pr\u00e9judice du droit du consommateur de recourir \u00e0 des modes alternatifs de r\u00e8glement des litiges en mati\u00e8re de consommation :<br\/><a href=\"http:\/\/ec.europa.eu\/consumers\/odr\/\">http:\/\/ec.europa.eu\/consumers\/odr\/<\/a><\/li>\n<\/ol>\n\n<p><\/p>\n","protected":false},"excerpt":{"rendered":"<p>Les pr\u00e9sentes conditions g\u00e9n\u00e9rales de transport maritime sont affich\u00e9es et mises \u00e0 la disposition du public pour consultation avant la r\u00e9servation et l&rsquo;achat des billets, \u00e0 la fois en format papier, dans tous les espaces de vente et aux guichets officiels du transporteur, et en format num\u00e9rique, sur le site web de la compagnie(https:\/\/www.turmares.com\/).<\/p>\n","protected":false},"author":2,"featured_media":0,"parent":0,"menu_order":0,"comment_status":"closed","ping_status":"closed","template":"","meta":{"_acf_changed":false,"_joinchat":[],"footnotes":""},"class_list":["post-3334","page","type-page","status-publish","hentry"],"acf":[],"_links":{"self":[{"href":"https:\/\/www.turmares.com\/fr\/wp-json\/wp\/v2\/pages\/3334","targetHints":{"allow":["GET"]}}],"collection":[{"href":"https:\/\/www.turmares.com\/fr\/wp-json\/wp\/v2\/pages"}],"about":[{"href":"https:\/\/www.turmares.com\/fr\/wp-json\/wp\/v2\/types\/page"}],"author":[{"embeddable":true,"href":"https:\/\/www.turmares.com\/fr\/wp-json\/wp\/v2\/users\/2"}],"replies":[{"embeddable":true,"href":"https:\/\/www.turmares.com\/fr\/wp-json\/wp\/v2\/comments?post=3334"}],"version-history":[{"count":3,"href":"https:\/\/www.turmares.com\/fr\/wp-json\/wp\/v2\/pages\/3334\/revisions"}],"predecessor-version":[{"id":5041,"href":"https:\/\/www.turmares.com\/fr\/wp-json\/wp\/v2\/pages\/3334\/revisions\/5041"}],"wp:attachment":[{"href":"https:\/\/www.turmares.com\/fr\/wp-json\/wp\/v2\/media?parent=3334"}],"curies":[{"name":"wp","href":"https:\/\/api.w.org\/{rel}","templated":true}]}}