{"id":3346,"date":"2024-06-24T10:51:18","date_gmt":"2024-06-24T08:51:18","guid":{"rendered":"https:\/\/www.turmares.com\/departement-scientifique-et-educatif\/"},"modified":"2025-02-13T12:03:54","modified_gmt":"2025-02-13T11:03:54","slug":"departement-scientifique-et-educatif","status":"publish","type":"page","link":"https:\/\/www.turmares.com\/fr\/departement-scientifique-et-educatif\/","title":{"rendered":"D\u00e9partement scientifique et \u00e9ducatif"},"content":{"rendered":"<h1 class=\"wp-block-heading\">D\u00e9partement scientifique et \u00e9ducatif<\/h1><h2 class=\"wp-block-heading\">COLLECTE DE DONN\u00c9ES<\/h2>En todas nuestras salidas se recogen datos de forma sistem\u00e1tica. Esta recogida se realiza en base a los protocolos establecidos por la Sociedad Espa\u00f1ola de Cet\u00e1ceos (SEC).<figure class=\"wp-block-image size-full\"><img loading=\"lazy\" decoding=\"async\" width=\"708\" height=\"494\" src=\"https:\/\/www.turmares.com\/wp-content\/uploads\/cuaderno.jpg\" alt=\"\" class=\"wp-image-646\"\/><\/figure><h2 class=\"wp-block-heading\">Photo identification<\/h2>T\u00e9cnica que nos permite identificar a los individuos a trav\u00e9s de sus marcas naturales<br\/>usando exclusivamente fotograf\u00eda.<br\/>Es una herramienta muy \u00fatil para estudios de tama\u00f1o poblacional, viabilidad poblacional, uso de h\u00e1bitat, supervivencia, movimientos y reproducci\u00f3n.La foto de identificaci\u00f3n (foto-ID) presenta una serie de ventajas frente a otras t\u00e9cnicas de estudio.<br\/>\n<ul>\n  <li><strong>Poco invasiva<\/strong>, ya que no hay que capturar o marcar a los animales.<br\/><\/li>\n  <li><strong>Accesible y de bajo coste.<\/strong><br\/><\/li>\n  <li><strong>Permite crear cat\u00e1logos<\/strong> de individuos para hacer un seguimiento de las poblaciones y poder estudiar la fidelidad grupal de los individuos reconocidos a un mismo grupo y asociaciones.<br\/><\/li>\n  <li><strong>Establecer rutas migratorias<\/strong>, si se trata de especies migradoras, comparando cat\u00e1logos de zonas diferentes.<br\/><\/li>\n  <li><strong>Estimar el tama\u00f1o poblacional<\/strong>, establecer edades de maduraci\u00f3n sexual, intervalos de crianza, longitud de la cura parental, edad reproductiva e, incluso, longevidad si se realiza un seguimiento prolongado en el tiempo.<\/li>\n<\/ul><figure class=\"wp-block-image size-full\"><img loading=\"lazy\" decoding=\"async\" width=\"1280\" height=\"1040\" src=\"https:\/\/www.turmares.com\/wp-content\/uploads\/calderon_archivo-fotografico.jpg\" alt=\"\" class=\"wp-image-658\" srcset=\"https:\/\/www.turmares.com\/wp-content\/uploads\/calderon_archivo-fotografico.jpg 1280w, https:\/\/www.turmares.com\/wp-content\/uploads\/calderon_archivo-fotografico-768x624.jpg 768w\" sizes=\"auto, (max-width: 1280px) 100vw, 1280px\" \/><\/figure><p>Les sorties d&rsquo;observation des baleines sont une occasion unique d&rsquo;obtenir des donn\u00e9es qui permettent d&rsquo;accro\u00eetre les connaissances sur les animaux et leur environnement et d&rsquo;avoir ainsi un impact positif sur leur conservation.<\/p>\n<p>Une meilleure connaissance des c\u00e9tac\u00e9s et une sensibilisation \u00e0 l&rsquo;environnement sont des m\u00e9canismes d&rsquo;action permettant de d\u00e9velopper l&rsquo;activit\u00e9 de mani\u00e8re durable, ce qui a un impact positif sur le d\u00e9veloppement socio-\u00e9conomique de la r\u00e9gion.<\/p>\n<p><strong>Turmares Tarifa<\/strong> associe cette philosophie \u00e0 un service de qualit\u00e9 absolue, en s&rsquo;effor\u00e7ant de faire d\u00e9couvrir aux utilisateurs les beaut\u00e9s du d\u00e9troit de Gibraltar, ainsi que de susciter une foule d&rsquo;\u00e9motions \u00e0 l&rsquo;occasion de la rencontre avec ces animaux mythiques.<\/p>","protected":false},"excerpt":{"rendered":"<p>D\u00e9partement scientifique et \u00e9ducatif COLLECTE DE DONN\u00c9ES En todas nuestras salidas se recogen datos de forma sistem\u00e1tica. Esta recogida se realiza en base a los protocolos establecidos por la Sociedad Espa\u00f1ola de Cet\u00e1ceos (SEC). Photo identification T\u00e9cnica que nos permite identificar a los individuos a trav\u00e9s de sus marcas naturalesusando exclusivamente fotograf\u00eda.Es una herramienta muy [&hellip;]<\/p>\n","protected":false},"author":2,"featured_media":0,"parent":0,"menu_order":0,"comment_status":"closed","ping_status":"closed","template":"","meta":{"_acf_changed":false,"_joinchat":[],"footnotes":""},"class_list":["post-3346","page","type-page","status-publish","hentry"],"acf":[],"_links":{"self":[{"href":"https:\/\/www.turmares.com\/fr\/wp-json\/wp\/v2\/pages\/3346","targetHints":{"allow":["GET"]}}],"collection":[{"href":"https:\/\/www.turmares.com\/fr\/wp-json\/wp\/v2\/pages"}],"about":[{"href":"https:\/\/www.turmares.com\/fr\/wp-json\/wp\/v2\/types\/page"}],"author":[{"embeddable":true,"href":"https:\/\/www.turmares.com\/fr\/wp-json\/wp\/v2\/users\/2"}],"replies":[{"embeddable":true,"href":"https:\/\/www.turmares.com\/fr\/wp-json\/wp\/v2\/comments?post=3346"}],"version-history":[{"count":5,"href":"https:\/\/www.turmares.com\/fr\/wp-json\/wp\/v2\/pages\/3346\/revisions"}],"predecessor-version":[{"id":4832,"href":"https:\/\/www.turmares.com\/fr\/wp-json\/wp\/v2\/pages\/3346\/revisions\/4832"}],"wp:attachment":[{"href":"https:\/\/www.turmares.com\/fr\/wp-json\/wp\/v2\/media?parent=3346"}],"curies":[{"name":"wp","href":"https:\/\/api.w.org\/{rel}","templated":true}]}}