{"id":3361,"date":"2024-06-05T12:15:12","date_gmt":"2024-06-05T10:15:12","guid":{"rendered":"https:\/\/www.turmares.com\/excursions\/"},"modified":"2025-02-14T11:19:16","modified_gmt":"2025-02-14T10:19:16","slug":"excursions","status":"publish","type":"page","link":"https:\/\/www.turmares.com\/fr\/excursions\/","title":{"rendered":"Excursions"},"content":{"rendered":"<h2 class=\"wp-block-heading\">We go out every day, weather permitting. Les horaires d\u00e9pendent des mar\u00e9es et des conditions m\u00e9t\u00e9orologiques, afin que vous puissiez profiter au maximum de nos sorties.<\/h2><h3 class=\"wp-block-heading\">La saison commence en mars et se termine en octobre.<\/h3><figure class=\"wp-block-image size-full\"><img loading=\"lazy\" decoding=\"async\" width=\"440\" height=\"440\" src=\"https:\/\/www.turmares.com\/wp-content\/uploads\/cabeza-delfin-2.jpg\" alt=\"\" class=\"wp-image-186\"\/><\/figure><h3 class=\"has-text-align-center wp-block-heading\">Nos d\u00e9parts<\/h3>Navegamos por la parte central del Estrecho de Gibraltar buscando <strong>delfines<\/strong> y\n<strong>ballenas<\/strong>. Adem\u00e1s, siempre se pueden observar otras especies marinas\ncomo <strong>peces luna<\/strong>, <strong>atunes<\/strong> y <strong>aves<\/strong>.Al navegar durante m\u00e1s tiempo y ampliar el \u00e1rea de b\u00fasqueda, adem\u00e1s de las especies residentes existe una mayor probabilidad de encontrar <strong> ballenas <\/strong> y <strong>orcas<\/strong>.<h3 class=\"wp-block-heading\">DEPARTURE {je_datos-empresa_salida_1} HOURS<\/h3><h3 class=\"wp-block-heading\">DEPARTURE {je_datos-empresa_salida_2} HOURS<\/h3><h3 class=\"wp-block-heading\">Prix et horaires<\/h3><h3 class=\"wp-block-heading\">Horaries<\/h3><h3 class=\"wp-block-heading\">Prix<\/h3><h3 class=\"wp-block-heading\">D\u00e9parts exclusifs<\/h3><figure class=\"wp-block-image size-full\"><img loading=\"lazy\" decoding=\"async\" width=\"2560\" height=\"680\" src=\"https:\/\/www.turmares.com\/wp-content\/uploads\/excursion_delfin-2.jpg\" alt=\"\" class=\"wp-image-285\" srcset=\"https:\/\/www.turmares.com\/wp-content\/uploads\/excursion_delfin-2.jpg 2560w, https:\/\/www.turmares.com\/wp-content\/uploads\/excursion_delfin-2-768x204.jpg 768w, https:\/\/www.turmares.com\/wp-content\/uploads\/excursion_delfin-2-1536x408.jpg 1536w, https:\/\/www.turmares.com\/wp-content\/uploads\/excursion_delfin-2-2048x544.jpg 2048w\" sizes=\"auto, (max-width: 2560px) 100vw, 2560px\" \/><\/figure>Como novedad, tenemos una embarcaci\u00f3n h\u00edbrida para disfrutar de los animales\nde forma m\u00e1s \u00edntima y exclusiva: nuestro <strong>Dolphin Tarifa<\/strong>. Ideal para grupos reducidos, familias, fot\u00f3grafos, ornit\u00f3logos y cient\u00edficos.<h3 class=\"wp-block-heading\">Observation responsable des baleines<\/h3>Somos una empresa comprometida y responsable. Todos los miembros de nuestra tripulaci\u00f3n, junto con los gu\u00edas-bi\u00f3logos, tienen amplios conocimientos y gran sensibilidad con los animales, lo que nos ayuda a interpretar su comportamiento, realizando los avistamientos de forma respetuosa y siguiendo las normativas nacionales e internacionales.Fuimos empresa consultora para la elaboraci\u00f3n del Real Decreto 1727\/2007, de 21 de diciembre, por el que se establecen medidas de protecci\u00f3n de los cet\u00e1ceos en Espa\u00f1a. Y a nivel mundial participamos en la elaboraci\u00f3n del <strong> \u201cPlan Estrat\u00e9gico para el Desarrollo del Avistamiento de Cet\u00e1ceos\u201d realizado por la Comisi\u00f3n Ballenera Internacional.<\/strong><figure class=\"wp-block-image size-full\"><img loading=\"lazy\" decoding=\"async\" width=\"2560\" height=\"931\" src=\"https:\/\/www.turmares.com\/wp-content\/uploads\/excursion_barco.jpg\" alt=\"\" class=\"wp-image-151\" srcset=\"https:\/\/www.turmares.com\/wp-content\/uploads\/excursion_barco.jpg 2560w, https:\/\/www.turmares.com\/wp-content\/uploads\/excursion_barco-768x279.jpg 768w, https:\/\/www.turmares.com\/wp-content\/uploads\/excursion_barco-1536x559.jpg 1536w, https:\/\/www.turmares.com\/wp-content\/uploads\/excursion_barco-2048x745.jpg 2048w\" sizes=\"auto, (max-width: 2560px) 100vw, 2560px\" \/><\/figure><h3 class=\"wp-block-heading\">POLITIQUE DE CONSERVATION ET DE TOURISME DURABLE<\/h3>El avistamiento de cet\u00e1ceos es una actividad considerada ecotur\u00edstica, y como tal, presenta una serie de ventajas de tipo econ\u00f3mico, social y cient\u00edfico, ya que proporciona una mayor sensibilidad ambiental y cultural al visitante y a la poblaci\u00f3n local. <br\/>\nSe trata de una herramienta \u00fatil y necesaria de sensibilizaci\u00f3n medioambiental, puesto que se conserva y protege mejor aquello que mejor se conoce.<h3 class=\"wp-block-heading\">Pour trouver les c\u00e9tac\u00e9s<\/h3>Nos avalan m\u00e1s de 25 a\u00f1os navegando con los mejores profesionales por las aguas del Estrecho, conocemos perfectamente las mareas, las corrientes y el comportamiento y costumbres de los cet\u00e1ceos.<figure class=\"wp-block-image size-full\"><img loading=\"lazy\" decoding=\"async\" width=\"440\" height=\"440\" src=\"https:\/\/www.turmares.com\/wp-content\/uploads\/cola-cachalote-2.jpg\" alt=\"\" class=\"wp-image-187\"\/><\/figure><figure class=\"wp-block-image size-full\"><img loading=\"lazy\" decoding=\"async\" width=\"440\" height=\"440\" src=\"https:\/\/www.turmares.com\/wp-content\/uploads\/cabeza-delfin-2.jpg\" alt=\"\" class=\"wp-image-186\"\/><\/figure><h3 class=\"has-text-align-center wp-block-heading\">Nos d\u00e9parts<\/h3><figure class=\"wp-block-image size-full\"><img loading=\"lazy\" decoding=\"async\" width=\"440\" height=\"440\" src=\"https:\/\/www.turmares.com\/wp-content\/uploads\/cola-cachalote-2.jpg\" alt=\"\" class=\"wp-image-187\"\/><\/figure>A las {je_datos-empresa_horario1} hA las {je_datos-empresa_horario2} h{je_datos-empresa_texto_salidas}Salidas {je_datos-empresa_salida_1} hSalidas {je_datos-empresa_salida_2} h{je_datos-empresa_s1_tarifa1}{je_datos-empresa_precio_s1_t1}{je_datos-empresa_precio_s1_t2}{je_datos-empresa_s1_tarifa2}{je_datos-empresa_s1_tarifa3}{je_datos-empresa_precio_s1_t3}{je_datos-empresa_precio_s1_t4}{je_datos-empresa_s1_tarifa4}{je_datos-empresa_s2_tarifa1}{je_datos-empresa_precio_s2_t1}{je_datos-empresa_s2_tarifa2}{je_datos-empresa_precio_s2_t2}{je_datos-empresa_s2_tarifa3}{je_datos-empresa_precio_s2_t3}{je_datos-empresa_s2_tarifa4}{je_datos-empresa_precio_s2_t4}Los precios var\u00edan en funci\u00f3n de la duraci\u00f3n y temporada. Si desea m\u00e1s\ninformaci\u00f3n, contacte con nosotros.\u00a1Una experiencia premium en un entorno \u00fanico!Turmares Tarifa es una empresa homologada y registrada:\n<strong>Marca Parque Natural de Andaluc\u00eda desde 2007.<\/strong>Si quiere saber c\u00f3mo contribuimos a la conservaci\u00f3n e investigaci\u00f3n, <strong><a href=\"\/departamento-cientifico-y-educacion\/\" target=\"_blank\">\u00a1pinche aqu\u00ed!<\/a><\/strong><figure class=\"wp-block-image size-full\"><img loading=\"lazy\" decoding=\"async\" width=\"1280\" height=\"680\" src=\"https:\/\/www.turmares.com\/wp-content\/uploads\/orcas-nadando.jpg\" alt=\"\" class=\"wp-image-305\" srcset=\"https:\/\/www.turmares.com\/wp-content\/uploads\/orcas-nadando.jpg 1280w, https:\/\/www.turmares.com\/wp-content\/uploads\/orcas-nadando-768x408.jpg 768w\" sizes=\"auto, (max-width: 1280px) 100vw, 1280px\" \/><\/figure><figure class=\"wp-block-image size-full\"><img loading=\"lazy\" decoding=\"async\" width=\"1280\" height=\"680\" src=\"https:\/\/www.turmares.com\/wp-content\/uploads\/cachalote-cola-2.jpg\" alt=\"\" class=\"wp-image-306\" srcset=\"https:\/\/www.turmares.com\/wp-content\/uploads\/cachalote-cola-2.jpg 1280w, https:\/\/www.turmares.com\/wp-content\/uploads\/cachalote-cola-2-768x408.jpg 768w\" sizes=\"auto, (max-width: 1280px) 100vw, 1280px\" \/><\/figure><h3 class=\"wp-block-heading\">Pour se rep\u00e9rer<\/h3>Visualmente, y con la ayuda de los prism\u00e1ticos, buscamos los soplos, salpicaduras de agua que hacen al saltar, aletas dorsales y el brillo del agua, entre otras se\u00f1ales.<figure class=\"wp-block-image size-full\"><img loading=\"lazy\" decoding=\"async\" width=\"1280\" height=\"680\" src=\"https:\/\/www.turmares.com\/wp-content\/uploads\/orca_jugando.jpg\" alt=\"\" class=\"wp-image-304\" srcset=\"https:\/\/www.turmares.com\/wp-content\/uploads\/orca_jugando.jpg 1280w, https:\/\/www.turmares.com\/wp-content\/uploads\/orca_jugando-768x408.jpg 768w\" sizes=\"auto, (max-width: 1280px) 100vw, 1280px\" \/><\/figure><h3 class=\"wp-block-heading\">Approche<\/h3>Despacio y de la mejor forma posible, siguiendo las pautas establecidas por la normativa <strong><i>Accobams y el Real Decreto 1727\/2007<\/i><\/strong>.El contacto f\u00edsico de embarcaciones o personas\ncon los cet\u00e1ceos.Alimentar a los animales, tirar alimentos, bebidas,\nbasuras o cualquier otro tipo de objeto o sustancia.\u2022\tProducir ruidos y sonidos fuertes o estridentes para intentar atraerlos o alejarlos, incluidas las emisiones de sonidos bajo el agua.Separar o dispersar al grupo de cet\u00e1ceos y,\nespecialmente, interponerse entre un adulto y su\ncr\u00eda.Impedir el movimiento libre de los cet\u00e1ceos,\ninterceptar su trayectoria, cortar su paso o\natravesar un grupo de animales.Las embarcaciones navegar\u00e1n a una velocidad m\u00e1xima de 4 nudos y no m\u00e1s r\u00e1pida que el animal m\u00e1s lento del grupo.La aproximaci\u00f3n a los cet\u00e1ceos se realizar\u00e1 suavemente en direcci\u00f3n y sentido al rumbo de los animales en un \u00e1ngulo de 30\u00ba, nunca de frente, por detr\u00e1s ni perpendicularmente a su trayectoria.Es importante mantener la navegaci\u00f3n paralela a los animales y evitar los cambios bruscos de rumbo o velocidad.Si un animal se acerca al barco o aparece\nrepentinamente a menos de 60 metros de un\nbarco, el capit\u00e1n pondr\u00e1 el motor en punto muerto.Si\tdetectamos\tcomportamiento\tesquivo\nabandonamos la zona, en busca de otros grupos.Nadar o bucear con los animales.<p>Nous sommes une entreprise sp\u00e9cialis\u00e9e dans le transport maritime et les excursions de haute qualit\u00e9.<\/p>\n<p>Nos excursions sont soumises aux <a href=\"https:\/\/www.turmares.com\/fr\/conditions-generales-de-transport-maritime-dans-le-cadre-dun-programme-dexcursions-maritimes\/\" target=\"_blank\" rel=\"noopener\"><strong><em>conditions g\u00e9n\u00e9rales de transport,<\/em><\/strong><\/a> disponibles dans tous les espaces de vente, aux guichets et sur <a href=\"https:\/\/www.turmares.com\/fr\/conditions-generales-de-transport-maritime-dans-le-cadre-dun-programme-dexcursions-maritimes\/\" target=\"_blank\" rel=\"noopener\"><strong><em>ce lien.<\/em><\/strong><\/a><\/p>\n<p>\u00a0<\/p><p>Les prix ci-dessus s&rsquo;appliquent \u00e0 nos itin\u00e9raires et horaires pr\u00e9\u00e9tablis et incluent la TVA (art. 91.1.2.1 de la loi 37\/1992).<\/p>\n<p>Nos excursions sont soumises aux <a href=\"https:\/\/www.turmares.com\/fr\/conditions-generales-de-transport-maritime-dans-le-cadre-dun-programme-dexcursions-maritimes\/\" target=\"_blank\" rel=\"noopener\"><em><strong>conditions g\u00e9n\u00e9rales de transport, <\/strong><\/em><\/a>disponibles dans tous les espaces de vente, aux guichets et sur <a href=\"https:\/\/www.turmares.com\/fr\/conditions-generales-de-transport-maritime-dans-le-cadre-dun-programme-dexcursions-maritimes\/\" target=\"_blank\" rel=\"noopener\"><strong><em>ce lien.<\/em><\/strong><\/a><\/p>\n<p><strong>RECOMENDACIONES<\/strong><\/p><br\/>Protecci\u00f3n solar, gorra, chaqueta y calzado sujeto al pie (evitar chanclas). Para prevenir el mareo es recomendable tomar alguna medicina antes del embarque.\n<p><strong>R\u00c8GLES DE CONDUITE<\/strong><\/p>\n<p>Afin de rendre l&rsquo;observation aussi respectueuse que possible, nous nous approcherons des animaux avec prudence et en \u00e9vitant de les d\u00e9ranger, en utilisant les distances, la direction et la vitesse recommand\u00e9es par la l\u00e9gislation espagnole (RD 1727\/2007) et le R\u00e8glement ACCOBAMS.<\/p>\n<p>En outre, il est strictement interdit de nourrir ou de toucher les animaux, de jeter un objet quelconque dans la mer et de crier.<\/p>\n<p>Il est recommand\u00e9 de ne pas courir, de se d\u00e9placer lentement autour du bateau et d&rsquo;avoir toujours un point d&rsquo;appui pour mieux garder l&rsquo;\u00e9quilibre. Les mineurs doivent \u00eatre accompagn\u00e9s d&rsquo;un adulte \u00e0 tout moment.<\/p>\n<p><strong>ASSURANCE<\/strong><\/p>\n<p>Tous les passagers sont couverts par l&rsquo;assurance obligatoire des passagers (SOV), \u00e9tablie par le d\u00e9cret royal 1575 du 22 d\u00e9cembre 1989.<\/p><h2 class=\"wp-block-heading\">Nos bureaux et notre <strong>point de rencontre<\/strong><\/h2><p>Dans nos bureaux, nous disposons d&rsquo;une salle d&rsquo;attente, o\u00f9 vous pouvez vous reposer, aller aux toilettes, regarder des vid\u00e9os,&#8230; et obtenir des informations sur nos voyages en attendant l&rsquo;heure de d\u00e9part. <\/p><h3 class=\"wp-block-heading\"><strong>R\u00e9servez <\/strong>votre visite d\u00e8s maintenant,<br\/>notre \u00e9quipe vous attend pour vous faire d\u00e9couvrir <strong>les merveilles du d\u00e9troit<\/strong><\/h3><div class=\"wp-block-buttons is-layout-flex wp-block-buttons-is-layout-flex\"><div class=\"wp-block-button\"><a class=\"wp-block-button__link\">Billets<\/a><\/div><\/div><h2 class=\"wp-block-heading\">VENEZ VOIR, APPR\u00c9CIER ET APPRENDRE \u00c0 CONNA\u00ceTRE LES BALEINES ET LES DAUPHINS \u00c0 TARIFA DE MANI\u00c8RE RESPONSABLE.<\/h2><h1 class=\"wp-block-heading\">Excursions<\/h1>","protected":false},"excerpt":{"rendered":"<p>We go out every day, weather permitting. Les horaires d\u00e9pendent des mar\u00e9es et des conditions m\u00e9t\u00e9orologiques, afin que vous puissiez profiter au maximum de nos sorties. La saison commence en mars et se termine en octobre. Nos d\u00e9parts Navegamos por la parte central del Estrecho de Gibraltar buscando delfines y ballenas. Adem\u00e1s, siempre se pueden [&hellip;]<\/p>\n","protected":false},"author":2,"featured_media":0,"parent":0,"menu_order":0,"comment_status":"closed","ping_status":"closed","template":"","meta":{"_acf_changed":false,"_joinchat":[],"footnotes":""},"class_list":["post-3361","page","type-page","status-publish","hentry"],"acf":[],"_links":{"self":[{"href":"https:\/\/www.turmares.com\/fr\/wp-json\/wp\/v2\/pages\/3361","targetHints":{"allow":["GET"]}}],"collection":[{"href":"https:\/\/www.turmares.com\/fr\/wp-json\/wp\/v2\/pages"}],"about":[{"href":"https:\/\/www.turmares.com\/fr\/wp-json\/wp\/v2\/types\/page"}],"author":[{"embeddable":true,"href":"https:\/\/www.turmares.com\/fr\/wp-json\/wp\/v2\/users\/2"}],"replies":[{"embeddable":true,"href":"https:\/\/www.turmares.com\/fr\/wp-json\/wp\/v2\/comments?post=3361"}],"version-history":[{"count":7,"href":"https:\/\/www.turmares.com\/fr\/wp-json\/wp\/v2\/pages\/3361\/revisions"}],"predecessor-version":[{"id":4813,"href":"https:\/\/www.turmares.com\/fr\/wp-json\/wp\/v2\/pages\/3361\/revisions\/4813"}],"wp:attachment":[{"href":"https:\/\/www.turmares.com\/fr\/wp-json\/wp\/v2\/media?parent=3361"}],"curies":[{"name":"wp","href":"https:\/\/api.w.org\/{rel}","templated":true}]}}