{"id":3367,"date":"2024-06-07T11:04:41","date_gmt":"2024-06-07T09:04:41","guid":{"rendered":"https:\/\/www.turmares.com\/la-faune-marine-du-detroit\/"},"modified":"2025-04-28T11:29:17","modified_gmt":"2025-04-28T09:29:17","slug":"la-faune-marine-du-detroit","status":"publish","type":"page","link":"https:\/\/www.turmares.com\/fr\/la-faune-marine-du-detroit\/","title":{"rendered":"La faune marine du d\u00e9troit"},"content":{"rendered":"<h1 class=\"wp-block-heading\">La faune marine du d\u00e9troit<\/h1><h2 class=\"wp-block-heading\">Canal naturel unique reliant l&rsquo;oc\u00e9an Atlantique et la mer M\u00e9diterran\u00e9e<\/h2><h3 class=\"wp-block-heading\">{je_fauna_nombre-acortado}<\/h3>+ info<h3 class=\"wp-block-heading\">{je_fauna_nombre-acortado}<\/h3>+ info<h3 class=\"wp-block-heading\">{je_fauna_nombre-acortado}<\/h3>+ info<h3 class=\"wp-block-heading\">{je_fauna_nombre-acortado}<\/h3>+ info<h3 class=\"wp-block-heading\">{je_fauna_nombre-acortado}<\/h3>+ info<h3 class=\"wp-block-heading\">{je_fauna_nombre-acortado}<\/h3>+ info<h3 class=\"wp-block-heading\">{je_fauna_nombre-acortado}<\/h3>+ info<h3 class=\"wp-block-heading\">{post_title}<\/h3><h3 class=\"wp-block-heading\">({je_fauna_nombre-cientifico})<\/h3>{je_fauna_tipo-especie}(post_content)PROBABILIDAD DE AVISTAMIENTOALTA PROBABILIDAD: <span style=\"color:var(--action)\"><strong>{je_fauna_probabilidad-alta-avistamiento}<\/strong><\/span>BAJA PROBABILIDAD: <span style=\"color:var(--action)\"><strong>{je_fauna_probabilidad-baja-avistamiento}<\/strong><\/span><h3 class=\"wp-block-heading\">{post_title}<\/h3><h3 class=\"wp-block-heading\">({je_fauna_nombre-cientifico})<\/h3>{je_fauna_tipo-especie}(post_content)PROBABILIDAD DE AVISTAMIENTOALTA PROBABILIDAD: <span style=\"color:var(--action)\"><strong>{je_fauna_probabilidad-alta-avistamiento}<\/strong><\/span>BAJA PROBABILIDAD: <span style=\"color:var(--action)\"><strong>{je_fauna_probabilidad-baja-avistamiento}<\/strong><\/span><h3 class=\"wp-block-heading\">{post_title}<\/h3><h3 class=\"wp-block-heading\">({je_fauna_nombre-cientifico})<\/h3>{je_fauna_tipo-especie}(post_content)PROBABILIDAD DE AVISTAMIENTOALTA PROBABILIDAD: <span style=\"color:var(--action)\"><strong>{je_fauna_probabilidad-alta-avistamiento}<\/strong><\/span>BAJA PROBABILIDAD: <span style=\"color:var(--action)\"><strong>{je_fauna_probabilidad-baja-avistamiento}<\/strong><\/span><h3 class=\"wp-block-heading\">{post_title}<\/h3><h3 class=\"wp-block-heading\">({je_fauna_nombre-cientifico})<\/h3>{je_fauna_tipo-especie}(post_content)PROBABILIDAD DE AVISTAMIENTOALTA PROBABILIDAD: <span style=\"color:var(--action)\"><strong>{je_fauna_probabilidad-alta-avistamiento}<\/strong><\/span>BAJA PROBABILIDAD: <span style=\"color:var(--action)\"><strong>{je_fauna_probabilidad-baja-avistamiento}<\/strong><\/span><h3 class=\"wp-block-heading\">{post_title}<\/h3><h3 class=\"wp-block-heading\">({je_fauna_nombre-cientifico})<\/h3>{je_fauna_tipo-especie}(post_content)PROBABILIDAD DE AVISTAMIENTOALTA PROBABILIDAD: <span style=\"color:var(--action)\"><strong>{je_fauna_probabilidad-alta-avistamiento}<\/strong><\/span>BAJA PROBABILIDAD: <span style=\"color:var(--action)\"><strong>{je_fauna_probabilidad-baja-avistamiento}<\/strong><\/span><h3 class=\"wp-block-heading\">{post_title}<\/h3><h3 class=\"wp-block-heading\">({je_fauna_nombre-cientifico})<\/h3>{je_fauna_tipo-especie}(post_content)PROBABILIDAD DE AVISTAMIENTOALTA PROBABILIDAD: <span style=\"color:var(--action)\"><strong>{je_fauna_probabilidad-alta-avistamiento}<\/strong><\/span>BAJA PROBABILIDAD: <span style=\"color:var(--action)\"><strong>{je_fauna_probabilidad-baja-avistamiento}<\/strong><\/span><h3 class=\"wp-block-heading\">{post_title}<\/h3><h3 class=\"wp-block-heading\">({je_fauna_nombre-cientifico})<\/h3>{je_fauna_tipo-especie}(post_content)PROBABILIDAD DE AVISTAMIENTOALTA PROBABILIDAD: <span style=\"color:var(--action)\"><strong>{je_fauna_probabilidad-alta-avistamiento}<\/strong><\/span>BAJA PROBABILIDAD: <span style=\"color:var(--action)\"><strong>{je_fauna_probabilidad-baja-avistamiento}<\/strong><\/span>El Estrecho de Gibraltar es el \u00fanico canal natural que une el Oc\u00e9ano Atl\u00e1ntico y el Mar Mediterr\u00e1neo.\nPosee un complejo sistema de corrientes que hacen que afloren muchos nutrientes del fondo a la superficie.<br\/>\nEsta es la principal causa de la gran biodiversidad de cet\u00e1ceos que habitan esta zona.<h2 class=\"has-text-align-center wp-block-heading\">Galerie de photos<\/h2>Todas las fotograf\u00edas de nuestra galer\u00eda son tomadas de forma respetuosa y responsable desde nuestras embarcaciones, ya sea por nuestro equipo o por fot\u00f3grafos profesionales.<h3 class=\"wp-block-heading\">Autres esp\u00e8ces du d\u00e9troit<\/h3>En nuestras salidas no solo observamos y aprendemos de cet\u00e1ceos, tambi\u00e9n es una oportunidad \u00fanica para disfrutar de otras especies migratorias y residentes de aves, peces y tortugas.<h3 class=\"wp-block-heading\">{post_title}<\/h3><h3 class=\"wp-block-heading\">{post_title}<\/h3>(post_content)<h3 class=\"wp-block-heading\">Cachalots<\/h3><h3 class=\"wp-block-heading\">Globic\u00e9phale noir<\/h3><h3 class=\"wp-block-heading\">Orques<\/h3><h3 class=\"wp-block-heading\">Dauphins communs<\/h3><h3 class=\"wp-block-heading\">Dauphin ray\u00e9<\/h3><h3 class=\"wp-block-heading\">Grands dauphins<\/h3><h3 class=\"wp-block-heading\">Rorquals<\/h3>","protected":false},"excerpt":{"rendered":"<p>La faune marine du d\u00e9troit Canal naturel unique reliant l&rsquo;oc\u00e9an Atlantique et la mer M\u00e9diterran\u00e9e {je_fauna_nombre-acortado} + info {je_fauna_nombre-acortado} + info {je_fauna_nombre-acortado} + info {je_fauna_nombre-acortado} + info {je_fauna_nombre-acortado} + info {je_fauna_nombre-acortado} + info {je_fauna_nombre-acortado} + info {post_title} ({je_fauna_nombre-cientifico}) {je_fauna_tipo-especie}(post_content)PROBABILIDAD DE AVISTAMIENTOALTA PROBABILIDAD: {je_fauna_probabilidad-alta-avistamiento}BAJA PROBABILIDAD: {je_fauna_probabilidad-baja-avistamiento} {post_title} ({je_fauna_nombre-cientifico}) {je_fauna_tipo-especie}(post_content)PROBABILIDAD DE AVISTAMIENTOALTA PROBABILIDAD: {je_fauna_probabilidad-alta-avistamiento}BAJA PROBABILIDAD: {je_fauna_probabilidad-baja-avistamiento} {post_title} [&hellip;]<\/p>\n","protected":false},"author":2,"featured_media":0,"parent":0,"menu_order":0,"comment_status":"closed","ping_status":"closed","template":"","meta":{"_acf_changed":false,"_joinchat":[],"footnotes":""},"class_list":["post-3367","page","type-page","status-publish","hentry"],"acf":[],"_links":{"self":[{"href":"https:\/\/www.turmares.com\/fr\/wp-json\/wp\/v2\/pages\/3367","targetHints":{"allow":["GET"]}}],"collection":[{"href":"https:\/\/www.turmares.com\/fr\/wp-json\/wp\/v2\/pages"}],"about":[{"href":"https:\/\/www.turmares.com\/fr\/wp-json\/wp\/v2\/types\/page"}],"author":[{"embeddable":true,"href":"https:\/\/www.turmares.com\/fr\/wp-json\/wp\/v2\/users\/2"}],"replies":[{"embeddable":true,"href":"https:\/\/www.turmares.com\/fr\/wp-json\/wp\/v2\/comments?post=3367"}],"version-history":[{"count":15,"href":"https:\/\/www.turmares.com\/fr\/wp-json\/wp\/v2\/pages\/3367\/revisions"}],"predecessor-version":[{"id":5166,"href":"https:\/\/www.turmares.com\/fr\/wp-json\/wp\/v2\/pages\/3367\/revisions\/5166"}],"wp:attachment":[{"href":"https:\/\/www.turmares.com\/fr\/wp-json\/wp\/v2\/media?parent=3367"}],"curies":[{"name":"wp","href":"https:\/\/api.w.org\/{rel}","templated":true}]}}