{"id":3383,"date":"2022-11-03T10:34:26","date_gmt":"2022-11-03T09:34:26","guid":{"rendered":"https:\/\/www.turmares.com\/accueil\/"},"modified":"2025-05-09T15:00:03","modified_gmt":"2025-05-09T13:00:03","slug":"accueil","status":"publish","type":"page","link":"https:\/\/www.turmares.com\/fr\/","title":{"rendered":"Accueil"},"content":{"rendered":"<h2 class=\"wp-block-heading\">Observation respectueuse des baleines en Espagne<br\/><strong>garantie<\/strong><\/h2>Actividad ideal para <strong>cualquier tipo de p\u00fablico y edad<\/strong>.Visite el Estrecho de Gibraltar <strong>avistando delfines y ballenas en m\u00e1s del 99% de nuestras excursiones<\/strong>.Somos un <strong>equipo pluriling\u00fce<\/strong> de profesionales del mar y bi\u00f3logos.Compartimos nuestros <strong>conocimientos, amor y respeto<\/strong> por estos mam\u00edferos marinos.<figure class=\"wp-block-image size-full\"><img loading=\"lazy\" decoding=\"async\" width=\"1024\" height=\"768\" src=\"https:\/\/www.turmares.com\/wp-content\/uploads\/turmares-delfin-listado-h-3.jpg\" alt=\"\" class=\"wp-image-1129\" srcset=\"https:\/\/www.turmares.com\/wp-content\/uploads\/turmares-delfin-listado-h-3.jpg 1024w, https:\/\/www.turmares.com\/wp-content\/uploads\/turmares-delfin-listado-h-3-768x576.jpg 768w\" sizes=\"auto, (max-width: 1024px) 100vw, 1024px\" \/><\/figure><h3 class=\"wp-block-heading\">{je_fauna_nombre-acortado}<\/h3>+ info<h3 class=\"wp-block-heading\">{je_fauna_nombre-acortado}<\/h3>+ info<h3 class=\"wp-block-heading\">{je_fauna_nombre-acortado}<\/h3>+ info<h3 class=\"wp-block-heading\">{je_fauna_nombre-acortado}<\/h3>+ info<h3 class=\"wp-block-heading\">{je_fauna_nombre-acortado}<\/h3>+ info<h3 class=\"wp-block-heading\">{je_fauna_nombre-acortado}<\/h3>+ info<h3 class=\"wp-block-heading\">{je_fauna_nombre-acortado}<\/h3>+ info<h3 class=\"wp-block-heading\">{post_title}<\/h3><h3 class=\"wp-block-heading\">({je_fauna_nombre-cientifico})<\/h3>{je_fauna_tipo-especie}(post_content)PROBABILIDAD DE AVISTAMIENTOALTA PROBABILIDAD: <span style=\"color:var(--action)\"><strong>{je_fauna_probabilidad-alta-avistamiento}<\/strong><\/span>BAJA PROBABILIDAD: <span style=\"color:var(--action)\"><strong>{je_fauna_probabilidad-baja-avistamiento}<\/strong><\/span><h3 class=\"wp-block-heading\">{post_title}<\/h3><h3 class=\"wp-block-heading\">({je_fauna_nombre-cientifico})<\/h3>{je_fauna_tipo-especie}(post_content)PROBABILIDAD DE AVISTAMIENTOALTA PROBABILIDAD: <span style=\"color:var(--action)\"><strong>{je_fauna_probabilidad-alta-avistamiento}<\/strong><\/span>BAJA PROBABILIDAD: <span style=\"color:var(--action)\"><strong>{je_fauna_probabilidad-baja-avistamiento}<\/strong><\/span><h3 class=\"wp-block-heading\">{post_title}<\/h3><h3 class=\"wp-block-heading\">({je_fauna_nombre-cientifico})<\/h3>{je_fauna_tipo-especie}(post_content)PROBABILIDAD DE AVISTAMIENTOALTA PROBABILIDAD: <span style=\"color:var(--action)\"><strong>{je_fauna_probabilidad-alta-avistamiento}<\/strong><\/span>BAJA PROBABILIDAD: <span style=\"color:var(--action)\"><strong>{je_fauna_probabilidad-baja-avistamiento}<\/strong><\/span><h3 class=\"wp-block-heading\">{post_title}<\/h3><h3 class=\"wp-block-heading\">({je_fauna_nombre-cientifico})<\/h3>{je_fauna_tipo-especie}(post_content)PROBABILIDAD DE AVISTAMIENTOALTA PROBABILIDAD: <span style=\"color:var(--action)\"><strong>{je_fauna_probabilidad-alta-avistamiento}<\/strong><\/span>BAJA PROBABILIDAD: <span style=\"color:var(--action)\"><strong>{je_fauna_probabilidad-baja-avistamiento}<\/strong><\/span><h3 class=\"wp-block-heading\">{post_title}<\/h3><h3 class=\"wp-block-heading\">({je_fauna_nombre-cientifico})<\/h3>{je_fauna_tipo-especie}(post_content)PROBABILIDAD DE AVISTAMIENTOALTA PROBABILIDAD: <span style=\"color:var(--action)\"><strong>{je_fauna_probabilidad-alta-avistamiento}<\/strong><\/span>BAJA PROBABILIDAD: <span style=\"color:var(--action)\"><strong>{je_fauna_probabilidad-baja-avistamiento}<\/strong><\/span><h3 class=\"wp-block-heading\">{post_title}<\/h3><h3 class=\"wp-block-heading\">({je_fauna_nombre-cientifico})<\/h3>{je_fauna_tipo-especie}(post_content)PROBABILIDAD DE AVISTAMIENTOALTA PROBABILIDAD: <span style=\"color:var(--action)\"><strong>{je_fauna_probabilidad-alta-avistamiento}<\/strong><\/span>BAJA PROBABILIDAD: <span style=\"color:var(--action)\"><strong>{je_fauna_probabilidad-baja-avistamiento}<\/strong><\/span><h3 class=\"wp-block-heading\">{post_title}<\/h3><h3 class=\"wp-block-heading\">({je_fauna_nombre-cientifico})<\/h3>{je_fauna_tipo-especie}(post_content)PROBABILIDAD DE AVISTAMIENTOALTA PROBABILIDAD: <span style=\"color:var(--action)\"><strong>{je_fauna_probabilidad-alta-avistamiento}<\/strong><\/span>BAJA PROBABILIDAD: <span style=\"color:var(--action)\"><strong>{je_fauna_probabilidad-baja-avistamiento}<\/strong><\/span>Avistamientos de cet\u00e1ceos respetuosos y <strong>responsables<\/strong>Con nosotros contribuye a la <strong>conservaci\u00f3n<\/strong> de  cet\u00e1ceos y oc\u00e9anosAdaptado para personas con <strong>discapacidad<\/strong>Apto para toda la <strong>familia<\/strong>Personal <strong>pluriling\u00fce<\/strong>, bi\u00f3logos y expertos marinos<strong>Informaci\u00f3n<\/strong> durante y despu\u00e9s de la salidaM\u00e1s del <strong>99%<\/strong>\tde \u00e9xito en\tavistamientos<h2 class=\"has-text-align-left wp-block-heading\">PHOTOS DE LA FAUNE MARINE DU D\u00c9TROIT PRISES LORS DE NOS EXCURSIONS<\/h2><h2 class=\"wp-block-heading\">Visitez notre<br\/>galerie de photos<\/h2><h3 class=\"has-text-align-center wp-block-heading\">Voir la galerie<\/h3><h2 class=\"wp-block-heading\"><strong>Nos<\/strong> bateaux<\/h2><h3 class=\"wp-block-heading\">{post_title}<\/h3>{post_excerpt}Reserva+ infoYara Flores<p>UNE EXP\u00c9RIENCE INCROYABLE<br\/>Nous avons vu 3 esp\u00e8ces de dauphins et des cachalots.<br\/>Beaucoup de s\u00e9curit\u00e9, beaucoup d&rsquo;informations et surtout l&rsquo;enthousiasme de son \u00e9quipe.<br\/>Merci \u00e0 Alberto pour son enthousiasme et \u00e0 tous les membres de l&rsquo;\u00e9quipage.<br\/>Je renouvellerai l&rsquo;exp\u00e9rience \u00e0 coup s\u00fbr<\/p>Cristina Caro<p>Une exp\u00e9rience incroyable hier.<br\/>Le personnel \u00e9tait charmant, on voyait qu&rsquo;il aimait la r\u00e9gion et nous donnait des informations sur tout.<br\/>Nous pensions ne voir que quelques dauphins, mais la volont\u00e9 de toute l&rsquo;\u00e9quipe de voir de nombreuses esp\u00e8ces nous a permis d&rsquo;apercevoir deux cachalots, deux rorquals, un poisson-lune et plusieurs dauphins !<br\/>Nous recommandons vivement de faire appel \u00e0 eux !<br\/>Si vous avez des vertiges, prenez de la biodramine et un sweat-shirt, mais n&rsquo;oubliez pas de le faire. ! !!!<\/p>Food Tracker<p>Ce fut une excellente exp\u00e9rience, nous avons vu 3 cachalots et plusieurs types de dauphins.<br\/>Le service, le confort et les explications \u00e9taient excellents.<br\/>Tr\u00e8s bon rapport qualit\u00e9\/prix<\/p>Miguel Reyes Ruiz<p>Professionnel et g\u00e9nial, Blanca le guide nous a tout expliqu\u00e9 parfaitement, et Kiko le skipper nous a emmen\u00e9 directement vers les baleines pilotes, et diff\u00e9rents types de dauphins \u00e0 appr\u00e9cier.<br\/>Hautement recommand\u00e9.<\/p><h2 class=\"wp-block-heading\"><strong>Vos<\/strong> commentaires<\/h2><div class=\"wp-block-buttons is-layout-flex wp-block-buttons-is-layout-flex\"><div class=\"wp-block-button\"><a class=\"wp-block-button__link\">O\u00f9 nous sommes<\/a><\/div><\/div><h1 class=\"wp-block-heading\">Observation respectueuse des <span style=\"color: #ffcf24\">dauphins et des baleines<\/span> \u00e0 Tarifa<\/h1><h2 class=\"wp-block-heading\">Excursions en mer dans le d\u00e9troit de Gibraltar<\/h2><p><strong>{je_datos-empresa_nombre-fiscal},<\/strong> est le sp\u00e9cialiste du transport de passagers et des <strong>excursions responsables d&rsquo;observation des baleines et des dauphins<\/strong> dans le d\u00e9troit de Gibraltar.<\/p>\n<p>Avec des <strong>d\u00e9parts programm\u00e9s et des horaires flexibles<\/strong>, nous offrons une exp\u00e9rience inoubliable \u00e0 tous les amoureux de la nature et de la vie marine.<\/p>\n<p>R\u00e9servez votre excursion avec nous et <strong>observez l&rsquo;incroyable vie marine<\/strong> tout en profitant d&rsquo;un <strong>voyage s\u00fbr et confortable.<\/strong><\/p>\n<p><strong>Nous vous attendons pour partager ensemble la magie de la mer et de ses merveilleux habitants!<\/strong><\/p><p>Nos navires modernes sont con\u00e7us pour offrir la meilleure exp\u00e9rience possible, avec un <strong>personnel form\u00e9<\/strong> et amical pour <strong>garantir un voyage agr\u00e9able et s\u00fbr.<\/strong> Tous nos navires sont class\u00e9s et exp\u00e9di\u00e9s en tant que <strong>navires \u00e0 passagers<\/strong> dans le but de <strong>transporter des passagers.<\/strong><\/p>\n<p><strong>Nous sommes une entreprise sp\u00e9cialis\u00e9e dans le transport maritime et les excursions de haute qualit\u00e9.<\/strong><\/p><h2 class=\"wp-block-heading\"><strong>Engagement<\/strong> pour l&rsquo;environnement<\/h2><p>Notre engagement envers<strong> l&rsquo;environnement naturel et les esp\u00e8ces<\/strong> qui habitent le d\u00e9troit de Gibraltar est notre priorit<\/p>\n<p>Nous sommes sp\u00e9cialis\u00e9s dans les <strong>excursions d&rsquo;observation des baleines et des dauphins<\/strong>, toujours dans le respect de l&rsquo;habitat et du comportement de ces magnifiques cr\u00e9atures.<\/p>\n<p>Rejoignez-nous pour <strong>observer la vie marine de pr\u00e8s,<\/strong> dans son environnement naturel, sans perturber son \u00e9cosyst\u00e8me.<\/p>\n<p><strong>Notre philosophie est bas\u00e9e sur la conservation et le respect de l&rsquo;environnement marin.<\/strong><\/p>\n<p>Toutes nos activit\u00e9s sont r\u00e9alis\u00e9es conform\u00e9ment \u00e0 des <strong>r\u00e8gles strictes de protection de l&rsquo;environnement<\/strong>, ce qui garantit que nos excursions<strong> n&rsquo;affectent pas la faune du d\u00e9troit de Gibraltar.<\/strong><\/p><h2 class=\"wp-block-heading\">Nous contacter<\/h2><p>Vous pouvez nous contacter par courrier \u00e9lectronique ou par t\u00e9l\u00e9phone.<\/p>{je_datos-empresa_telefono-2}{je_datos-empresa_telefono-1}{je_datos-empresa_email}","protected":false},"excerpt":{"rendered":"<p>Observation respectueuse des baleines en Espagnegarantie Actividad ideal para cualquier tipo de p\u00fablico y edad.Visite el Estrecho de Gibraltar avistando delfines y ballenas en m\u00e1s del 99% de nuestras excursiones.Somos un equipo pluriling\u00fce de profesionales del mar y bi\u00f3logos.Compartimos nuestros conocimientos, amor y respeto por estos mam\u00edferos marinos. {je_fauna_nombre-acortado} + info {je_fauna_nombre-acortado} + info {je_fauna_nombre-acortado} [&hellip;]<\/p>\n","protected":false},"author":2,"featured_media":0,"parent":0,"menu_order":0,"comment_status":"closed","ping_status":"closed","template":"","meta":{"_acf_changed":false,"_joinchat":[],"footnotes":""},"class_list":["post-3383","page","type-page","status-publish","hentry"],"acf":[],"_links":{"self":[{"href":"https:\/\/www.turmares.com\/fr\/wp-json\/wp\/v2\/pages\/3383","targetHints":{"allow":["GET"]}}],"collection":[{"href":"https:\/\/www.turmares.com\/fr\/wp-json\/wp\/v2\/pages"}],"about":[{"href":"https:\/\/www.turmares.com\/fr\/wp-json\/wp\/v2\/types\/page"}],"author":[{"embeddable":true,"href":"https:\/\/www.turmares.com\/fr\/wp-json\/wp\/v2\/users\/2"}],"replies":[{"embeddable":true,"href":"https:\/\/www.turmares.com\/fr\/wp-json\/wp\/v2\/comments?post=3383"}],"version-history":[{"count":12,"href":"https:\/\/www.turmares.com\/fr\/wp-json\/wp\/v2\/pages\/3383\/revisions"}],"predecessor-version":[{"id":5199,"href":"https:\/\/www.turmares.com\/fr\/wp-json\/wp\/v2\/pages\/3383\/revisions\/5199"}],"wp:attachment":[{"href":"https:\/\/www.turmares.com\/fr\/wp-json\/wp\/v2\/media?parent=3383"}],"curies":[{"name":"wp","href":"https:\/\/api.w.org\/{rel}","templated":true}]}}