{"id":3394,"date":"2024-06-26T12:12:38","date_gmt":"2024-06-26T10:12:38","guid":{"rendered":"https:\/\/www.turmares.com\/droit-applicable-et-juridiction\/"},"modified":"2025-01-22T10:01:08","modified_gmt":"2025-01-22T09:01:08","slug":"droit-applicable-et-juridiction","status":"publish","type":"page","link":"https:\/\/www.turmares.com\/fr\/droit-applicable-et-juridiction\/","title":{"rendered":"Droit applicable et juridiction"},"content":{"rendered":"<p>Loi applicable et juridiction Les pr\u00e9sentes conditions g\u00e9n\u00e9rales sont soumises \u00e0 la loi espagnole. Les parties, conform\u00e9ment au d\u00e9cret royal l\u00e9gislatif 1\/2007, du 16 novembre, qui approuve le texte r\u00e9vis\u00e9 de la loi g\u00e9n\u00e9rale pour la d\u00e9fense des consommateurs et des utilisateurs et d&rsquo;autres lois compl\u00e9mentaires, se soumettent aux cours et tribunaux du lieu de r\u00e9sidence de l&rsquo;utilisateur. De m\u00eame, conform\u00e9ment aux dispositions du R\u00e8glement (UE) n\u00b0 524\/2013 du Parlement europ\u00e9en et du Conseil du 21 mai 2013 relatif \u00e0 la r\u00e9solution des litiges de consommation en ligne, TURMARES TARIFA SL. vous informe qu&rsquo;en cas de litige, les Utilisateurs r\u00e9sidents de l&rsquo;Union europ\u00e9enne peuvent utiliser la \u00a0\u00bb Plateforme en ligne pour la r\u00e9solution des conflits \u00a0\u00bb d\u00e9velopp\u00e9e par la Commission europ\u00e9enne, afin de tenter de r\u00e9soudre \u00e0 l&rsquo;amiable tout litige d\u00e9coulant de la prestation de services par TURMARES TARIFA SL. Pour acc\u00e9der \u00e0 la \u00ab\u00a0Plate-forme en ligne de r\u00e9solution de conflits\u00a0\u00bb, vous pouvez le faire \u00e0 travers le lien suivant : http:\/\/ec.europa.eu\/consumers\/odr\/ Dans tous les cas, TURMARES TARIFA SL. informe l&rsquo;Utilisateur qu&rsquo;elle dispose d&rsquo;un Formulaire de Plainte \u00e0 travers lequel vous pouvez formuler toute plainte ou r\u00e9clamation en relation avec les services fournis par TURMARES TARIFA SL.     <\/p>\n","protected":false},"excerpt":{"rendered":"<p>Loi applicable et juridiction Les pr\u00e9sentes conditions g\u00e9n\u00e9rales sont soumises \u00e0 la loi espagnole. Les parties, conform\u00e9ment au d\u00e9cret royal l\u00e9gislatif 1\/2007, du 16 novembre, qui approuve le texte r\u00e9vis\u00e9 de la loi g\u00e9n\u00e9rale pour la d\u00e9fense des consommateurs et des utilisateurs et d&rsquo;autres lois compl\u00e9mentaires, se soumettent aux cours et tribunaux du lieu de [&hellip;]<\/p>\n","protected":false},"author":2,"featured_media":0,"parent":0,"menu_order":0,"comment_status":"closed","ping_status":"closed","template":"","meta":{"_acf_changed":false,"_joinchat":[],"footnotes":""},"class_list":["post-3394","page","type-page","status-publish","hentry"],"acf":[],"_links":{"self":[{"href":"https:\/\/www.turmares.com\/fr\/wp-json\/wp\/v2\/pages\/3394","targetHints":{"allow":["GET"]}}],"collection":[{"href":"https:\/\/www.turmares.com\/fr\/wp-json\/wp\/v2\/pages"}],"about":[{"href":"https:\/\/www.turmares.com\/fr\/wp-json\/wp\/v2\/types\/page"}],"author":[{"embeddable":true,"href":"https:\/\/www.turmares.com\/fr\/wp-json\/wp\/v2\/users\/2"}],"replies":[{"embeddable":true,"href":"https:\/\/www.turmares.com\/fr\/wp-json\/wp\/v2\/comments?post=3394"}],"version-history":[{"count":1,"href":"https:\/\/www.turmares.com\/fr\/wp-json\/wp\/v2\/pages\/3394\/revisions"}],"predecessor-version":[{"id":4461,"href":"https:\/\/www.turmares.com\/fr\/wp-json\/wp\/v2\/pages\/3394\/revisions\/4461"}],"wp:attachment":[{"href":"https:\/\/www.turmares.com\/fr\/wp-json\/wp\/v2\/media?parent=3394"}],"curies":[{"name":"wp","href":"https:\/\/api.w.org\/{rel}","templated":true}]}}