{"id":3412,"date":"2023-07-14T07:06:49","date_gmt":"2023-07-14T05:06:49","guid":{"rendered":"https:\/\/www.turmares.com\/qui-sommes-nous\/"},"modified":"2025-02-14T09:28:49","modified_gmt":"2025-02-14T08:28:49","slug":"qui-sommes-nous","status":"publish","type":"page","link":"https:\/\/www.turmares.com\/fr\/qui-sommes-nous\/","title":{"rendered":"Qui sommes-nous?"},"content":{"rendered":"<h2 class=\"wp-block-heading\">Notre \u00e9quipe et notre histoire<\/h2><h1 class=\"wp-block-heading\">Nous conna\u00eetre<\/h1><figure class=\"wp-block-image size-full\"><img loading=\"lazy\" decoding=\"async\" width=\"960\" height=\"580\" src=\"https:\/\/www.turmares.com\/wp-content\/uploads\/nuestra-historia-left.jpg\" alt=\"\" class=\"wp-image-985\" srcset=\"https:\/\/www.turmares.com\/wp-content\/uploads\/nuestra-historia-left.jpg 960w, https:\/\/www.turmares.com\/wp-content\/uploads\/nuestra-historia-left-768x464.jpg 768w\" sizes=\"auto, (max-width: 960px) 100vw, 960px\" \/><\/figure>Los or\u00edgenes de <strong>Turmares<\/strong> se remontan a 1996, cuando uno de los socios fundadores empez\u00f3 a salir en busca de cet\u00e1ceos con los primeros pasajeros. Unos a\u00f1os m\u00e1s tarde, en 1999, la compa\u00f1\u00eda se formaliz\u00f3 y se convirti\u00f3 en <strong>la primera empresa en ofrecer avistamiento de cet\u00e1ceos en el Estrecho de Gibraltar.<\/strong>En <strong>Turmares Tarifa <\/strong>contamos con <strong>m\u00e1s de 25 a\u00f1os<\/strong> dedicados al avistamiento de cet\u00e1ceos. Este proyecto naci\u00f3 del sue\u00f1o de un grupo de <strong>apasionados de la naturaleza,<\/strong> quienes se atrevieron a explorar un sector pr\u00e1cticamente desconocido en Espa\u00f1a en aquel entonces.<figure class=\"wp-block-image size-full\"><img loading=\"lazy\" decoding=\"async\" width=\"1024\" height=\"768\" src=\"https:\/\/www.turmares.com\/wp-content\/uploads\/turmares-patrones-1024.jpg\" alt=\"\" class=\"wp-image-1609\" srcset=\"https:\/\/www.turmares.com\/wp-content\/uploads\/turmares-patrones-1024.jpg 1024w, https:\/\/www.turmares.com\/wp-content\/uploads\/turmares-patrones-1024-768x576.jpg 768w\" sizes=\"auto, (max-width: 1024px) 100vw, 1024px\" \/><\/figure><h2 class=\"wp-block-heading\">Notre <strong>\u00e9quipe<\/strong><\/h2><h3 class=\"wp-block-heading\">{post_title}<\/h3><h5 class=\"wp-block-heading\">{je_trabajadores_puesto}<\/h5><h2 class=\"wp-block-heading\"><strong>L&rsquo;histoire<\/strong><\/h2><h3 class=\"wp-block-heading\"><strong>R\u00e9servez <\/strong>votre visite d\u00e8s maintenant,<br\/>notre \u00e9quipe vous attend pour vous faire d\u00e9couvrir <strong>les merveilles du d\u00e9troit<\/strong><\/h3><div class=\"wp-block-buttons is-layout-flex wp-block-buttons-is-layout-flex\"><div class=\"wp-block-button\"><a class=\"wp-block-button__link\">Billets<\/a><\/div><\/div><figure class=\"wp-block-image size-full\"><img loading=\"lazy\" decoding=\"async\" width=\"960\" height=\"580\" src=\"https:\/\/www.turmares.com\/wp-content\/uploads\/nuestra-historia-right-2.jpg\" alt=\"\" class=\"wp-image-988\" srcset=\"https:\/\/www.turmares.com\/wp-content\/uploads\/nuestra-historia-right-2.jpg 960w, https:\/\/www.turmares.com\/wp-content\/uploads\/nuestra-historia-right-2-768x464.jpg 768w\" sizes=\"auto, (max-width: 960px) 100vw, 960px\" \/><\/figure><p>\u00c0 l&rsquo;\u00e9poque, on connaissait mal les esp\u00e8ces que l&rsquo;on pouvait observer dans le d\u00e9troit de Gibraltar. Conform\u00e9ment \u00e0 <strong>notre philosophie de d\u00e9veloppement et de durabilit\u00e9<\/strong>, nous sommes all\u00e9s plus loin en cr\u00e9ant la figure du<strong> biologiste et des guides scientifiques<\/strong>, une \u00e9quipe compos\u00e9e de biologistes et d&rsquo;experts de diff\u00e9rentes disciplines scientifiques, qui apportent leurs connaissances sp\u00e9cialis\u00e9es pour enrichir l&rsquo;exp\u00e9rience des passagers. Nous les appellerons tous, en r\u00e9sum\u00e9, des <strong>guides-biologistes<\/strong>, charg\u00e9s d&rsquo;informer les passagers et de transmettre notre passion et nos connaissances sur ces esp\u00e8ces. En outre, ils recueillent des donn\u00e9es d&rsquo;observation, prennent des photos et documentent les informations obtenues, apportant ainsi une contribution pr\u00e9cieuse aux recherches sur les c\u00e9tac\u00e9s men\u00e9es par notre d\u00e9partement scientifique.<\/p>\n<p>Une fois le d\u00e9partement d&rsquo;\u00e9ducation scientifique et environnementale cr\u00e9\u00e9 avec les guides biologistes, nous avons \u00e9galement cr\u00e9\u00e9 le d\u00e9partement audiovisuel pour \u00e9quiper tous les bateaux de nos sorties en mer de cam\u00e9ras et d&rsquo;objectifs professionnels, tant pour la vid\u00e9o que pour la photographie.Una vez creado el departamento de educaci\u00f3n cient\u00edfica y medioambiental con los gu\u00edas bi\u00f3logos, creamos tambi\u00e9n el departamento audiovisual para equipar todos los barcos de nuestras salidas al mar con c\u00e1maras y objetivos profesionales, tanto de v\u00eddeo como de fotograf\u00eda. Cela est aussi n\u00e9cessaire pour la photo-identification et le filmage du comportement des c\u00e9tac\u00e9s qu&rsquo;indispensable pour la publication de contenu, car cela nous permet de disposer d&rsquo;une vaste archive de photos de haute qualit\u00e9, utiles \u00e0 la fois pour le marketing et pour les soci\u00e9t\u00e9s de production professionnelles.<br\/>C&rsquo;est d&rsquo;ailleurs ce qui nous lie en tant que partenaires : notre amour commun de la nature, de la mer et notre passion pour le cin\u00e9ma et la photographie.<\/p>","protected":false},"excerpt":{"rendered":"<p>Notre \u00e9quipe et notre histoire Nous conna\u00eetre Los or\u00edgenes de Turmares se remontan a 1996, cuando uno de los socios fundadores empez\u00f3 a salir en busca de cet\u00e1ceos con los primeros pasajeros. Unos a\u00f1os m\u00e1s tarde, en 1999, la compa\u00f1\u00eda se formaliz\u00f3 y se convirti\u00f3 en la primera empresa en ofrecer avistamiento de cet\u00e1ceos en [&hellip;]<\/p>\n","protected":false},"author":2,"featured_media":0,"parent":0,"menu_order":0,"comment_status":"closed","ping_status":"closed","template":"","meta":{"_acf_changed":false,"_joinchat":[],"footnotes":""},"class_list":["post-3412","page","type-page","status-publish","hentry"],"acf":[],"_links":{"self":[{"href":"https:\/\/www.turmares.com\/fr\/wp-json\/wp\/v2\/pages\/3412","targetHints":{"allow":["GET"]}}],"collection":[{"href":"https:\/\/www.turmares.com\/fr\/wp-json\/wp\/v2\/pages"}],"about":[{"href":"https:\/\/www.turmares.com\/fr\/wp-json\/wp\/v2\/types\/page"}],"author":[{"embeddable":true,"href":"https:\/\/www.turmares.com\/fr\/wp-json\/wp\/v2\/users\/2"}],"replies":[{"embeddable":true,"href":"https:\/\/www.turmares.com\/fr\/wp-json\/wp\/v2\/comments?post=3412"}],"version-history":[{"count":2,"href":"https:\/\/www.turmares.com\/fr\/wp-json\/wp\/v2\/pages\/3412\/revisions"}],"predecessor-version":[{"id":4886,"href":"https:\/\/www.turmares.com\/fr\/wp-json\/wp\/v2\/pages\/3412\/revisions\/4886"}],"wp:attachment":[{"href":"https:\/\/www.turmares.com\/fr\/wp-json\/wp\/v2\/media?parent=3412"}],"curies":[{"name":"wp","href":"https:\/\/api.w.org\/{rel}","templated":true}]}}