{"id":4017,"date":"2024-08-16T09:27:43","date_gmt":"2024-08-16T07:27:43","guid":{"rendered":"https:\/\/www.turmares.com\/tarifa\/"},"modified":"2025-02-14T09:45:11","modified_gmt":"2025-02-14T08:45:11","slug":"tarifa","status":"publish","type":"page","link":"https:\/\/www.turmares.com\/fr\/tarifa\/","title":{"rendered":"Tarifa"},"content":{"rendered":"Tarifa es un enclave geogr\u00e1fico \u00fanico en el mundo, con un hermoso paisaje natural costero y terrestre muy bien conservado y de alto valor ecol\u00f3gico.<h2 class=\"wp-block-heading\">R\u00e9serve naturelle de Los Alcornocales<\/h2><strong>El Parque Natural de Los Alcornocales en Tarifa<\/strong> (C\u00e1diz) es un aut\u00e9ntico para\u00edso para los amantes de la naturaleza y la aventura.Belleza esc\u00e9nica y paisajes inigualablesBiodiversidad \u00fanicaRutas de senderismo y aventuraValor cultural e hist\u00f3ricoProtecci\u00f3n y conservaci\u00f3n del medio ambienteEscapada perfecta para desconectarEste extenso parque, que abarca m\u00e1s de 170.000 <strong>hect\u00e1reas,<\/strong> es uno de los<strong> bosques de alcornoques m\u00e1s grandes del mundo<\/strong> y un refugio para una incre\u00edble biodiversidad.Aqu\u00ed le presentamos algunas de las razones por las que debe visitar este impresionante espacio natural.Paisajes espectaculares y vistas panor\u00e1micasRiqueza biol\u00f3gica y observaci\u00f3n de avesActividades al aire libre y aventuraPatrimonio cultural e hist\u00f3ricoConservaci\u00f3n y sostenibilidadEscapada perfecta para la relajaci\u00f3n<h2 class=\"wp-block-heading\">Parc naturel du d\u00e9troit de Gibraltar<\/h2>Ubicado en el punto m\u00e1s meridional de la pen\u00ednsula ib\u00e9rica, el <strong>Parque Natural del Estrecho en Tarifa<\/strong> (C\u00e1diz) es una joya natural que combina una <strong>impresionante biodiversidad con una rica herencia cultural e hist\u00f3rica.<\/strong>Este parque <strong>es un lugar fascinante<\/strong> donde Europa y \u00c1frica casi se tocan y donde el Mediterr\u00e1neo y el Atl\u00e1ntico se encuentran.Aqu\u00ed le presentamos algunas de las razones por las que debe visitar este incre\u00edble parque natural.<p>L&rsquo;extraordinaire diversit\u00e9 des paysages, de la flore et de la faune fait de Tarifa <strong>l&rsquo;une des principales destinations espagnoles pour le tourisme de nature<\/strong>. Cette enclave unique offre des exp\u00e9riences telles que l&rsquo;observation des baleines et des oiseaux, la plong\u00e9e sous-marine, les pistes cyclables, l&rsquo;\u00e9quitation et bien d&rsquo;autres choses encore.<\/p>\n<p><strong>Tarifa est un endroit magique<\/strong>, o\u00f9 pr\u00e9dominent les vents d&rsquo;ouest (Poniente) et d&rsquo;est (Levante).<\/p>\n<p>Ces vents peuvent \u00eatre extr\u00eamement forts, bien qu&rsquo;il soit normal qu&rsquo;ils soufflent continuellement avec une intensit\u00e9 mod\u00e9r\u00e9e.<\/p>\n<p>Cette circonstance particuli\u00e8re a \u00e9t\u00e9 mise \u00e0 profit pour s&rsquo;amuser, g\u00e9n\u00e9rant toute une culture, un mode de vie et une attraction touristique gr\u00e2ce aux <strong>sports nautiques<\/strong> qui requi\u00e8rent la force du vent, tels que la <strong>planche \u00e0 voile<\/strong>, le <strong>kitesurf <\/strong>et le <strong>windfoil<\/strong>.<\/p>En su territorio existen dos importantes figuras de protecci\u00f3n:<h1 class=\"wp-block-heading\">Tarifa et ses environs<\/h1>","protected":false},"excerpt":{"rendered":"<p>Tarifa es un enclave geogr\u00e1fico \u00fanico en el mundo, con un hermoso paisaje natural costero y terrestre muy bien conservado y de alto valor ecol\u00f3gico. R\u00e9serve naturelle de Los Alcornocales El Parque Natural de Los Alcornocales en Tarifa (C\u00e1diz) es un aut\u00e9ntico para\u00edso para los amantes de la naturaleza y la aventura.Belleza esc\u00e9nica y paisajes [&hellip;]<\/p>\n","protected":false},"author":2,"featured_media":0,"parent":0,"menu_order":0,"comment_status":"closed","ping_status":"closed","template":"","meta":{"_acf_changed":false,"_joinchat":[],"footnotes":""},"class_list":["post-4017","page","type-page","status-publish","hentry"],"acf":[],"_links":{"self":[{"href":"https:\/\/www.turmares.com\/fr\/wp-json\/wp\/v2\/pages\/4017","targetHints":{"allow":["GET"]}}],"collection":[{"href":"https:\/\/www.turmares.com\/fr\/wp-json\/wp\/v2\/pages"}],"about":[{"href":"https:\/\/www.turmares.com\/fr\/wp-json\/wp\/v2\/types\/page"}],"author":[{"embeddable":true,"href":"https:\/\/www.turmares.com\/fr\/wp-json\/wp\/v2\/users\/2"}],"replies":[{"embeddable":true,"href":"https:\/\/www.turmares.com\/fr\/wp-json\/wp\/v2\/comments?post=4017"}],"version-history":[{"count":6,"href":"https:\/\/www.turmares.com\/fr\/wp-json\/wp\/v2\/pages\/4017\/revisions"}],"predecessor-version":[{"id":4888,"href":"https:\/\/www.turmares.com\/fr\/wp-json\/wp\/v2\/pages\/4017\/revisions\/4888"}],"wp:attachment":[{"href":"https:\/\/www.turmares.com\/fr\/wp-json\/wp\/v2\/media?parent=4017"}],"curies":[{"name":"wp","href":"https:\/\/api.w.org\/{rel}","templated":true}]}}